{"id":837,"date":"2022-07-28T13:17:20","date_gmt":"2022-07-28T13:17:20","guid":{"rendered":"https:\/\/www.camping-aupigeonnier.fr\/?page_id=837"},"modified":"2025-12-02T10:26:23","modified_gmt":"2025-12-02T09:26:23","slug":"oleron-restaurants","status":"publish","type":"page","link":"https:\/\/www.camping-aupigeonnier.fr\/en\/oleron-restaurants\/","title":{"rendered":"Les restaurants d&rsquo;Ol\u00e9ron"},"content":{"rendered":"<div data-elementor-type=\"wp-page\" data-elementor-id=\"837\" class=\"elementor elementor-837\" data-elementor-post-type=\"page\">\n\t\t\t\t<div class=\"elementor-element elementor-element-629a898 e-flex e-con-boxed e-con e-parent\" data-id=\"629a898\" data-element_type=\"container\">\n\t\t\t\t\t<div class=\"e-con-inner\">\n\t\t\t\t<div class=\"elementor-element elementor-element-2f24ed9 elementor-widget elementor-widget-heading\" data-id=\"2f24ed9\" data-element_type=\"widget\" data-widget_type=\"heading.default\">\n\t\t\t\t<div class=\"elementor-widget-container\">\n\t\t\t<h2 class=\"elementor-heading-title elementor-size-default\">The Restaurants and Flavours of Ol\u00e9ron<\/h2>\t\t<\/div>\n\t\t\t\t<\/div>\n\t\t\t\t\t<\/div>\n\t\t\t\t<\/div>\n\t\t<div class=\"elementor-element elementor-element-73c5c4b e-flex e-con-boxed e-con e-parent\" data-id=\"73c5c4b\" data-element_type=\"container\" data-settings=\"{&quot;shape_divider_bottom&quot;:&quot;waves&quot;}\">\n\t\t\t\t\t<div class=\"e-con-inner\">\n\t\t\t\t<div class=\"elementor-shape elementor-shape-bottom\" data-negative=\"false\">\n\t\t\t<svg xmlns=\"http:\/\/www.w3.org\/2000\/svg\" viewbox=\"0 0 1000 100\" preserveaspectratio=\"none\">\n\t<path class=\"elementor-shape-fill\" d=\"M421.9,6.5c22.6-2.5,51.5,0.4,75.5,5.3c23.6,4.9,70.9,23.5,100.5,35.7c75.8,32.2,133.7,44.5,192.6,49.7\tc23.6,2.1,48.7,3.5,103.4-2.5c54.7-6,106.2-25.6,106.2-25.6V0H0v30.3c0,0,72,32.6,158.4,30.5c39.2-0.7,92.8-6.7,134-22.4\tc21.2-8.1,52.2-18.2,79.7-24.2C399.3,7.9,411.6,7.5,421.9,6.5z\"\/>\n<\/svg>\t\t<\/div>\n\t\t\t\t<div class=\"elementor-element elementor-element-0167e55 elementor-widget elementor-widget-spacer\" data-id=\"0167e55\" data-element_type=\"widget\" data-widget_type=\"spacer.default\">\n\t\t\t\t<div class=\"elementor-widget-container\">\n\t\t\t\t\t<div class=\"elementor-spacer\">\n\t\t\t<div class=\"elementor-spacer-inner\"><\/div>\n\t\t<\/div>\n\t\t\t\t<\/div>\n\t\t\t\t<\/div>\n\t\t\t\t\t<\/div>\n\t\t\t\t<\/div>\n\t\t<div class=\"elementor-element elementor-element-1362733 e-con-full e-flex e-con e-parent\" data-id=\"1362733\" data-element_type=\"container\">\n\t\t\t\t<div class=\"elementor-element elementor-element-6e4d900 elementor-widget elementor-widget-spacer\" data-id=\"6e4d900\" data-element_type=\"widget\" data-widget_type=\"spacer.default\">\n\t\t\t\t<div class=\"elementor-widget-container\">\n\t\t\t\t\t<div class=\"elementor-spacer\">\n\t\t\t<div class=\"elementor-spacer-inner\"><\/div>\n\t\t<\/div>\n\t\t\t\t<\/div>\n\t\t\t\t<\/div>\n\t\t\t\t<\/div>\n\t\t<div class=\"elementor-element elementor-element-fc9487a e-flex e-con-boxed e-con e-parent\" data-id=\"fc9487a\" data-element_type=\"container\" data-settings=\"{&quot;background_background&quot;:&quot;classic&quot;}\">\n\t\t\t\t\t<div class=\"e-con-inner\">\n\t\t<div class=\"elementor-element elementor-element-751c7c8 e-con-full e-flex e-con e-child\" data-id=\"751c7c8\" data-element_type=\"container\">\n\t\t\t\t<div class=\"elementor-element elementor-element-5e7460c elementor-widget elementor-widget-image\" data-id=\"5e7460c\" data-element_type=\"widget\" data-widget_type=\"image.default\">\n\t\t\t\t<div class=\"elementor-widget-container\">\n\t\t\t\t\t\t\t\t\t\t\t\t\t\t<a href=\"https:\/\/www.camping-aupigeonnier.fr\/wp-content\/uploads\/sow-lpg-photo_restaurant_au_gre_du_vin-550x404-web.jpg\" data-elementor-open-lightbox=\"yes\" data-elementor-lightbox-title=\"Restaurant Au gr\u00e9 du Vin\" data-e-action-hash=\"#elementor-action%3Aaction%3Dlightbox%26settings%3DeyJpZCI6MTM5MCwidXJsIjoiaHR0cHM6XC9cL3d3dy5jYW1waW5nLWF1cGlnZW9ubmllci5mclwvd3AtY29udGVudFwvdXBsb2Fkc1wvc293LWxwZy1waG90b19yZXN0YXVyYW50X2F1X2dyZV9kdV92aW4tNTUweDQwNC13ZWIuanBnIn0%3D\">\n\t\t\t\t\t\t\t<img loading=\"lazy\" decoding=\"async\" width=\"550\" height=\"404\" src=\"https:\/\/www.camping-aupigeonnier.fr\/wp-content\/uploads\/sow-lpg-photo_restaurant_au_gre_du_vin-550x404-web.jpg\" class=\"attachment-full size-full wp-image-1390\" alt=\"Les restaurants d&#039;Ol\u00e9ron\" \/>\t\t\t\t\t\t\t\t<\/a>\n\t\t\t\t\t\t\t\t\t\t\t\t\t<\/div>\n\t\t\t\t<\/div>\n\t\t\t\t<\/div>\n\t\t<div class=\"elementor-element elementor-element-8977d20 e-con-full e-flex e-con e-child\" data-id=\"8977d20\" data-element_type=\"container\">\n\t\t\t\t<div class=\"elementor-element elementor-element-705392e elementor-widget elementor-widget-image\" data-id=\"705392e\" data-element_type=\"widget\" data-widget_type=\"image.default\">\n\t\t\t\t<div class=\"elementor-widget-container\">\n\t\t\t\t\t\t\t\t\t\t\t\t\t\t<a href=\"https:\/\/www.camping-aupigeonnier.fr\/wp-content\/uploads\/sow-lpg-photo_restaurant_la_courtine-1024-576-web.jpg\" data-elementor-open-lightbox=\"yes\" data-elementor-lightbox-title=\"Restaurant La Courtine\" data-e-action-hash=\"#elementor-action%3Aaction%3Dlightbox%26settings%3DeyJpZCI6MTM4OCwidXJsIjoiaHR0cHM6XC9cL3d3dy5jYW1waW5nLWF1cGlnZW9ubmllci5mclwvd3AtY29udGVudFwvdXBsb2Fkc1wvc293LWxwZy1waG90b19yZXN0YXVyYW50X2xhX2NvdXJ0aW5lLTEwMjQtNTc2LXdlYi5qcGcifQ%3D%3D\">\n\t\t\t\t\t\t\t<img loading=\"lazy\" decoding=\"async\" width=\"1024\" height=\"576\" src=\"https:\/\/www.camping-aupigeonnier.fr\/wp-content\/uploads\/sow-lpg-photo_restaurant_la_courtine-1024-576-web.jpg\" class=\"attachment-full size-full wp-image-1388\" alt=\"Les restaurants d&#039;Ol\u00e9ron\" \/>\t\t\t\t\t\t\t\t<\/a>\n\t\t\t\t\t\t\t\t\t\t\t\t\t<\/div>\n\t\t\t\t<\/div>\n\t\t\t\t<\/div>\n\t\t\t\t\t<\/div>\n\t\t\t\t<\/div>\n\t\t<div class=\"elementor-element elementor-element-4d59a2f e-con-full e-flex e-con e-parent\" data-id=\"4d59a2f\" data-element_type=\"container\">\n\t\t<div class=\"elementor-element elementor-element-73d41fc e-con-full e-flex e-con e-child\" data-id=\"73d41fc\" data-element_type=\"container\" data-settings=\"{&quot;background_background&quot;:&quot;classic&quot;}\">\n\t\t\t\t<div class=\"elementor-element elementor-element-ac6fd68 elementor-widget__width-initial elementor-widget elementor-widget-text-editor\" data-id=\"ac6fd68\" data-element_type=\"widget\" data-widget_type=\"text-editor.default\">\n\t\t\t\t<div class=\"elementor-widget-container\">\n\t\t\t\t\t\t\t<div class=\"text\"><div class=\"text\"><p class=\"translation-block\">Discover <strong>all the restaurants<\/strong> in Ol\u00e9ron on <a href=\"https:\/\/www.ile-oleron-marennes.com\/preparer-mes-vacances\/ou-manger-ou-boire-un-verre\/restaurants\" target=\"_blank\" rel=\"noopener\">the Maison du Tourisme website<\/a>.<\/p><p class=\"translation-block\">Whether you're on a<strong> romantic date<\/strong>, with <strong>family<\/strong>, or <strong>friends<\/strong>, you can enjoy delicious <strong>local dishes from the land and the sea.<\/strong><\/p><p class=\"translation-block\">While staying at <strong>Au Pigeonnier<\/strong>, make sure to explore the <strong>region's culinary heritage<\/strong> and <strong>savor its flavors<\/strong>. There are plenty of opportunities to try the excellent Ol\u00e9ron products, especially at the island's restaurants.<\/p><\/div><p><strong>Christelle and Fabrice, who are passionate about Ol\u00e9ron's cuisine, will be happy to give you recommendations and share their tips...<\/strong><\/p><div class=\"text\"><p>Don't miss out on our specialties :<\/p><p class=\"translation-block\"><strong>Marennes Ol\u00e9ron oysters <\/strong>: These oysters have a unique taste and a firm, juicy, and crunchy texture thanks to their maturation in claires. They can be enjoyed throughout the year!<\/p><p class=\"translation-block\"><strong>Ol\u00e9ron fish and seafood<\/strong> : From line-caught sea bass, turbot, meagre, sea bream, sole, langoustines, to lobsters, you'll find a wide variety of fresh fish brought in by local fishing boats.<\/p><p class=\"translation-block\"><strong>Smoked mussels with pine needles<\/strong>: These mussels are prepared using a traditional method called \"\u00e9glade\" where they are cooked with pine needles. Enjoy them with a glass of local Charentais wine.<\/p><p class=\"translation-block\"><strong>Charentais wines, Cognacs, and Pineau.<\/strong><\/p><p class=\"translation-block\"><strong>Ol\u00e9ron beers<\/strong> : Whether you prefer blondes, browns, reds, or ambers, you'll find a selection of craft beers with unique flavors like ginger, raspberry, cardamom, and even organic options! These beers are a hit among beer enthusiasts.<\/p><p class=\"translation-block\"><strong>Salt and fleur de sel <\/strong>: The small white crystals that form on the surface of the salt marshes are known as the \"white gold\" of Ol\u00e9ron's salt workers. Fleur de sel is perfect for enhancing the flavors of fish and meat dishes, as well as adding a special touch to buttery caramels and Charentais galettes. You can also find flavored salts to enhance your culinary creations.<\/p><\/div><\/div>\t\t\t\t\t\t<\/div>\n\t\t\t\t<\/div>\n\t\t\t\t<\/div>\n\t\t\t\t<\/div>\n\t\t\t\t<\/div>","protected":false},"excerpt":{"rendered":"<p>Les Restaurants et Saveurs d&rsquo;Ol\u00e9ron D\u00e9couvrir tous les restaurants d&rsquo;Ol\u00e9ron sur le site de la Maison du Tourisme. En t\u00eate \u00e0 t\u00eate, en famille ou entre amis, vous pourrez appr\u00e9cier les produits du terroir et de la mer. Profitez de vos vacances Au Pigeonnier pour d\u00e9couvrir le patrimoine gastronomique et les saveurs du terroir. Les [&hellip;]<\/p>","protected":false},"author":4,"featured_media":0,"parent":0,"menu_order":0,"comment_status":"closed","ping_status":"closed","template":"","meta":{"footnotes":""},"class_list":["post-837","page","type-page","status-publish","hentry"],"yoast_head":"<!-- This site is optimized with the Yoast SEO plugin v26.4 - https:\/\/yoast.com\/wordpress\/plugins\/seo\/ -->\n<title>Les restaurants d&#039;Ol\u00e9ron - Camping Au Pigeonnier - Le Ch\u00e2teau d&#039;Ol\u00e9ron<\/title>\n<meta name=\"description\" content=\"Profitez de vos vacances au Camping Au Pigeonnier pour d\u00e9couvrir le patrimoine gastronomique et les saveurs du terroir de l&#039;\u00cele d&#039;Ol\u00e9ron.\" \/>\n<meta name=\"robots\" content=\"index, follow, max-snippet:-1, max-image-preview:large, max-video-preview:-1\" \/>\n<link rel=\"canonical\" href=\"https:\/\/www.camping-aupigeonnier.fr\/en\/oleron-restaurants\/\" \/>\n<meta property=\"og:locale\" content=\"en_GB\" \/>\n<meta property=\"og:type\" content=\"article\" \/>\n<meta property=\"og:title\" content=\"Les restaurants d&#039;Ol\u00e9ron - Camping Au Pigeonnier - Le Ch\u00e2teau d&#039;Ol\u00e9ron\" \/>\n<meta property=\"og:description\" content=\"Profitez de vos vacances au Camping Au Pigeonnier pour d\u00e9couvrir le patrimoine gastronomique et les saveurs du terroir de l&#039;\u00cele d&#039;Ol\u00e9ron.\" \/>\n<meta property=\"og:url\" content=\"https:\/\/www.camping-aupigeonnier.fr\/en\/oleron-restaurants\/\" \/>\n<meta property=\"og:site_name\" content=\"Camping Au Pigeonnier\" \/>\n<meta property=\"article:modified_time\" content=\"2025-12-02T09:26:23+00:00\" \/>\n<meta property=\"og:image\" content=\"https:\/\/www.camping-aupigeonnier.fr\/wp-content\/uploads\/sow-lpg-photo_restaurant_au_gre_du_vin-550x404-web.jpg\" \/>\n\t<meta property=\"og:image:width\" content=\"550\" \/>\n\t<meta property=\"og:image:height\" content=\"404\" \/>\n\t<meta property=\"og:image:type\" content=\"image\/jpeg\" \/>\n<meta name=\"twitter:card\" content=\"summary_large_image\" \/>\n<meta name=\"twitter:label1\" content=\"Estimated reading time\" \/>\n\t<meta name=\"twitter:data1\" content=\"2 minutes\" \/>\n<script type=\"application\/ld+json\" class=\"yoast-schema-graph\">{\"@context\":\"https:\/\/schema.org\",\"@graph\":[{\"@type\":\"WebPage\",\"@id\":\"https:\/\/www.camping-aupigeonnier.fr\/les-restaurants-oleron\/\",\"url\":\"https:\/\/www.camping-aupigeonnier.fr\/les-restaurants-oleron\/\",\"name\":\"Les restaurants d'Ol\u00e9ron - Camping Au Pigeonnier - Le Ch\u00e2teau d'Ol\u00e9ron\",\"isPartOf\":{\"@id\":\"https:\/\/www.camping-aupigeonnier.fr\/#website\"},\"primaryImageOfPage\":{\"@id\":\"https:\/\/www.camping-aupigeonnier.fr\/les-restaurants-oleron\/#primaryimage\"},\"image\":{\"@id\":\"https:\/\/www.camping-aupigeonnier.fr\/les-restaurants-oleron\/#primaryimage\"},\"thumbnailUrl\":\"https:\/\/www.camping-aupigeonnier.fr\/wp-content\/uploads\/sow-lpg-photo_restaurant_au_gre_du_vin-550x404-web.jpg\",\"datePublished\":\"2022-07-28T13:17:20+00:00\",\"dateModified\":\"2025-12-02T09:26:23+00:00\",\"description\":\"Profitez de vos vacances au Camping Au Pigeonnier pour d\u00e9couvrir le patrimoine gastronomique et les saveurs du terroir de l'\u00cele d'Ol\u00e9ron.\",\"breadcrumb\":{\"@id\":\"https:\/\/www.camping-aupigeonnier.fr\/les-restaurants-oleron\/#breadcrumb\"},\"inLanguage\":\"en-GB\",\"potentialAction\":[{\"@type\":\"ReadAction\",\"target\":[\"https:\/\/www.camping-aupigeonnier.fr\/les-restaurants-oleron\/\"]}]},{\"@type\":\"ImageObject\",\"inLanguage\":\"en-GB\",\"@id\":\"https:\/\/www.camping-aupigeonnier.fr\/les-restaurants-oleron\/#primaryimage\",\"url\":\"https:\/\/www.camping-aupigeonnier.fr\/wp-content\/uploads\/sow-lpg-photo_restaurant_au_gre_du_vin-550x404-web.jpg\",\"contentUrl\":\"https:\/\/www.camping-aupigeonnier.fr\/wp-content\/uploads\/sow-lpg-photo_restaurant_au_gre_du_vin-550x404-web.jpg\"},{\"@type\":\"BreadcrumbList\",\"@id\":\"https:\/\/www.camping-aupigeonnier.fr\/les-restaurants-oleron\/#breadcrumb\",\"itemListElement\":[{\"@type\":\"ListItem\",\"position\":1,\"name\":\"Home\",\"item\":\"https:\/\/www.camping-aupigeonnier.fr\/\"},{\"@type\":\"ListItem\",\"position\":2,\"name\":\"Les restaurants d&rsquo;Ol\u00e9ron\"}]},{\"@type\":\"WebSite\",\"@id\":\"https:\/\/www.camping-aupigeonnier.fr\/#website\",\"url\":\"https:\/\/www.camping-aupigeonnier.fr\/\",\"name\":\"Camping Au Pigeonnier\",\"description\":\"Camping Au Pigeonnier\",\"publisher\":{\"@id\":\"https:\/\/www.camping-aupigeonnier.fr\/#organization\"},\"potentialAction\":[{\"@type\":\"SearchAction\",\"target\":{\"@type\":\"EntryPoint\",\"urlTemplate\":\"https:\/\/www.camping-aupigeonnier.fr\/?s={search_term_string}\"},\"query-input\":{\"@type\":\"PropertyValueSpecification\",\"valueRequired\":true,\"valueName\":\"search_term_string\"}}],\"inLanguage\":\"en-GB\"},{\"@type\":\"Organization\",\"@id\":\"https:\/\/www.camping-aupigeonnier.fr\/#organization\",\"name\":\"Camping Au Pigeonnier\",\"url\":\"https:\/\/www.camping-aupigeonnier.fr\/\",\"logo\":{\"@type\":\"ImageObject\",\"inLanguage\":\"en-GB\",\"@id\":\"https:\/\/www.camping-aupigeonnier.fr\/#\/schema\/logo\/image\/\",\"url\":\"https:\/\/www.camping-aupigeonnier.fr\/wp-content\/uploads\/cap-cap-logo_icone-512x512-1.png\",\"contentUrl\":\"https:\/\/www.camping-aupigeonnier.fr\/wp-content\/uploads\/cap-cap-logo_icone-512x512-1.png\",\"width\":512,\"height\":512,\"caption\":\"Camping Au Pigeonnier\"},\"image\":{\"@id\":\"https:\/\/www.camping-aupigeonnier.fr\/#\/schema\/logo\/image\/\"}}]}<\/script>\n<!-- \/ Yoast SEO plugin. -->","yoast_head_json":{"title":"Les restaurants d'Ol\u00e9ron - Camping Au Pigeonnier - Le Ch\u00e2teau d'Ol\u00e9ron","description":"Profitez de vos vacances au Camping Au Pigeonnier pour d\u00e9couvrir le patrimoine gastronomique et les saveurs du terroir de l'\u00cele d'Ol\u00e9ron.","robots":{"index":"index","follow":"follow","max-snippet":"max-snippet:-1","max-image-preview":"max-image-preview:large","max-video-preview":"max-video-preview:-1"},"canonical":"https:\/\/www.camping-aupigeonnier.fr\/en\/oleron-restaurants\/","og_locale":"en_GB","og_type":"article","og_title":"Les restaurants d'Ol\u00e9ron - Camping Au Pigeonnier - Le Ch\u00e2teau d'Ol\u00e9ron","og_description":"Profitez de vos vacances au Camping Au Pigeonnier pour d\u00e9couvrir le patrimoine gastronomique et les saveurs du terroir de l'\u00cele d'Ol\u00e9ron.","og_url":"https:\/\/www.camping-aupigeonnier.fr\/en\/oleron-restaurants\/","og_site_name":"Camping Au Pigeonnier","article_modified_time":"2025-12-02T09:26:23+00:00","og_image":[{"width":550,"height":404,"url":"https:\/\/www.camping-aupigeonnier.fr\/wp-content\/uploads\/sow-lpg-photo_restaurant_au_gre_du_vin-550x404-web.jpg","type":"image\/jpeg"}],"twitter_card":"summary_large_image","twitter_misc":{"Estimated reading time":"2 minutes"},"schema":{"@context":"https:\/\/schema.org","@graph":[{"@type":"WebPage","@id":"https:\/\/www.camping-aupigeonnier.fr\/les-restaurants-oleron\/","url":"https:\/\/www.camping-aupigeonnier.fr\/les-restaurants-oleron\/","name":"Les restaurants d'Ol\u00e9ron - Camping Au Pigeonnier - Le Ch\u00e2teau d'Ol\u00e9ron","isPartOf":{"@id":"https:\/\/www.camping-aupigeonnier.fr\/#website"},"primaryImageOfPage":{"@id":"https:\/\/www.camping-aupigeonnier.fr\/les-restaurants-oleron\/#primaryimage"},"image":{"@id":"https:\/\/www.camping-aupigeonnier.fr\/les-restaurants-oleron\/#primaryimage"},"thumbnailUrl":"https:\/\/www.camping-aupigeonnier.fr\/wp-content\/uploads\/sow-lpg-photo_restaurant_au_gre_du_vin-550x404-web.jpg","datePublished":"2022-07-28T13:17:20+00:00","dateModified":"2025-12-02T09:26:23+00:00","description":"Profitez de vos vacances au Camping Au Pigeonnier pour d\u00e9couvrir le patrimoine gastronomique et les saveurs du terroir de l'\u00cele d'Ol\u00e9ron.","breadcrumb":{"@id":"https:\/\/www.camping-aupigeonnier.fr\/les-restaurants-oleron\/#breadcrumb"},"inLanguage":"en-GB","potentialAction":[{"@type":"ReadAction","target":["https:\/\/www.camping-aupigeonnier.fr\/les-restaurants-oleron\/"]}]},{"@type":"ImageObject","inLanguage":"en-GB","@id":"https:\/\/www.camping-aupigeonnier.fr\/les-restaurants-oleron\/#primaryimage","url":"https:\/\/www.camping-aupigeonnier.fr\/wp-content\/uploads\/sow-lpg-photo_restaurant_au_gre_du_vin-550x404-web.jpg","contentUrl":"https:\/\/www.camping-aupigeonnier.fr\/wp-content\/uploads\/sow-lpg-photo_restaurant_au_gre_du_vin-550x404-web.jpg"},{"@type":"BreadcrumbList","@id":"https:\/\/www.camping-aupigeonnier.fr\/les-restaurants-oleron\/#breadcrumb","itemListElement":[{"@type":"ListItem","position":1,"name":"Home","item":"https:\/\/www.camping-aupigeonnier.fr\/"},{"@type":"ListItem","position":2,"name":"Les restaurants d&rsquo;Ol\u00e9ron"}]},{"@type":"WebSite","@id":"https:\/\/www.camping-aupigeonnier.fr\/#website","url":"https:\/\/www.camping-aupigeonnier.fr\/","name":"Camping Au Pigeonnier","description":"Camping Au Pigeonnier","publisher":{"@id":"https:\/\/www.camping-aupigeonnier.fr\/#organization"},"potentialAction":[{"@type":"SearchAction","target":{"@type":"EntryPoint","urlTemplate":"https:\/\/www.camping-aupigeonnier.fr\/?s={search_term_string}"},"query-input":{"@type":"PropertyValueSpecification","valueRequired":true,"valueName":"search_term_string"}}],"inLanguage":"en-GB"},{"@type":"Organization","@id":"https:\/\/www.camping-aupigeonnier.fr\/#organization","name":"Camping Au Pigeonnier","url":"https:\/\/www.camping-aupigeonnier.fr\/","logo":{"@type":"ImageObject","inLanguage":"en-GB","@id":"https:\/\/www.camping-aupigeonnier.fr\/#\/schema\/logo\/image\/","url":"https:\/\/www.camping-aupigeonnier.fr\/wp-content\/uploads\/cap-cap-logo_icone-512x512-1.png","contentUrl":"https:\/\/www.camping-aupigeonnier.fr\/wp-content\/uploads\/cap-cap-logo_icone-512x512-1.png","width":512,"height":512,"caption":"Camping Au Pigeonnier"},"image":{"@id":"https:\/\/www.camping-aupigeonnier.fr\/#\/schema\/logo\/image\/"}}]}},"_links":{"self":[{"href":"https:\/\/www.camping-aupigeonnier.fr\/en\/wp-json\/wp\/v2\/pages\/837","targetHints":{"allow":["GET"]}}],"collection":[{"href":"https:\/\/www.camping-aupigeonnier.fr\/en\/wp-json\/wp\/v2\/pages"}],"about":[{"href":"https:\/\/www.camping-aupigeonnier.fr\/en\/wp-json\/wp\/v2\/types\/page"}],"author":[{"embeddable":true,"href":"https:\/\/www.camping-aupigeonnier.fr\/en\/wp-json\/wp\/v2\/users\/4"}],"replies":[{"embeddable":true,"href":"https:\/\/www.camping-aupigeonnier.fr\/en\/wp-json\/wp\/v2\/comments?post=837"}],"version-history":[{"count":5,"href":"https:\/\/www.camping-aupigeonnier.fr\/en\/wp-json\/wp\/v2\/pages\/837\/revisions"}],"predecessor-version":[{"id":11132,"href":"https:\/\/www.camping-aupigeonnier.fr\/en\/wp-json\/wp\/v2\/pages\/837\/revisions\/11132"}],"wp:attachment":[{"href":"https:\/\/www.camping-aupigeonnier.fr\/en\/wp-json\/wp\/v2\/media?parent=837"}],"curies":[{"name":"wp","href":"https:\/\/api.w.org\/{rel}","templated":true}]}}