{"id":825,"date":"2022-07-28T13:13:37","date_gmt":"2022-07-28T13:13:37","guid":{"rendered":"https:\/\/www.camping-aupigeonnier.fr\/?page_id=825"},"modified":"2025-12-02T10:10:42","modified_gmt":"2025-12-02T09:10:42","slug":"oleron-island","status":"publish","type":"page","link":"https:\/\/www.camping-aupigeonnier.fr\/en\/oleron-island\/","title":{"rendered":"\u00cele d&rsquo;Ol\u00e9ron"},"content":{"rendered":"<div data-elementor-type=\"wp-page\" data-elementor-id=\"825\" class=\"elementor elementor-825\" data-elementor-post-type=\"page\">\n\t\t\t\t<div class=\"elementor-element elementor-element-c3bcccf e-flex e-con-boxed e-con e-parent\" data-id=\"c3bcccf\" data-element_type=\"container\">\n\t\t\t\t\t<div class=\"e-con-inner\">\n\t\t\t\t<div class=\"elementor-element elementor-element-1e3d18e elementor-widget elementor-widget-heading\" data-id=\"1e3d18e\" data-element_type=\"widget\" data-widget_type=\"heading.default\">\n\t\t\t\t<div class=\"elementor-widget-container\">\n\t\t\t<h1 class=\"elementor-heading-title elementor-size-default\">Ol\u00e9ron Island<\/h1>\t\t<\/div>\n\t\t\t\t<\/div>\n\t\t\t\t<div class=\"elementor-element elementor-element-662b85f elementor-widget elementor-widget-spacer\" data-id=\"662b85f\" data-element_type=\"widget\" data-widget_type=\"spacer.default\">\n\t\t\t\t<div class=\"elementor-widget-container\">\n\t\t\t\t\t<div class=\"elementor-spacer\">\n\t\t\t<div class=\"elementor-spacer-inner\"><\/div>\n\t\t<\/div>\n\t\t\t\t<\/div>\n\t\t\t\t<\/div>\n\t\t\t\t\t<\/div>\n\t\t\t\t<\/div>\n\t\t<div class=\"elementor-element elementor-element-6e253ae e-flex e-con-boxed e-con e-parent\" data-id=\"6e253ae\" data-element_type=\"container\">\n\t\t\t\t\t<div class=\"e-con-inner\">\n\t\t<div class=\"elementor-element elementor-element-f2d8f11 e-con-full e-flex e-con e-child\" data-id=\"f2d8f11\" data-element_type=\"container\">\n\t\t\t\t<div class=\"elementor-element elementor-element-dd49b88 elementor-align-center elementor-widget elementor-widget-button\" data-id=\"dd49b88\" data-element_type=\"widget\" data-widget_type=\"button.default\">\n\t\t\t\t<div class=\"elementor-widget-container\">\n\t\t\t\t\t<div class=\"elementor-button-wrapper\">\n\t\t\t<a class=\"elementor-button elementor-button-link elementor-size-sm\" href=\"https:\/\/www.camping-aupigeonnier.fr\/wp-content\/uploads\/chemins-equestres-Oleron-Marennes.pdf\" target=\"_blank\">\n\t\t\t\t\t\t<span class=\"elementor-button-content-wrapper\">\n\t\t\t\t\t\t<span class=\"elementor-button-icon\">\n\t\t\t\t<i aria-hidden=\"true\" class=\"fas fa-arrow-right\"><\/i>\t\t\t<\/span>\n\t\t\t\t\t\t\t\t\t<span class=\"elementor-button-text\">Map of equestrian routes<\/span>\n\t\t\t\t\t<\/span>\n\t\t\t\t\t<\/a>\n\t\t<\/div>\n\t\t\t\t<\/div>\n\t\t\t\t<\/div>\n\t\t\t\t<\/div>\n\t\t<div class=\"elementor-element elementor-element-8ec0782 e-con-full e-flex e-con e-child\" data-id=\"8ec0782\" data-element_type=\"container\">\n\t\t\t\t<div class=\"elementor-element elementor-element-4c6309e elementor-align-center elementor-widget elementor-widget-button\" data-id=\"4c6309e\" data-element_type=\"widget\" data-widget_type=\"button.default\">\n\t\t\t\t<div class=\"elementor-widget-container\">\n\t\t\t\t\t<div class=\"elementor-button-wrapper\">\n\t\t\t<a class=\"elementor-button elementor-button-link elementor-size-sm\" href=\"https:\/\/www.camping-aupigeonnier.fr\/en\/bike-rental\/\" target=\"_blank\">\n\t\t\t\t\t\t<span class=\"elementor-button-content-wrapper\">\n\t\t\t\t\t\t<span class=\"elementor-button-icon\">\n\t\t\t\t<i aria-hidden=\"true\" class=\"fas fa-arrow-right\"><\/i>\t\t\t<\/span>\n\t\t\t\t\t\t\t\t\t<span class=\"elementor-button-text\">Map of cycle routes<\/span>\n\t\t\t\t\t<\/span>\n\t\t\t\t\t<\/a>\n\t\t<\/div>\n\t\t\t\t<\/div>\n\t\t\t\t<\/div>\n\t\t\t\t<\/div>\n\t\t\t\t\t<\/div>\n\t\t\t\t<\/div>\n\t\t<div class=\"elementor-element elementor-element-8646732 e-flex e-con-boxed e-con e-parent\" data-id=\"8646732\" data-element_type=\"container\" data-settings=\"{&quot;shape_divider_bottom&quot;:&quot;waves&quot;}\">\n\t\t\t\t\t<div class=\"e-con-inner\">\n\t\t\t\t<div class=\"elementor-shape elementor-shape-bottom\" data-negative=\"false\">\n\t\t\t<svg xmlns=\"http:\/\/www.w3.org\/2000\/svg\" viewbox=\"0 0 1000 100\" preserveaspectratio=\"none\">\n\t<path class=\"elementor-shape-fill\" d=\"M421.9,6.5c22.6-2.5,51.5,0.4,75.5,5.3c23.6,4.9,70.9,23.5,100.5,35.7c75.8,32.2,133.7,44.5,192.6,49.7\tc23.6,2.1,48.7,3.5,103.4-2.5c54.7-6,106.2-25.6,106.2-25.6V0H0v30.3c0,0,72,32.6,158.4,30.5c39.2-0.7,92.8-6.7,134-22.4\tc21.2-8.1,52.2-18.2,79.7-24.2C399.3,7.9,411.6,7.5,421.9,6.5z\"\/>\n<\/svg>\t\t<\/div>\n\t\t\t\t<div class=\"elementor-element elementor-element-c69ed90 elementor-widget elementor-widget-spacer\" data-id=\"c69ed90\" data-element_type=\"widget\" data-widget_type=\"spacer.default\">\n\t\t\t\t<div class=\"elementor-widget-container\">\n\t\t\t\t\t<div class=\"elementor-spacer\">\n\t\t\t<div class=\"elementor-spacer-inner\"><\/div>\n\t\t<\/div>\n\t\t\t\t<\/div>\n\t\t\t\t<\/div>\n\t\t\t\t\t<\/div>\n\t\t\t\t<\/div>\n\t\t<div class=\"elementor-element elementor-element-14855c6 e-con-full e-flex e-con e-parent\" data-id=\"14855c6\" data-element_type=\"container\">\n\t\t\t\t<div class=\"elementor-element elementor-element-6a54dc0 elementor-widget elementor-widget-spacer\" data-id=\"6a54dc0\" data-element_type=\"widget\" data-widget_type=\"spacer.default\">\n\t\t\t\t<div class=\"elementor-widget-container\">\n\t\t\t\t\t<div class=\"elementor-spacer\">\n\t\t\t<div class=\"elementor-spacer-inner\"><\/div>\n\t\t<\/div>\n\t\t\t\t<\/div>\n\t\t\t\t<\/div>\n\t\t\t\t<\/div>\n\t\t<div class=\"elementor-element elementor-element-e5bd0df e-con-full e-flex e-con e-parent\" data-id=\"e5bd0df\" data-element_type=\"container\">\n\t\t\t\t<div class=\"elementor-element elementor-element-2e061a7 elementor-cta--skin-cover elementor-widget__width-initial elementor-animated-content elementor-bg-transform elementor-bg-transform-zoom-in elementor-widget elementor-widget-call-to-action\" data-id=\"2e061a7\" data-element_type=\"widget\" data-widget_type=\"call-to-action.default\">\n\t\t\t\t<div class=\"elementor-widget-container\">\n\t\t\t\t\t<div class=\"elementor-cta\">\n\t\t\t\t\t<div class=\"elementor-cta__bg-wrapper\">\n\t\t\t\t<div class=\"elementor-cta__bg elementor-bg\" style=\"background-image: url(https:\/\/www.camping-aupigeonnier.fr\/wp-content\/uploads\/sow-lpg-oleron_vue_ciel-1200x675-web.jpg);\" role=\"img\" aria-label=\"Oleron Island\"><\/div>\n\t\t\t\t<div class=\"elementor-cta__bg-overlay\"><\/div>\n\t\t\t<\/div>\n\t\t\t\t\t\t\t<div class=\"elementor-cta__content\">\n\t\t\t\t\n\t\t\t\t\t\t\t\t\t<h2 class=\"elementor-cta__title elementor-cta__content-item elementor-content-item elementor-animated-item--grow\">\n\t\t\t\t\t\tDiscovering  Island\t\t\t\t\t<\/h2>\n\t\t\t\t\n\t\t\t\t\n\t\t\t\t\t\t\t\t\t<div class=\"elementor-cta__button-wrapper elementor-cta__content-item elementor-content-item elementor-animated-item--grow\">\n\t\t\t\t\t<a class=\"elementor-cta__button elementor-button elementor-size-sm\" href=\"https:\/\/www.camping-aupigeonnier.fr\/en\/discover-oleron-island\/\">\n\t\t\t\t\t\tClick here\t\t\t\t\t<\/a>\n\t\t\t\t\t<\/div>\n\t\t\t\t\t\t\t<\/div>\n\t\t\t\t\t\t<\/div>\n\t\t\t\t<\/div>\n\t\t\t\t<\/div>\n\t\t\t\t<div class=\"elementor-element elementor-element-507f940 elementor-cta--skin-cover elementor-widget__width-initial elementor-animated-content elementor-bg-transform elementor-bg-transform-zoom-in elementor-widget elementor-widget-call-to-action\" data-id=\"507f940\" data-element_type=\"widget\" data-widget_type=\"call-to-action.default\">\n\t\t\t\t<div class=\"elementor-widget-container\">\n\t\t\t\t\t<div class=\"elementor-cta\">\n\t\t\t\t\t<div class=\"elementor-cta__bg-wrapper\">\n\t\t\t\t<div class=\"elementor-cta__bg elementor-bg\" style=\"background-image: url(https:\/\/www.camping-aupigeonnier.fr\/wp-content\/uploads\/cap-cap-sortie_velo-1080x953web2.jpg);\" role=\"img\" aria-label=\"cap-cap-sortie_v\u00e9lo-1080x953web2\"><\/div>\n\t\t\t\t<div class=\"elementor-cta__bg-overlay\"><\/div>\n\t\t\t<\/div>\n\t\t\t\t\t\t\t<div class=\"elementor-cta__content\">\n\t\t\t\t\n\t\t\t\t\t\t\t\t\t<h2 class=\"elementor-cta__title elementor-cta__content-item elementor-content-item elementor-animated-item--grow\">\n\t\t\t\t\t\tOl\u00e9ron Activities\t\t\t\t\t<\/h2>\n\t\t\t\t\n\t\t\t\t\n\t\t\t\t\t\t\t\t\t<div class=\"elementor-cta__button-wrapper elementor-cta__content-item elementor-content-item elementor-animated-item--grow\">\n\t\t\t\t\t<a class=\"elementor-cta__button elementor-button elementor-size-sm\" href=\"https:\/\/www.camping-aupigeonnier.fr\/en\/activities-on-oleron\/\">\n\t\t\t\t\t\tClick here\t\t\t\t\t<\/a>\n\t\t\t\t\t<\/div>\n\t\t\t\t\t\t\t<\/div>\n\t\t\t\t\t\t<\/div>\n\t\t\t\t<\/div>\n\t\t\t\t<\/div>\n\t\t\t\t<div class=\"elementor-element elementor-element-684418c elementor-cta--skin-cover elementor-widget__width-initial elementor-animated-content elementor-bg-transform elementor-bg-transform-zoom-in elementor-widget elementor-widget-call-to-action\" data-id=\"684418c\" data-element_type=\"widget\" data-widget_type=\"call-to-action.default\">\n\t\t\t\t<div class=\"elementor-widget-container\">\n\t\t\t\t\t<div class=\"elementor-cta\">\n\t\t\t\t\t<div class=\"elementor-cta__bg-wrapper\">\n\t\t\t\t<div class=\"elementor-cta__bg elementor-bg\" style=\"background-image: url(https:\/\/www.camping-aupigeonnier.fr\/wp-content\/uploads\/grande-plage-giraudiere-grand-village-plage-ile-oleron-coucher-soleil-jeune-dune-sable.jpg);\" role=\"img\" aria-label=\"Plages \u00cele d&#039;Ol\u00e9ron\"><\/div>\n\t\t\t\t<div class=\"elementor-cta__bg-overlay\"><\/div>\n\t\t\t<\/div>\n\t\t\t\t\t\t\t<div class=\"elementor-cta__content\">\n\t\t\t\t\n\t\t\t\t\t\t\t\t\t<h2 class=\"elementor-cta__title elementor-cta__content-item elementor-content-item elementor-animated-item--grow\">\n\t\t\t\t\t\tThe most beautiful beaches\t\t\t\t\t<\/h2>\n\t\t\t\t\n\t\t\t\t\n\t\t\t\t\t\t\t\t\t<div class=\"elementor-cta__button-wrapper elementor-cta__content-item elementor-content-item elementor-animated-item--grow\">\n\t\t\t\t\t<a class=\"elementor-cta__button elementor-button elementor-size-sm\" href=\"https:\/\/www.camping-aupigeonnier.fr\/en\/the-most-beautiful-beaches\/\">\n\t\t\t\t\t\tClick here\t\t\t\t\t<\/a>\n\t\t\t\t\t<\/div>\n\t\t\t\t\t\t\t<\/div>\n\t\t\t\t\t\t<\/div>\n\t\t\t\t<\/div>\n\t\t\t\t<\/div>\n\t\t\t\t<\/div>\n\t\t<div class=\"elementor-element elementor-element-00ecd27 e-flex e-con-boxed e-con e-parent\" data-id=\"00ecd27\" data-element_type=\"container\">\n\t\t\t\t\t<div class=\"e-con-inner\">\n\t\t\t\t<div class=\"elementor-element elementor-element-4c0a7dd elementor-widget elementor-widget-spacer\" data-id=\"4c0a7dd\" data-element_type=\"widget\" data-widget_type=\"spacer.default\">\n\t\t\t\t<div class=\"elementor-widget-container\">\n\t\t\t\t\t<div class=\"elementor-spacer\">\n\t\t\t<div class=\"elementor-spacer-inner\"><\/div>\n\t\t<\/div>\n\t\t\t\t<\/div>\n\t\t\t\t<\/div>\n\t\t\t\t\t<\/div>\n\t\t\t\t<\/div>\n\t\t<div class=\"elementor-element elementor-element-8d93a3f e-con-full e-flex e-con e-parent\" data-id=\"8d93a3f\" data-element_type=\"container\">\n\t\t\t\t<div class=\"elementor-element elementor-element-6a95327 elementor-cta--skin-cover elementor-widget__width-initial elementor-animated-content elementor-bg-transform elementor-bg-transform-zoom-in elementor-widget elementor-widget-call-to-action\" data-id=\"6a95327\" data-element_type=\"widget\" data-widget_type=\"call-to-action.default\">\n\t\t\t\t<div class=\"elementor-widget-container\">\n\t\t\t\t\t<div class=\"elementor-cta\">\n\t\t\t\t\t<div class=\"elementor-cta__bg-wrapper\">\n\t\t\t\t<div class=\"elementor-cta__bg elementor-bg\" style=\"background-image: url(https:\/\/www.camping-aupigeonnier.fr\/wp-content\/uploads\/sow-lpg-photo_kayak_rouge-881x1000-web.jpg);\" role=\"img\" aria-label=\"Compressed by jpeg-recompress\"><\/div>\n\t\t\t\t<div class=\"elementor-cta__bg-overlay\"><\/div>\n\t\t\t<\/div>\n\t\t\t\t\t\t\t<div class=\"elementor-cta__content\">\n\t\t\t\t\n\t\t\t\t\t\t\t\t\t<h2 class=\"elementor-cta__title elementor-cta__content-item elementor-content-item elementor-animated-item--grow\">\n\t\t\t\t\t\tSports and Watersports\t\t\t\t\t<\/h2>\n\t\t\t\t\n\t\t\t\t\n\t\t\t\t\t\t\t\t\t<div class=\"elementor-cta__button-wrapper elementor-cta__content-item elementor-content-item elementor-animated-item--grow\">\n\t\t\t\t\t<a class=\"elementor-cta__button elementor-button elementor-size-sm\" href=\"https:\/\/www.camping-aupigeonnier.fr\/en\/sports-and-boardsports\/\">\n\t\t\t\t\t\tClick here\t\t\t\t\t<\/a>\n\t\t\t\t\t<\/div>\n\t\t\t\t\t\t\t<\/div>\n\t\t\t\t\t\t<\/div>\n\t\t\t\t<\/div>\n\t\t\t\t<\/div>\n\t\t\t\t<div class=\"elementor-element elementor-element-dbadf87 elementor-cta--skin-cover elementor-widget__width-initial elementor-animated-content elementor-bg-transform elementor-bg-transform-zoom-in elementor-widget elementor-widget-call-to-action\" data-id=\"dbadf87\" data-element_type=\"widget\" data-widget_type=\"call-to-action.default\">\n\t\t\t\t<div class=\"elementor-widget-container\">\n\t\t\t\t\t<div class=\"elementor-cta\">\n\t\t\t\t\t<div class=\"elementor-cta__bg-wrapper\">\n\t\t\t\t<div class=\"elementor-cta__bg elementor-bg\" style=\"background-image: url(https:\/\/www.camping-aupigeonnier.fr\/wp-content\/uploads\/sow-lpg-photo_restaurant-300x220-web.jpg);\" role=\"img\" aria-label=\"sow-lpg-photo_restaurant--300x220-web\"><\/div>\n\t\t\t\t<div class=\"elementor-cta__bg-overlay\"><\/div>\n\t\t\t<\/div>\n\t\t\t\t\t\t\t<div class=\"elementor-cta__content\">\n\t\t\t\t\n\t\t\t\t\t\t\t\t\t<h2 class=\"elementor-cta__title elementor-cta__content-item elementor-content-item elementor-animated-item--grow\">\n\t\t\t\t\t\tOl\u00e9ron Restaurants\t\t\t\t\t<\/h2>\n\t\t\t\t\n\t\t\t\t\n\t\t\t\t\t\t\t\t\t<div class=\"elementor-cta__button-wrapper elementor-cta__content-item elementor-content-item elementor-animated-item--grow\">\n\t\t\t\t\t<a class=\"elementor-cta__button elementor-button elementor-size-sm\" href=\"https:\/\/www.camping-aupigeonnier.fr\/en\/oleron-restaurants\/\">\n\t\t\t\t\t\tClick here\t\t\t\t\t<\/a>\n\t\t\t\t\t<\/div>\n\t\t\t\t\t\t\t<\/div>\n\t\t\t\t\t\t<\/div>\n\t\t\t\t<\/div>\n\t\t\t\t<\/div>\n\t\t\t\t<\/div>\n\t\t\t\t<\/div>","protected":false},"excerpt":{"rendered":"<p>\u00cele d&rsquo;Ol\u00e9ron Carte des chemins equestres Carte des pistes cyclables D\u00e9couvrir l&rsquo;\u00eele Cliquer ici Activit\u00e9s Ol\u00e9ron Cliquer ici Les plus belles plages Cliquer ici Sports de glisse Cliquer ici Restaurants Ol\u00e9ron Cliquer ici<\/p>","protected":false},"author":4,"featured_media":0,"parent":0,"menu_order":0,"comment_status":"closed","ping_status":"closed","template":"","meta":{"footnotes":""},"class_list":["post-825","page","type-page","status-publish","hentry"],"yoast_head":"<!-- This site is optimized with the Yoast SEO plugin v26.4 - https:\/\/yoast.com\/wordpress\/plugins\/seo\/ -->\n<title>\u00cele d&#039;Ol\u00e9ron - Camping Au Pigeonnier - Activit\u00e9s incontournables<\/title>\n<meta name=\"description\" content=\"Ile d\u2019Ol\u00e9ron : s\u00e9journez au Camping Au Pigeonnier au Ch\u00e2teau-d\u2019Ol\u00e9ron et d\u00e9couvrez plages, marais salants, Fort Boyard et citadelle...\" \/>\n<meta name=\"robots\" content=\"index, follow, max-snippet:-1, max-image-preview:large, max-video-preview:-1\" \/>\n<link rel=\"canonical\" href=\"https:\/\/www.camping-aupigeonnier.fr\/en\/oleron-island\/\" \/>\n<meta property=\"og:locale\" content=\"en_GB\" \/>\n<meta property=\"og:type\" content=\"article\" \/>\n<meta property=\"og:title\" content=\"\u00cele d&#039;Ol\u00e9ron - Camping Au Pigeonnier - Activit\u00e9s incontournables\" \/>\n<meta property=\"og:description\" content=\"Ile d\u2019Ol\u00e9ron : s\u00e9journez au Camping Au Pigeonnier au Ch\u00e2teau-d\u2019Ol\u00e9ron et d\u00e9couvrez plages, marais salants, Fort Boyard et citadelle...\" \/>\n<meta property=\"og:url\" content=\"https:\/\/www.camping-aupigeonnier.fr\/en\/oleron-island\/\" \/>\n<meta property=\"og:site_name\" content=\"Camping Au Pigeonnier\" \/>\n<meta property=\"article:modified_time\" content=\"2025-12-02T09:10:42+00:00\" \/>\n<meta name=\"twitter:card\" content=\"summary_large_image\" \/>\n<meta name=\"twitter:label1\" content=\"Estimated reading time\" \/>\n\t<meta name=\"twitter:data1\" content=\"1 minute\" \/>\n<script type=\"application\/ld+json\" class=\"yoast-schema-graph\">{\"@context\":\"https:\/\/schema.org\",\"@graph\":[{\"@type\":\"WebPage\",\"@id\":\"https:\/\/www.camping-aupigeonnier.fr\/ile-doleron\/\",\"url\":\"https:\/\/www.camping-aupigeonnier.fr\/ile-doleron\/\",\"name\":\"\u00cele d'Ol\u00e9ron - Camping Au Pigeonnier - Activit\u00e9s incontournables\",\"isPartOf\":{\"@id\":\"https:\/\/www.camping-aupigeonnier.fr\/#website\"},\"datePublished\":\"2022-07-28T13:13:37+00:00\",\"dateModified\":\"2025-12-02T09:10:42+00:00\",\"description\":\"Ile d\u2019Ol\u00e9ron : s\u00e9journez au Camping Au Pigeonnier au Ch\u00e2teau-d\u2019Ol\u00e9ron et d\u00e9couvrez plages, marais salants, Fort Boyard et citadelle...\",\"breadcrumb\":{\"@id\":\"https:\/\/www.camping-aupigeonnier.fr\/ile-doleron\/#breadcrumb\"},\"inLanguage\":\"en-GB\",\"potentialAction\":[{\"@type\":\"ReadAction\",\"target\":[\"https:\/\/www.camping-aupigeonnier.fr\/ile-doleron\/\"]}]},{\"@type\":\"BreadcrumbList\",\"@id\":\"https:\/\/www.camping-aupigeonnier.fr\/ile-doleron\/#breadcrumb\",\"itemListElement\":[{\"@type\":\"ListItem\",\"position\":1,\"name\":\"Home\",\"item\":\"https:\/\/www.camping-aupigeonnier.fr\/\"},{\"@type\":\"ListItem\",\"position\":2,\"name\":\"\u00cele d&rsquo;Ol\u00e9ron\"}]},{\"@type\":\"WebSite\",\"@id\":\"https:\/\/www.camping-aupigeonnier.fr\/#website\",\"url\":\"https:\/\/www.camping-aupigeonnier.fr\/\",\"name\":\"Camping Au Pigeonnier\",\"description\":\"Camping Au Pigeonnier\",\"publisher\":{\"@id\":\"https:\/\/www.camping-aupigeonnier.fr\/#organization\"},\"potentialAction\":[{\"@type\":\"SearchAction\",\"target\":{\"@type\":\"EntryPoint\",\"urlTemplate\":\"https:\/\/www.camping-aupigeonnier.fr\/?s={search_term_string}\"},\"query-input\":{\"@type\":\"PropertyValueSpecification\",\"valueRequired\":true,\"valueName\":\"search_term_string\"}}],\"inLanguage\":\"en-GB\"},{\"@type\":\"Organization\",\"@id\":\"https:\/\/www.camping-aupigeonnier.fr\/#organization\",\"name\":\"Camping Au Pigeonnier\",\"url\":\"https:\/\/www.camping-aupigeonnier.fr\/\",\"logo\":{\"@type\":\"ImageObject\",\"inLanguage\":\"en-GB\",\"@id\":\"https:\/\/www.camping-aupigeonnier.fr\/#\/schema\/logo\/image\/\",\"url\":\"https:\/\/www.camping-aupigeonnier.fr\/wp-content\/uploads\/cap-cap-logo_icone-512x512-1.png\",\"contentUrl\":\"https:\/\/www.camping-aupigeonnier.fr\/wp-content\/uploads\/cap-cap-logo_icone-512x512-1.png\",\"width\":512,\"height\":512,\"caption\":\"Camping Au Pigeonnier\"},\"image\":{\"@id\":\"https:\/\/www.camping-aupigeonnier.fr\/#\/schema\/logo\/image\/\"}}]}<\/script>\n<!-- \/ Yoast SEO plugin. -->","yoast_head_json":{"title":"\u00cele d'Ol\u00e9ron - Camping Au Pigeonnier - Activit\u00e9s incontournables","description":"Ile d\u2019Ol\u00e9ron : s\u00e9journez au Camping Au Pigeonnier au Ch\u00e2teau-d\u2019Ol\u00e9ron et d\u00e9couvrez plages, marais salants, Fort Boyard et citadelle...","robots":{"index":"index","follow":"follow","max-snippet":"max-snippet:-1","max-image-preview":"max-image-preview:large","max-video-preview":"max-video-preview:-1"},"canonical":"https:\/\/www.camping-aupigeonnier.fr\/en\/oleron-island\/","og_locale":"en_GB","og_type":"article","og_title":"\u00cele d'Ol\u00e9ron - Camping Au Pigeonnier - Activit\u00e9s incontournables","og_description":"Ile d\u2019Ol\u00e9ron : s\u00e9journez au Camping Au Pigeonnier au Ch\u00e2teau-d\u2019Ol\u00e9ron et d\u00e9couvrez plages, marais salants, Fort Boyard et citadelle...","og_url":"https:\/\/www.camping-aupigeonnier.fr\/en\/oleron-island\/","og_site_name":"Camping Au Pigeonnier","article_modified_time":"2025-12-02T09:10:42+00:00","twitter_card":"summary_large_image","twitter_misc":{"Estimated reading time":"1 minute"},"schema":{"@context":"https:\/\/schema.org","@graph":[{"@type":"WebPage","@id":"https:\/\/www.camping-aupigeonnier.fr\/ile-doleron\/","url":"https:\/\/www.camping-aupigeonnier.fr\/ile-doleron\/","name":"\u00cele d'Ol\u00e9ron - Camping Au Pigeonnier - Activit\u00e9s incontournables","isPartOf":{"@id":"https:\/\/www.camping-aupigeonnier.fr\/#website"},"datePublished":"2022-07-28T13:13:37+00:00","dateModified":"2025-12-02T09:10:42+00:00","description":"Ile d\u2019Ol\u00e9ron : s\u00e9journez au Camping Au Pigeonnier au Ch\u00e2teau-d\u2019Ol\u00e9ron et d\u00e9couvrez plages, marais salants, Fort Boyard et citadelle...","breadcrumb":{"@id":"https:\/\/www.camping-aupigeonnier.fr\/ile-doleron\/#breadcrumb"},"inLanguage":"en-GB","potentialAction":[{"@type":"ReadAction","target":["https:\/\/www.camping-aupigeonnier.fr\/ile-doleron\/"]}]},{"@type":"BreadcrumbList","@id":"https:\/\/www.camping-aupigeonnier.fr\/ile-doleron\/#breadcrumb","itemListElement":[{"@type":"ListItem","position":1,"name":"Home","item":"https:\/\/www.camping-aupigeonnier.fr\/"},{"@type":"ListItem","position":2,"name":"\u00cele d&rsquo;Ol\u00e9ron"}]},{"@type":"WebSite","@id":"https:\/\/www.camping-aupigeonnier.fr\/#website","url":"https:\/\/www.camping-aupigeonnier.fr\/","name":"Camping Au Pigeonnier","description":"Camping Au Pigeonnier","publisher":{"@id":"https:\/\/www.camping-aupigeonnier.fr\/#organization"},"potentialAction":[{"@type":"SearchAction","target":{"@type":"EntryPoint","urlTemplate":"https:\/\/www.camping-aupigeonnier.fr\/?s={search_term_string}"},"query-input":{"@type":"PropertyValueSpecification","valueRequired":true,"valueName":"search_term_string"}}],"inLanguage":"en-GB"},{"@type":"Organization","@id":"https:\/\/www.camping-aupigeonnier.fr\/#organization","name":"Camping Au Pigeonnier","url":"https:\/\/www.camping-aupigeonnier.fr\/","logo":{"@type":"ImageObject","inLanguage":"en-GB","@id":"https:\/\/www.camping-aupigeonnier.fr\/#\/schema\/logo\/image\/","url":"https:\/\/www.camping-aupigeonnier.fr\/wp-content\/uploads\/cap-cap-logo_icone-512x512-1.png","contentUrl":"https:\/\/www.camping-aupigeonnier.fr\/wp-content\/uploads\/cap-cap-logo_icone-512x512-1.png","width":512,"height":512,"caption":"Camping Au Pigeonnier"},"image":{"@id":"https:\/\/www.camping-aupigeonnier.fr\/#\/schema\/logo\/image\/"}}]}},"_links":{"self":[{"href":"https:\/\/www.camping-aupigeonnier.fr\/en\/wp-json\/wp\/v2\/pages\/825","targetHints":{"allow":["GET"]}}],"collection":[{"href":"https:\/\/www.camping-aupigeonnier.fr\/en\/wp-json\/wp\/v2\/pages"}],"about":[{"href":"https:\/\/www.camping-aupigeonnier.fr\/en\/wp-json\/wp\/v2\/types\/page"}],"author":[{"embeddable":true,"href":"https:\/\/www.camping-aupigeonnier.fr\/en\/wp-json\/wp\/v2\/users\/4"}],"replies":[{"embeddable":true,"href":"https:\/\/www.camping-aupigeonnier.fr\/en\/wp-json\/wp\/v2\/comments?post=825"}],"version-history":[{"count":5,"href":"https:\/\/www.camping-aupigeonnier.fr\/en\/wp-json\/wp\/v2\/pages\/825\/revisions"}],"predecessor-version":[{"id":11129,"href":"https:\/\/www.camping-aupigeonnier.fr\/en\/wp-json\/wp\/v2\/pages\/825\/revisions\/11129"}],"wp:attachment":[{"href":"https:\/\/www.camping-aupigeonnier.fr\/en\/wp-json\/wp\/v2\/media?parent=825"}],"curies":[{"name":"wp","href":"https:\/\/api.w.org\/{rel}","templated":true}]}}