{"id":5463,"date":"2023-02-24T16:14:52","date_gmt":"2023-02-24T16:14:52","guid":{"rendered":"https:\/\/www.camping-aupigeonnier.fr\/?page_id=5463"},"modified":"2023-06-13T08:34:10","modified_gmt":"2023-06-13T08:34:10","slug":"videos","status":"publish","type":"page","link":"https:\/\/www.camping-aupigeonnier.fr\/en\/videos\/","title":{"rendered":"Video"},"content":{"rendered":"<div data-elementor-type=\"wp-page\" data-elementor-id=\"5463\" class=\"elementor elementor-5463\" data-elementor-post-type=\"page\">\n\t\t\t\t<div class=\"elementor-element elementor-element-fe0d380 e-flex e-con-boxed e-con e-parent\" data-id=\"fe0d380\" data-element_type=\"container\">\n\t\t\t\t\t<div class=\"e-con-inner\">\n\t\t\t\t<div class=\"elementor-element elementor-element-8a151b3 elementor-widget elementor-widget-heading\" data-id=\"8a151b3\" data-element_type=\"widget\" data-widget_type=\"heading.default\">\n\t\t\t\t<div class=\"elementor-widget-container\">\n\t\t\t<h2 class=\"elementor-heading-title elementor-size-default\">Le Pigeonnier Campground Videos &amp; Virtual Tours <\/h2>\t\t<\/div>\n\t\t\t\t<\/div>\n\t\t\t\t\t<\/div>\n\t\t\t\t<\/div>\n\t\t<div class=\"elementor-element elementor-element-a5196f9 e-flex e-con-boxed e-con e-parent\" data-id=\"a5196f9\" data-element_type=\"container\" data-settings=\"{&quot;shape_divider_bottom&quot;:&quot;waves&quot;}\">\n\t\t\t\t\t<div class=\"e-con-inner\">\n\t\t\t\t<div class=\"elementor-shape elementor-shape-bottom\" data-negative=\"false\">\n\t\t\t<svg xmlns=\"http:\/\/www.w3.org\/2000\/svg\" viewbox=\"0 0 1000 100\" preserveaspectratio=\"none\">\n\t<path class=\"elementor-shape-fill\" d=\"M421.9,6.5c22.6-2.5,51.5,0.4,75.5,5.3c23.6,4.9,70.9,23.5,100.5,35.7c75.8,32.2,133.7,44.5,192.6,49.7\tc23.6,2.1,48.7,3.5,103.4-2.5c54.7-6,106.2-25.6,106.2-25.6V0H0v30.3c0,0,72,32.6,158.4,30.5c39.2-0.7,92.8-6.7,134-22.4\tc21.2-8.1,52.2-18.2,79.7-24.2C399.3,7.9,411.6,7.5,421.9,6.5z\"\/>\n<\/svg>\t\t<\/div>\n\t\t\t\t<div class=\"elementor-element elementor-element-4aed9bc elementor-widget elementor-widget-spacer\" data-id=\"4aed9bc\" data-element_type=\"widget\" data-widget_type=\"spacer.default\">\n\t\t\t\t<div class=\"elementor-widget-container\">\n\t\t\t\t\t<div class=\"elementor-spacer\">\n\t\t\t<div class=\"elementor-spacer-inner\"><\/div>\n\t\t<\/div>\n\t\t\t\t<\/div>\n\t\t\t\t<\/div>\n\t\t\t\t\t<\/div>\n\t\t\t\t<\/div>\n\t\t<div class=\"elementor-element elementor-element-8f8d76c e-con-full e-flex e-con e-parent\" data-id=\"8f8d76c\" data-element_type=\"container\">\n\t\t\t\t<div class=\"elementor-element elementor-element-c123f6d elementor-widget elementor-widget-spacer\" data-id=\"c123f6d\" data-element_type=\"widget\" data-widget_type=\"spacer.default\">\n\t\t\t\t<div class=\"elementor-widget-container\">\n\t\t\t\t\t<div class=\"elementor-spacer\">\n\t\t\t<div class=\"elementor-spacer-inner\"><\/div>\n\t\t<\/div>\n\t\t\t\t<\/div>\n\t\t\t\t<\/div>\n\t\t\t\t<\/div>\n\t\t<div class=\"elementor-element elementor-element-1099904 e-flex e-con-boxed e-con e-parent\" data-id=\"1099904\" data-element_type=\"container\">\n\t\t\t\t\t<div class=\"e-con-inner\">\n\t\t\t\t<div class=\"elementor-element elementor-element-07c2713 elementor-widget elementor-widget-heading\" data-id=\"07c2713\" data-element_type=\"widget\" data-widget_type=\"heading.default\">\n\t\t\t\t<div class=\"elementor-widget-container\">\n\t\t\t<h2 class=\"elementor-heading-title elementor-size-default\">Family Vacations in Ol\u00e9ron<\/h2>\t\t<\/div>\n\t\t\t\t<\/div>\n\t\t\t\t<div class=\"elementor-element elementor-element-763d0b6 elementor-widget elementor-widget-video\" data-id=\"763d0b6\" data-element_type=\"widget\" data-settings=\"{&quot;youtube_url&quot;:&quot;https:\\\/\\\/www.youtube.com\\\/watch?v=q0NPPFm5Huk&quot;,&quot;start&quot;:1,&quot;autoplay&quot;:&quot;yes&quot;,&quot;mute&quot;:&quot;yes&quot;,&quot;loop&quot;:&quot;yes&quot;,&quot;modestbranding&quot;:&quot;yes&quot;,&quot;yt_privacy&quot;:&quot;yes&quot;,&quot;video_type&quot;:&quot;youtube&quot;,&quot;controls&quot;:&quot;yes&quot;}\" data-widget_type=\"video.default\">\n\t\t\t\t<div class=\"elementor-widget-container\">\n\t\t\t\t\t<div class=\"elementor-wrapper elementor-open-inline\">\n\t\t\t<div class=\"elementor-video\"><\/div>\t\t<\/div>\n\t\t\t\t<\/div>\n\t\t\t\t<\/div>\n\t\t<div class=\"elementor-element elementor-element-de3ce11 e-flex e-con-boxed e-con e-parent\" data-id=\"de3ce11\" data-element_type=\"container\">\n\t\t\t\t\t<div class=\"e-con-inner\">\n\t\t\t\t<div class=\"elementor-element elementor-element-bffe6dc elementor-widget elementor-widget-heading\" data-id=\"bffe6dc\" data-element_type=\"widget\" data-widget_type=\"heading.default\">\n\t\t\t\t<div class=\"elementor-widget-container\">\n\t\t\t<h2 class=\"elementor-heading-title elementor-size-default\">360\u00b0 Tour of the Covered and Heated Pool<\/h2>\t\t<\/div>\n\t\t\t\t<\/div>\n\t\t\t\t<div class=\"elementor-element elementor-element-586b140 elementor-widget elementor-widget-html\" data-id=\"586b140\" data-element_type=\"widget\" data-widget_type=\"html.default\">\n\t\t\t\t<div class=\"elementor-widget-container\">\n\t\t\t<div class=\"embed-container\">\n<iframe loading=\"lazy\" class=\"embed-responsive-item\" src=\"https:\/\/www.google.com\/maps\/embed?pb=!4v1544024969850!6m8!1m7!1sCAoSLEFGMVFpcE5PZDZDcm5La3g0cWs3TGxoUnBUakxPdUJIbndEQW9UQ3dRMzQx!2m2!1d45.8877988571273!2d-1.214132137980982!3f250.6!4f0.7000000000000028!5f0.7820865974627469\" width=\"1140\" height=\"642\" frameborder=\"0\" style=\"border:0\" allowfullscreen><\/iframe>\n<\/div>\t\t<\/div>\n\t\t\t\t<\/div>\n\t\t\t\t<div class=\"elementor-element elementor-element-2cbc023 elementor-widget elementor-widget-spacer\" data-id=\"2cbc023\" data-element_type=\"widget\" data-widget_type=\"spacer.default\">\n\t\t\t\t<div class=\"elementor-widget-container\">\n\t\t\t\t\t<div class=\"elementor-spacer\">\n\t\t\t<div class=\"elementor-spacer-inner\"><\/div>\n\t\t<\/div>\n\t\t\t\t<\/div>\n\t\t\t\t<\/div>\n\t\t<div class=\"elementor-element elementor-element-c2f65d1 e-flex e-con-boxed e-con e-parent\" data-id=\"c2f65d1\" data-element_type=\"container\">\n\t\t\t\t\t<div class=\"e-con-inner\">\n\t\t\t\t<div class=\"elementor-element elementor-element-2a1ef00 elementor-widget elementor-widget-heading\" data-id=\"2a1ef00\" data-element_type=\"widget\" data-widget_type=\"heading.default\">\n\t\t\t\t<div class=\"elementor-widget-container\">\n\t\t\t<h2 class=\"elementor-heading-title elementor-size-default\">360\u00b0 Virtual Tour of the Campground Mobile Homes<\/h2>\t\t<\/div>\n\t\t\t\t<\/div>\n\t\t\t\t<div class=\"elementor-element elementor-element-e7920f3 elementor-widget elementor-widget-html\" data-id=\"e7920f3\" data-element_type=\"widget\" data-widget_type=\"html.default\">\n\t\t\t\t<div class=\"elementor-widget-container\">\n\t\t\t<div class=\"embed-container\">\n<iframe loading=\"lazy\" class=\"embed-responsive-item\" src=\"https:\/\/www.google.com\/maps\/embed?pb=!4v1544025040798!6m8!1m7!1sCAoSLEFGMVFpcE9YZXVjSkl1dHBIRk9MbE5DbTEyUDg2U0hKTjlOZkRnRmFzZkFr!2m2!1d45.88690315319662!2d-1.214591139492995!3f39.11!4f-0.4300000000000068!5f0.7820865974627469\" width=\"1140\" height=\"642\" frameborder=\"0\" style=\"border:0\" allowfullscreen><\/iframe>\n<\/div>\t\t<\/div>\n\t\t\t\t<\/div>\n\t\t\t\t<div class=\"elementor-element elementor-element-7f588a5 elementor-widget elementor-widget-spacer\" data-id=\"7f588a5\" data-element_type=\"widget\" data-widget_type=\"spacer.default\">\n\t\t\t\t<div class=\"elementor-widget-container\">\n\t\t\t\t\t<div class=\"elementor-spacer\">\n\t\t\t<div class=\"elementor-spacer-inner\"><\/div>\n\t\t<\/div>\n\t\t\t\t<\/div>\n\t\t\t\t<\/div>\n\t\t<div class=\"elementor-element elementor-element-ba86ca4 e-flex e-con-boxed e-con e-parent\" data-id=\"ba86ca4\" data-element_type=\"container\">\n\t\t\t\t\t<div class=\"e-con-inner\">\n\t\t\t\t<div class=\"elementor-element elementor-element-1e54958 elementor-widget elementor-widget-heading\" data-id=\"1e54958\" data-element_type=\"widget\" data-widget_type=\"heading.default\">\n\t\t\t\t<div class=\"elementor-widget-container\">\n\t\t\t<h2 class=\"elementor-heading-title elementor-size-default\">360\u00b0 Tour of the Sanitary Facilities<\/h2>\t\t<\/div>\n\t\t\t\t<\/div>\n\t\t\t\t<div class=\"elementor-element elementor-element-7eac354 elementor-widget elementor-widget-html\" data-id=\"7eac354\" data-element_type=\"widget\" data-widget_type=\"html.default\">\n\t\t\t\t<div class=\"elementor-widget-container\">\n\t\t\t<div class=\"embed-container\">\n<iframe loading=\"lazy\" class=\"embed-responsive-item\" src=\"https:\/\/www.google.com\/maps\/embed?pb=!4v1544025000334!6m8!1m7!1sCAoSLEFGMVFpcE9ydnlGcGNLVkRqLTdKSU1FYWV6VmhNLVpNR2tUVGJxcTdXcENf!2m2!1d45.88686160694326!2d-1.214148628564999!3f197.55!4f1.8299999999999983!5f0.7820865974627469\" width=\"1140\" height=\"642\" frameborder=\"0\" style=\"border:0\" allowfullscreen><\/iframe>\n<\/div>\t\t<\/div>\n\t\t\t\t<\/div>\n\t\t\t\t\t<\/div>\n\t\t\t\t<\/div>\n\t\t\t\t\t<\/div>\n\t\t\t\t<\/div>\n\t\t\t\t\t<\/div>\n\t\t\t\t<\/div>\n\t\t\t\t\t<\/div>\n\t\t\t\t<\/div>\n\t\t\t\t<\/div>","protected":false},"excerpt":{"rendered":"<p>Camping Au Pigeonnier Vid\u00e9os &amp; Visites Virtuelles Vacances en Famille \u00e0 Ol\u00e9ron Visite 360\u00b0 de la Piscine Couverte et Chauff\u00e9e Visite 360\u00b0 des H\u00e9bergements du Camping Visite 360\u00b0 des Sanitaires<\/p>","protected":false},"author":4,"featured_media":0,"parent":0,"menu_order":0,"comment_status":"closed","ping_status":"closed","template":"","meta":{"footnotes":""},"class_list":["post-5463","page","type-page","status-publish","hentry"],"yoast_head":"<!-- This site is optimized with the Yoast SEO plugin v26.4 - https:\/\/yoast.com\/wordpress\/plugins\/seo\/ -->\n<title>Camping au Pigeonnier Vid\u00e9os - Vacances sur l&#039;\u00eele d&#039;Ol\u00e9ron<\/title>\n<meta name=\"description\" content=\"Camping au Pigeonnier vid\u00e9os. Imaginez-vous profiter pleinement de vos vacances sur l&#039;\u00eele d&#039;Ol\u00e9ron en famille ou entre amis.\" \/>\n<meta name=\"robots\" content=\"index, follow, max-snippet:-1, max-image-preview:large, max-video-preview:-1\" \/>\n<link rel=\"canonical\" href=\"https:\/\/www.camping-aupigeonnier.fr\/en\/videos\/\" \/>\n<meta property=\"og:locale\" content=\"en_GB\" \/>\n<meta property=\"og:type\" content=\"article\" \/>\n<meta property=\"og:title\" content=\"Camping au Pigeonnier Vid\u00e9os - Vacances sur l&#039;\u00eele d&#039;Ol\u00e9ron\" \/>\n<meta property=\"og:description\" content=\"Camping au Pigeonnier vid\u00e9os. Imaginez-vous profiter pleinement de vos vacances sur l&#039;\u00eele d&#039;Ol\u00e9ron en famille ou entre amis.\" \/>\n<meta property=\"og:url\" content=\"https:\/\/www.camping-aupigeonnier.fr\/en\/videos\/\" \/>\n<meta property=\"og:site_name\" content=\"Camping Au Pigeonnier\" \/>\n<meta property=\"article:modified_time\" content=\"2023-06-13T08:34:10+00:00\" \/>\n<meta name=\"twitter:card\" content=\"summary_large_image\" \/>\n<meta name=\"twitter:label1\" content=\"Estimated reading time\" \/>\n\t<meta name=\"twitter:data1\" content=\"1 minute\" \/>\n<script type=\"application\/ld+json\" class=\"yoast-schema-graph\">{\"@context\":\"https:\/\/schema.org\",\"@graph\":[{\"@type\":\"WebPage\",\"@id\":\"https:\/\/www.camping-aupigeonnier.fr\/videos\/\",\"url\":\"https:\/\/www.camping-aupigeonnier.fr\/videos\/\",\"name\":\"Camping au Pigeonnier Vid\u00e9os - Vacances sur l'\u00eele d'Ol\u00e9ron\",\"isPartOf\":{\"@id\":\"https:\/\/www.camping-aupigeonnier.fr\/#website\"},\"datePublished\":\"2023-02-24T16:14:52+00:00\",\"dateModified\":\"2023-06-13T08:34:10+00:00\",\"description\":\"Camping au Pigeonnier vid\u00e9os. Imaginez-vous profiter pleinement de vos vacances sur l'\u00eele d'Ol\u00e9ron en famille ou entre amis.\",\"breadcrumb\":{\"@id\":\"https:\/\/www.camping-aupigeonnier.fr\/videos\/#breadcrumb\"},\"inLanguage\":\"en-GB\",\"potentialAction\":[{\"@type\":\"ReadAction\",\"target\":[\"https:\/\/www.camping-aupigeonnier.fr\/videos\/\"]}]},{\"@type\":\"BreadcrumbList\",\"@id\":\"https:\/\/www.camping-aupigeonnier.fr\/videos\/#breadcrumb\",\"itemListElement\":[{\"@type\":\"ListItem\",\"position\":1,\"name\":\"Home\",\"item\":\"https:\/\/www.camping-aupigeonnier.fr\/\"},{\"@type\":\"ListItem\",\"position\":2,\"name\":\"Vid\u00e9os\"}]},{\"@type\":\"WebSite\",\"@id\":\"https:\/\/www.camping-aupigeonnier.fr\/#website\",\"url\":\"https:\/\/www.camping-aupigeonnier.fr\/\",\"name\":\"Camping Au Pigeonnier\",\"description\":\"Camping Au Pigeonnier\",\"publisher\":{\"@id\":\"https:\/\/www.camping-aupigeonnier.fr\/#organization\"},\"potentialAction\":[{\"@type\":\"SearchAction\",\"target\":{\"@type\":\"EntryPoint\",\"urlTemplate\":\"https:\/\/www.camping-aupigeonnier.fr\/?s={search_term_string}\"},\"query-input\":{\"@type\":\"PropertyValueSpecification\",\"valueRequired\":true,\"valueName\":\"search_term_string\"}}],\"inLanguage\":\"en-GB\"},{\"@type\":\"Organization\",\"@id\":\"https:\/\/www.camping-aupigeonnier.fr\/#organization\",\"name\":\"Camping Au Pigeonnier\",\"url\":\"https:\/\/www.camping-aupigeonnier.fr\/\",\"logo\":{\"@type\":\"ImageObject\",\"inLanguage\":\"en-GB\",\"@id\":\"https:\/\/www.camping-aupigeonnier.fr\/#\/schema\/logo\/image\/\",\"url\":\"https:\/\/www.camping-aupigeonnier.fr\/wp-content\/uploads\/cap-cap-logo_icone-512x512-1.png\",\"contentUrl\":\"https:\/\/www.camping-aupigeonnier.fr\/wp-content\/uploads\/cap-cap-logo_icone-512x512-1.png\",\"width\":512,\"height\":512,\"caption\":\"Camping Au Pigeonnier\"},\"image\":{\"@id\":\"https:\/\/www.camping-aupigeonnier.fr\/#\/schema\/logo\/image\/\"}}]}<\/script>\n<!-- \/ Yoast SEO plugin. -->","yoast_head_json":{"title":"Camping au Pigeonnier Vid\u00e9os - Vacances sur l'\u00eele d'Ol\u00e9ron","description":"Camping au Pigeonnier vid\u00e9os. Imaginez-vous profiter pleinement de vos vacances sur l'\u00eele d'Ol\u00e9ron en famille ou entre amis.","robots":{"index":"index","follow":"follow","max-snippet":"max-snippet:-1","max-image-preview":"max-image-preview:large","max-video-preview":"max-video-preview:-1"},"canonical":"https:\/\/www.camping-aupigeonnier.fr\/en\/videos\/","og_locale":"en_GB","og_type":"article","og_title":"Camping au Pigeonnier Vid\u00e9os - Vacances sur l'\u00eele d'Ol\u00e9ron","og_description":"Camping au Pigeonnier vid\u00e9os. Imaginez-vous profiter pleinement de vos vacances sur l'\u00eele d'Ol\u00e9ron en famille ou entre amis.","og_url":"https:\/\/www.camping-aupigeonnier.fr\/en\/videos\/","og_site_name":"Camping Au Pigeonnier","article_modified_time":"2023-06-13T08:34:10+00:00","twitter_card":"summary_large_image","twitter_misc":{"Estimated reading time":"1 minute"},"schema":{"@context":"https:\/\/schema.org","@graph":[{"@type":"WebPage","@id":"https:\/\/www.camping-aupigeonnier.fr\/videos\/","url":"https:\/\/www.camping-aupigeonnier.fr\/videos\/","name":"Camping au Pigeonnier Vid\u00e9os - Vacances sur l'\u00eele d'Ol\u00e9ron","isPartOf":{"@id":"https:\/\/www.camping-aupigeonnier.fr\/#website"},"datePublished":"2023-02-24T16:14:52+00:00","dateModified":"2023-06-13T08:34:10+00:00","description":"Camping au Pigeonnier vid\u00e9os. Imaginez-vous profiter pleinement de vos vacances sur l'\u00eele d'Ol\u00e9ron en famille ou entre amis.","breadcrumb":{"@id":"https:\/\/www.camping-aupigeonnier.fr\/videos\/#breadcrumb"},"inLanguage":"en-GB","potentialAction":[{"@type":"ReadAction","target":["https:\/\/www.camping-aupigeonnier.fr\/videos\/"]}]},{"@type":"BreadcrumbList","@id":"https:\/\/www.camping-aupigeonnier.fr\/videos\/#breadcrumb","itemListElement":[{"@type":"ListItem","position":1,"name":"Home","item":"https:\/\/www.camping-aupigeonnier.fr\/"},{"@type":"ListItem","position":2,"name":"Vid\u00e9os"}]},{"@type":"WebSite","@id":"https:\/\/www.camping-aupigeonnier.fr\/#website","url":"https:\/\/www.camping-aupigeonnier.fr\/","name":"Camping Au Pigeonnier","description":"Camping Au Pigeonnier","publisher":{"@id":"https:\/\/www.camping-aupigeonnier.fr\/#organization"},"potentialAction":[{"@type":"SearchAction","target":{"@type":"EntryPoint","urlTemplate":"https:\/\/www.camping-aupigeonnier.fr\/?s={search_term_string}"},"query-input":{"@type":"PropertyValueSpecification","valueRequired":true,"valueName":"search_term_string"}}],"inLanguage":"en-GB"},{"@type":"Organization","@id":"https:\/\/www.camping-aupigeonnier.fr\/#organization","name":"Camping Au Pigeonnier","url":"https:\/\/www.camping-aupigeonnier.fr\/","logo":{"@type":"ImageObject","inLanguage":"en-GB","@id":"https:\/\/www.camping-aupigeonnier.fr\/#\/schema\/logo\/image\/","url":"https:\/\/www.camping-aupigeonnier.fr\/wp-content\/uploads\/cap-cap-logo_icone-512x512-1.png","contentUrl":"https:\/\/www.camping-aupigeonnier.fr\/wp-content\/uploads\/cap-cap-logo_icone-512x512-1.png","width":512,"height":512,"caption":"Camping Au Pigeonnier"},"image":{"@id":"https:\/\/www.camping-aupigeonnier.fr\/#\/schema\/logo\/image\/"}}]}},"_links":{"self":[{"href":"https:\/\/www.camping-aupigeonnier.fr\/en\/wp-json\/wp\/v2\/pages\/5463","targetHints":{"allow":["GET"]}}],"collection":[{"href":"https:\/\/www.camping-aupigeonnier.fr\/en\/wp-json\/wp\/v2\/pages"}],"about":[{"href":"https:\/\/www.camping-aupigeonnier.fr\/en\/wp-json\/wp\/v2\/types\/page"}],"author":[{"embeddable":true,"href":"https:\/\/www.camping-aupigeonnier.fr\/en\/wp-json\/wp\/v2\/users\/4"}],"replies":[{"embeddable":true,"href":"https:\/\/www.camping-aupigeonnier.fr\/en\/wp-json\/wp\/v2\/comments?post=5463"}],"version-history":[{"count":5,"href":"https:\/\/www.camping-aupigeonnier.fr\/en\/wp-json\/wp\/v2\/pages\/5463\/revisions"}],"predecessor-version":[{"id":6540,"href":"https:\/\/www.camping-aupigeonnier.fr\/en\/wp-json\/wp\/v2\/pages\/5463\/revisions\/6540"}],"wp:attachment":[{"href":"https:\/\/www.camping-aupigeonnier.fr\/en\/wp-json\/wp\/v2\/media?parent=5463"}],"curies":[{"name":"wp","href":"https:\/\/api.w.org\/{rel}","templated":true}]}}