{"id":542,"date":"2022-07-28T09:10:08","date_gmt":"2022-07-28T09:10:08","guid":{"rendered":"https:\/\/www.camping-aupigeonnier.fr\/?page_id=542"},"modified":"2025-12-02T15:23:52","modified_gmt":"2025-12-02T14:23:52","slug":"beach-shuttle","status":"publish","type":"page","link":"https:\/\/www.camping-aupigeonnier.fr\/en\/beach-shuttle\/","title":{"rendered":"Oleron beach shuttles"},"content":{"rendered":"<div data-elementor-type=\"wp-page\" data-elementor-id=\"542\" class=\"elementor elementor-542\" data-elementor-post-type=\"page\">\n\t\t\t\t<div class=\"elementor-element elementor-element-d01f0e4 e-con-full e-flex e-con e-parent\" data-id=\"d01f0e4\" data-element_type=\"container\">\n\t\t\t\t<div class=\"elementor-element elementor-element-d5cbe6c elementor-widget elementor-widget-heading\" data-id=\"d5cbe6c\" data-element_type=\"widget\" data-widget_type=\"heading.default\">\n\t\t\t\t<div class=\"elementor-widget-container\">\n\t\t\t<h1 class=\"elementor-heading-title elementor-size-default\">Beach Shuttle Service<\/h1>\t\t<\/div>\n\t\t\t\t<\/div>\n\t\t\t\t<div class=\"elementor-element elementor-element-61cab09 elementor-widget elementor-widget-spacer\" data-id=\"61cab09\" data-element_type=\"widget\" data-widget_type=\"spacer.default\">\n\t\t\t\t<div class=\"elementor-widget-container\">\n\t\t\t\t\t<div class=\"elementor-spacer\">\n\t\t\t<div class=\"elementor-spacer-inner\"><\/div>\n\t\t<\/div>\n\t\t\t\t<\/div>\n\t\t\t\t<\/div>\n\t\t\t\t<\/div>\n\t\t<div class=\"elementor-element elementor-element-b2ba8ec e-flex e-con-boxed e-con e-parent\" data-id=\"b2ba8ec\" data-element_type=\"container\" data-settings=\"{&quot;shape_divider_bottom&quot;:&quot;waves&quot;}\">\n\t\t\t\t\t<div class=\"e-con-inner\">\n\t\t\t\t<div class=\"elementor-shape elementor-shape-bottom\" data-negative=\"false\">\n\t\t\t<svg xmlns=\"http:\/\/www.w3.org\/2000\/svg\" viewbox=\"0 0 1000 100\" preserveaspectratio=\"none\">\n\t<path class=\"elementor-shape-fill\" d=\"M421.9,6.5c22.6-2.5,51.5,0.4,75.5,5.3c23.6,4.9,70.9,23.5,100.5,35.7c75.8,32.2,133.7,44.5,192.6,49.7\tc23.6,2.1,48.7,3.5,103.4-2.5c54.7-6,106.2-25.6,106.2-25.6V0H0v30.3c0,0,72,32.6,158.4,30.5c39.2-0.7,92.8-6.7,134-22.4\tc21.2-8.1,52.2-18.2,79.7-24.2C399.3,7.9,411.6,7.5,421.9,6.5z\"\/>\n<\/svg>\t\t<\/div>\n\t\t\t\t<div class=\"elementor-element elementor-element-6dcc6b6 elementor-widget elementor-widget-spacer\" data-id=\"6dcc6b6\" data-element_type=\"widget\" data-widget_type=\"spacer.default\">\n\t\t\t\t<div class=\"elementor-widget-container\">\n\t\t\t\t\t<div class=\"elementor-spacer\">\n\t\t\t<div class=\"elementor-spacer-inner\"><\/div>\n\t\t<\/div>\n\t\t\t\t<\/div>\n\t\t\t\t<\/div>\n\t\t\t\t\t<\/div>\n\t\t\t\t<\/div>\n\t\t<div class=\"elementor-element elementor-element-25e3de2 e-con-full e-flex e-con e-parent\" data-id=\"25e3de2\" data-element_type=\"container\">\n\t\t\t\t<div class=\"elementor-element elementor-element-b63374a elementor-widget elementor-widget-spacer\" data-id=\"b63374a\" data-element_type=\"widget\" data-widget_type=\"spacer.default\">\n\t\t\t\t<div class=\"elementor-widget-container\">\n\t\t\t\t\t<div class=\"elementor-spacer\">\n\t\t\t<div class=\"elementor-spacer-inner\"><\/div>\n\t\t<\/div>\n\t\t\t\t<\/div>\n\t\t\t\t<\/div>\n\t\t\t\t<\/div>\n\t\t<div class=\"elementor-element elementor-element-c156f14 e-flex e-con-boxed e-con e-parent\" data-id=\"c156f14\" data-element_type=\"container\">\n\t\t\t\t\t<div class=\"e-con-inner\">\n\t\t<div class=\"elementor-element elementor-element-2e90df4 e-con-full e-flex e-con e-child\" data-id=\"2e90df4\" data-element_type=\"container\">\n\t\t\t\t<div class=\"elementor-element elementor-element-ca9f323 elementor-align-center elementor-widget elementor-widget-button\" data-id=\"ca9f323\" data-element_type=\"widget\" data-widget_type=\"button.default\">\n\t\t\t\t<div class=\"elementor-widget-container\">\n\t\t\t\t\t<div class=\"elementor-button-wrapper\">\n\t\t\t<a class=\"elementor-button elementor-button-link elementor-size-sm\" href=\"https:\/\/www.camping-aupigeonnier.fr\/wp-content\/uploads\/OLERON-AFFICHE-PARCOURS-A3-2025.pdf\" target=\"_blank\">\n\t\t\t\t\t\t<span class=\"elementor-button-content-wrapper\">\n\t\t\t\t\t\t\t\t\t<span class=\"elementor-button-text\">Summer beach shuttle service<\/span>\n\t\t\t\t\t<\/span>\n\t\t\t\t\t<\/a>\n\t\t<\/div>\n\t\t\t\t<\/div>\n\t\t\t\t<\/div>\n\t\t\t\t<\/div>\n\t\t<div class=\"elementor-element elementor-element-814dee4 e-con-full e-flex e-con e-child\" data-id=\"814dee4\" data-element_type=\"container\">\n\t\t\t\t<div class=\"elementor-element elementor-element-a36a45f elementor-align-center elementor-widget elementor-widget-button\" data-id=\"a36a45f\" data-element_type=\"widget\" data-widget_type=\"button.default\">\n\t\t\t\t<div class=\"elementor-widget-container\">\n\t\t\t\t\t<div class=\"elementor-button-wrapper\">\n\t\t\t<a class=\"elementor-button elementor-button-link elementor-size-sm\" href=\"https:\/\/www.camping-aupigeonnier.fr\/wp-content\/uploads\/LIVRET-OLERON-ETE-2025-OK-dbles-pages-pour-verif_compressed.pdf\" target=\"_blank\">\n\t\t\t\t\t\t<span class=\"elementor-button-content-wrapper\">\n\t\t\t\t\t\t\t\t\t<span class=\"elementor-button-text\">Schedule<\/span>\n\t\t\t\t\t<\/span>\n\t\t\t\t\t<\/a>\n\t\t<\/div>\n\t\t\t\t<\/div>\n\t\t\t\t<\/div>\n\t\t\t\t<\/div>\n\t\t\t\t\t<\/div>\n\t\t\t\t<\/div>\n\t\t<div class=\"elementor-element elementor-element-f2cd952 e-flex e-con-boxed e-con e-parent\" data-id=\"f2cd952\" data-element_type=\"container\" data-settings=\"{&quot;shape_divider_bottom&quot;:&quot;waves&quot;}\">\n\t\t\t\t\t<div class=\"e-con-inner\">\n\t\t\t\t<div class=\"elementor-shape elementor-shape-bottom\" data-negative=\"false\">\n\t\t\t<svg xmlns=\"http:\/\/www.w3.org\/2000\/svg\" viewbox=\"0 0 1000 100\" preserveaspectratio=\"none\">\n\t<path class=\"elementor-shape-fill\" d=\"M421.9,6.5c22.6-2.5,51.5,0.4,75.5,5.3c23.6,4.9,70.9,23.5,100.5,35.7c75.8,32.2,133.7,44.5,192.6,49.7\tc23.6,2.1,48.7,3.5,103.4-2.5c54.7-6,106.2-25.6,106.2-25.6V0H0v30.3c0,0,72,32.6,158.4,30.5c39.2-0.7,92.8-6.7,134-22.4\tc21.2-8.1,52.2-18.2,79.7-24.2C399.3,7.9,411.6,7.5,421.9,6.5z\"\/>\n<\/svg>\t\t<\/div>\n\t\t\t\t<div class=\"elementor-element elementor-element-1ff48a3 elementor-widget elementor-widget-spacer\" data-id=\"1ff48a3\" data-element_type=\"widget\" data-widget_type=\"spacer.default\">\n\t\t\t\t<div class=\"elementor-widget-container\">\n\t\t\t\t\t<div class=\"elementor-spacer\">\n\t\t\t<div class=\"elementor-spacer-inner\"><\/div>\n\t\t<\/div>\n\t\t\t\t<\/div>\n\t\t\t\t<\/div>\n\t\t\t\t\t<\/div>\n\t\t\t\t<\/div>\n\t\t<div class=\"elementor-element elementor-element-0f237eb e-flex e-con-boxed e-con e-parent\" data-id=\"0f237eb\" data-element_type=\"container\" data-settings=\"{&quot;shape_divider_bottom&quot;:&quot;waves&quot;}\">\n\t\t\t\t\t<div class=\"e-con-inner\">\n\t\t\t\t<div class=\"elementor-shape elementor-shape-bottom\" data-negative=\"false\">\n\t\t\t<svg xmlns=\"http:\/\/www.w3.org\/2000\/svg\" viewbox=\"0 0 1000 100\" preserveaspectratio=\"none\">\n\t<path class=\"elementor-shape-fill\" d=\"M421.9,6.5c22.6-2.5,51.5,0.4,75.5,5.3c23.6,4.9,70.9,23.5,100.5,35.7c75.8,32.2,133.7,44.5,192.6,49.7\tc23.6,2.1,48.7,3.5,103.4-2.5c54.7-6,106.2-25.6,106.2-25.6V0H0v30.3c0,0,72,32.6,158.4,30.5c39.2-0.7,92.8-6.7,134-22.4\tc21.2-8.1,52.2-18.2,79.7-24.2C399.3,7.9,411.6,7.5,421.9,6.5z\"\/>\n<\/svg>\t\t<\/div>\n\t\t\t\t<div class=\"elementor-element elementor-element-4702b5b elementor-widget elementor-widget-spacer\" data-id=\"4702b5b\" data-element_type=\"widget\" data-widget_type=\"spacer.default\">\n\t\t\t\t<div class=\"elementor-widget-container\">\n\t\t\t\t\t<div class=\"elementor-spacer\">\n\t\t\t<div class=\"elementor-spacer-inner\"><\/div>\n\t\t<\/div>\n\t\t\t\t<\/div>\n\t\t\t\t<\/div>\n\t\t\t\t\t<\/div>\n\t\t\t\t<\/div>\n\t\t<div class=\"elementor-element elementor-element-18eb9be e-con-full e-flex e-con e-parent\" data-id=\"18eb9be\" data-element_type=\"container\">\n\t\t<div class=\"elementor-element elementor-element-f92708d e-con-full e-flex e-con e-child\" data-id=\"f92708d\" data-element_type=\"container\" data-settings=\"{&quot;background_background&quot;:&quot;classic&quot;}\">\n\t\t\t\t<div class=\"elementor-element elementor-element-ef51d18 elementor-widget__width-initial elementor-widget elementor-widget-text-editor\" data-id=\"ef51d18\" data-element_type=\"widget\" data-widget_type=\"text-editor.default\">\n\t\t\t\t<div class=\"elementor-widget-container\">\n\t\t\t\t\t\t\t<div class=\"text translation-block\">In collaboration with <strong>environmentally-conscious<\/strong> campsites and hotels in Ol\u00e9ron, the <strong>free summer beach shuttles<\/strong> are a highly <a href=\"https:\/\/www.cdc-oleron.com\/vivre-et-habiter\/deplacements\/navettes-estivales\/\" target=\"_blank\" rel=\"noopener\">valued service offered<\/a> by the <a href=\"\/\/www.cdc-oleron.com\/vivre-et-habiter\/deplacements\/navettes-estivales\/\" target=\"_blank\" rel=\"noopener\">the CDC (Community Development Corporation) of \u00cele d'Ol\u00e9ron.<\/a><\/div>\t\t\t\t\t\t<\/div>\n\t\t\t\t<\/div>\n\t\t\t\t<\/div>\n\t\t\t\t<\/div>\n\t\t<div class=\"elementor-element elementor-element-9b26b4a e-flex e-con-boxed e-con e-parent\" data-id=\"9b26b4a\" data-element_type=\"container\" data-settings=\"{&quot;shape_divider_bottom&quot;:&quot;waves&quot;}\">\n\t\t\t\t\t<div class=\"e-con-inner\">\n\t\t\t\t<div class=\"elementor-shape elementor-shape-bottom\" data-negative=\"false\">\n\t\t\t<svg xmlns=\"http:\/\/www.w3.org\/2000\/svg\" viewbox=\"0 0 1000 100\" preserveaspectratio=\"none\">\n\t<path class=\"elementor-shape-fill\" d=\"M421.9,6.5c22.6-2.5,51.5,0.4,75.5,5.3c23.6,4.9,70.9,23.5,100.5,35.7c75.8,32.2,133.7,44.5,192.6,49.7\tc23.6,2.1,48.7,3.5,103.4-2.5c54.7-6,106.2-25.6,106.2-25.6V0H0v30.3c0,0,72,32.6,158.4,30.5c39.2-0.7,92.8-6.7,134-22.4\tc21.2-8.1,52.2-18.2,79.7-24.2C399.3,7.9,411.6,7.5,421.9,6.5z\"\/>\n<\/svg>\t\t<\/div>\n\t\t\t\t<div class=\"elementor-element elementor-element-bdfb258 elementor-widget elementor-widget-spacer\" data-id=\"bdfb258\" data-element_type=\"widget\" data-widget_type=\"spacer.default\">\n\t\t\t\t<div class=\"elementor-widget-container\">\n\t\t\t\t\t<div class=\"elementor-spacer\">\n\t\t\t<div class=\"elementor-spacer-inner\"><\/div>\n\t\t<\/div>\n\t\t\t\t<\/div>\n\t\t\t\t<\/div>\n\t\t\t\t\t<\/div>\n\t\t\t\t<\/div>\n\t\t<div class=\"elementor-element elementor-element-99dc21e e-con-full e-flex e-con e-parent\" data-id=\"99dc21e\" data-element_type=\"container\">\n\t\t\t\t<div class=\"elementor-element elementor-element-79a1f45 elementor-widget elementor-widget-spacer\" data-id=\"79a1f45\" data-element_type=\"widget\" data-widget_type=\"spacer.default\">\n\t\t\t\t<div class=\"elementor-widget-container\">\n\t\t\t\t\t<div class=\"elementor-spacer\">\n\t\t\t<div class=\"elementor-spacer-inner\"><\/div>\n\t\t<\/div>\n\t\t\t\t<\/div>\n\t\t\t\t<\/div>\n\t\t\t\t<\/div>\n\t\t<div class=\"elementor-element elementor-element-1fca16b e-flex e-con-boxed e-con e-parent\" data-id=\"1fca16b\" data-element_type=\"container\">\n\t\t\t\t\t<div class=\"e-con-inner\">\n\t\t\t\t<div class=\"elementor-element elementor-element-b27c832 elementor-widget elementor-widget-spacer\" data-id=\"b27c832\" data-element_type=\"widget\" data-widget_type=\"spacer.default\">\n\t\t\t\t<div class=\"elementor-widget-container\">\n\t\t\t\t\t<div class=\"elementor-spacer\">\n\t\t\t<div class=\"elementor-spacer-inner\"><\/div>\n\t\t<\/div>\n\t\t\t\t<\/div>\n\t\t\t\t<\/div>\n\t\t\t\t\t<\/div>\n\t\t\t\t<\/div>\n\t\t<div class=\"elementor-element elementor-element-4a7fc3f e-con-full e-flex e-con e-parent\" data-id=\"4a7fc3f\" data-element_type=\"container\">\n\t\t\t\t<div class=\"elementor-element elementor-element-b4d1c34 elementor-widget elementor-widget-gallery\" data-id=\"b4d1c34\" data-element_type=\"widget\" data-settings=\"{&quot;columns&quot;:3,&quot;gap&quot;:{&quot;unit&quot;:&quot;px&quot;,&quot;size&quot;:30,&quot;sizes&quot;:[]},&quot;lazyload&quot;:&quot;yes&quot;,&quot;gallery_layout&quot;:&quot;grid&quot;,&quot;columns_tablet&quot;:2,&quot;columns_mobile&quot;:1,&quot;gap_tablet&quot;:{&quot;unit&quot;:&quot;px&quot;,&quot;size&quot;:10,&quot;sizes&quot;:[]},&quot;gap_mobile&quot;:{&quot;unit&quot;:&quot;px&quot;,&quot;size&quot;:10,&quot;sizes&quot;:[]},&quot;link_to&quot;:&quot;file&quot;,&quot;aspect_ratio&quot;:&quot;3:2&quot;,&quot;overlay_background&quot;:&quot;yes&quot;,&quot;overlay_background_slideshow_gallery&quot;:[],&quot;overlay_background_slideshow_loop&quot;:&quot;yes&quot;,&quot;overlay_background_slideshow_slide_duration&quot;:5000,&quot;overlay_background_slideshow_slide_transition&quot;:&quot;fade&quot;,&quot;overlay_background_slideshow_transition_duration&quot;:500,&quot;overlay_background_slideshow_ken_burns_zoom_direction&quot;:&quot;in&quot;,&quot;overlay_background_hover_slideshow_gallery&quot;:[],&quot;overlay_background_hover_slideshow_loop&quot;:&quot;yes&quot;,&quot;overlay_background_hover_slideshow_slide_duration&quot;:5000,&quot;overlay_background_hover_slideshow_slide_transition&quot;:&quot;fade&quot;,&quot;overlay_background_hover_slideshow_transition_duration&quot;:500,&quot;overlay_background_hover_slideshow_ken_burns_zoom_direction&quot;:&quot;in&quot;,&quot;content_hover_animation&quot;:&quot;fade-in&quot;}\" data-widget_type=\"gallery.default\">\n\t\t\t\t<div class=\"elementor-widget-container\">\n\t\t\t\t\t<div class=\"elementor-gallery__container\">\n\t\t\t\t\t<\/div>\n\t\t\t<\/div>\n\t\t\t\t<\/div>\n\t\t\t\t<div class=\"elementor-element elementor-element-fa8c569 elementor-widget elementor-widget-image\" data-id=\"fa8c569\" data-element_type=\"widget\" data-widget_type=\"image.default\">\n\t\t\t\t<div class=\"elementor-widget-container\">\n\t\t\t\t\t\t\t\t\t\t\t\t\t\t<a href=\"https:\/\/www.camping-aupigeonnier.fr\/wp-content\/uploads\/plan_navettes-2025-2.jpg\" data-elementor-open-lightbox=\"yes\" data-elementor-lightbox-title=\"Navettes Plages Ol\u00e9ron\" data-e-action-hash=\"#elementor-action%3Aaction%3Dlightbox%26settings%3DeyJpZCI6OTgwNywidXJsIjoiaHR0cHM6XC9cL3d3dy5jYW1waW5nLWF1cGlnZW9ubmllci5mclwvd3AtY29udGVudFwvdXBsb2Fkc1wvcGxhbl9uYXZldHRlcy0yMDI1LTIuanBnIn0%3D\">\n\t\t\t\t\t\t\t<img loading=\"lazy\" decoding=\"async\" width=\"722\" height=\"1024\" src=\"https:\/\/www.camping-aupigeonnier.fr\/wp-content\/uploads\/plan_navettes-2025-2-722x1024.jpg\" class=\"elementor-animation-shrink attachment-large size-large wp-image-9807\" alt=\"Navettes Plages Ol\u00e9ron\" srcset=\"https:\/\/www.camping-aupigeonnier.fr\/wp-content\/uploads\/plan_navettes-2025-2-722x1024.jpg 722w, https:\/\/www.camping-aupigeonnier.fr\/wp-content\/uploads\/plan_navettes-2025-2-212x300.jpg 212w, https:\/\/www.camping-aupigeonnier.fr\/wp-content\/uploads\/plan_navettes-2025-2-8x12.jpg 8w, https:\/\/www.camping-aupigeonnier.fr\/wp-content\/uploads\/plan_navettes-2025-2.jpg 725w\" sizes=\"auto, (max-width: 722px) 100vw, 722px\" \/>\t\t\t\t\t\t\t\t<\/a>\n\t\t\t\t\t\t\t\t\t\t\t\t\t<\/div>\n\t\t\t\t<\/div>\n\t\t\t\t<\/div>\n\t\t<div class=\"elementor-element elementor-element-ff2d517 e-con-full e-flex e-con e-parent\" data-id=\"ff2d517\" data-element_type=\"container\">\n\t\t\t\t<div class=\"elementor-element elementor-element-152ee85 elementor-widget elementor-widget-image\" data-id=\"152ee85\" data-element_type=\"widget\" data-widget_type=\"image.default\">\n\t\t\t\t<div class=\"elementor-widget-container\">\n\t\t\t\t\t\t\t\t\t\t\t\t\t<img loading=\"lazy\" decoding=\"async\" width=\"800\" height=\"600\" src=\"https:\/\/www.camping-aupigeonnier.fr\/wp-content\/uploads\/cco-ldd-navettes_estivale-1024x768web.jpg\" class=\"attachment-large size-large wp-image-4863\" alt=\"Oleron beach shuttle\" \/>\t\t\t\t\t\t\t\t\t\t\t\t\t<\/div>\n\t\t\t\t<\/div>\n\t\t\t\t<\/div>\n\t\t<div class=\"elementor-element elementor-element-03e98a2 e-flex e-con-boxed e-con e-parent\" data-id=\"03e98a2\" data-element_type=\"container\">\n\t\t\t\t\t<div class=\"e-con-inner\">\n\t\t\t\t<div class=\"elementor-element elementor-element-2a01d3e elementor-widget elementor-widget-spacer\" data-id=\"2a01d3e\" data-element_type=\"widget\" data-widget_type=\"spacer.default\">\n\t\t\t\t<div class=\"elementor-widget-container\">\n\t\t\t\t\t<div class=\"elementor-spacer\">\n\t\t\t<div class=\"elementor-spacer-inner\"><\/div>\n\t\t<\/div>\n\t\t\t\t<\/div>\n\t\t\t\t<\/div>\n\t\t\t\t\t<\/div>\n\t\t\t\t<\/div>\n\t\t\t\t<\/div>","protected":false},"excerpt":{"rendered":"<p>Les navettes estivales pour les plages Plan Horaires En partenariat avec les campings et les h\u00f4tels Ol\u00e9ronais qui s&rsquo;engagent pour l&rsquo;environnement, les navettes estivales gratuites pour les plages sont un service tr\u00e8s appr\u00e9ci\u00e9 de la CDC de l&rsquo;\u00cele d&rsquo;Ol\u00e9ron.<\/p>","protected":false},"author":4,"featured_media":0,"parent":0,"menu_order":0,"comment_status":"closed","ping_status":"closed","template":"","meta":{"footnotes":""},"class_list":["post-542","page","type-page","status-publish","hentry"],"yoast_head":"<!-- This site is optimized with the Yoast SEO plugin v26.4 - https:\/\/yoast.com\/wordpress\/plugins\/seo\/ -->\n<title>Navettes plages Ol\u00e9ron - Camping Au Pigeonnier<\/title>\n<meta name=\"description\" content=\"Navettes plages Ol\u00e9ron. Oubliez votre voiture pendant les vacances et prenez les navettes pour vous rendre \u00e0 la plage. S\u00e9r\u00e9nit\u00e9 assur\u00e9e !\" \/>\n<meta name=\"robots\" content=\"index, follow, max-snippet:-1, max-image-preview:large, max-video-preview:-1\" \/>\n<link rel=\"canonical\" href=\"https:\/\/www.camping-aupigeonnier.fr\/en\/beach-shuttle\/\" \/>\n<meta property=\"og:locale\" content=\"en_GB\" \/>\n<meta property=\"og:type\" content=\"article\" \/>\n<meta property=\"og:title\" content=\"Navettes plages Ol\u00e9ron - Camping Au Pigeonnier\" \/>\n<meta property=\"og:description\" content=\"Navettes plages Ol\u00e9ron. Oubliez votre voiture pendant les vacances et prenez les navettes pour vous rendre \u00e0 la plage. S\u00e9r\u00e9nit\u00e9 assur\u00e9e !\" \/>\n<meta property=\"og:url\" content=\"https:\/\/www.camping-aupigeonnier.fr\/en\/beach-shuttle\/\" \/>\n<meta property=\"og:site_name\" content=\"Camping Au Pigeonnier\" \/>\n<meta property=\"article:modified_time\" content=\"2025-12-02T14:23:52+00:00\" \/>\n<meta property=\"og:image\" content=\"https:\/\/www.camping-aupigeonnier.fr\/wp-content\/uploads\/plan_navettes-2025-2.jpg\" \/>\n\t<meta property=\"og:image:width\" content=\"725\" \/>\n\t<meta property=\"og:image:height\" content=\"1028\" \/>\n\t<meta property=\"og:image:type\" content=\"image\/jpeg\" \/>\n<meta name=\"twitter:card\" content=\"summary_large_image\" \/>\n<meta name=\"twitter:label1\" content=\"Estimated reading time\" \/>\n\t<meta name=\"twitter:data1\" content=\"1 minute\" \/>\n<script type=\"application\/ld+json\" class=\"yoast-schema-graph\">{\"@context\":\"https:\/\/schema.org\",\"@graph\":[{\"@type\":\"WebPage\",\"@id\":\"https:\/\/www.camping-aupigeonnier.fr\/navettes-plages\/\",\"url\":\"https:\/\/www.camping-aupigeonnier.fr\/navettes-plages\/\",\"name\":\"Navettes plages Ol\u00e9ron - Camping Au Pigeonnier\",\"isPartOf\":{\"@id\":\"https:\/\/www.camping-aupigeonnier.fr\/#website\"},\"primaryImageOfPage\":{\"@id\":\"https:\/\/www.camping-aupigeonnier.fr\/navettes-plages\/#primaryimage\"},\"image\":{\"@id\":\"https:\/\/www.camping-aupigeonnier.fr\/navettes-plages\/#primaryimage\"},\"thumbnailUrl\":\"https:\/\/www.camping-aupigeonnier.fr\/wp-content\/uploads\/plan_navettes-2025-2-722x1024.jpg\",\"datePublished\":\"2022-07-28T09:10:08+00:00\",\"dateModified\":\"2025-12-02T14:23:52+00:00\",\"description\":\"Navettes plages Ol\u00e9ron. Oubliez votre voiture pendant les vacances et prenez les navettes pour vous rendre \u00e0 la plage. S\u00e9r\u00e9nit\u00e9 assur\u00e9e !\",\"breadcrumb\":{\"@id\":\"https:\/\/www.camping-aupigeonnier.fr\/navettes-plages\/#breadcrumb\"},\"inLanguage\":\"en-GB\",\"potentialAction\":[{\"@type\":\"ReadAction\",\"target\":[\"https:\/\/www.camping-aupigeonnier.fr\/navettes-plages\/\"]}]},{\"@type\":\"ImageObject\",\"inLanguage\":\"en-GB\",\"@id\":\"https:\/\/www.camping-aupigeonnier.fr\/navettes-plages\/#primaryimage\",\"url\":\"https:\/\/www.camping-aupigeonnier.fr\/wp-content\/uploads\/plan_navettes-2025-2-722x1024.jpg\",\"contentUrl\":\"https:\/\/www.camping-aupigeonnier.fr\/wp-content\/uploads\/plan_navettes-2025-2-722x1024.jpg\"},{\"@type\":\"BreadcrumbList\",\"@id\":\"https:\/\/www.camping-aupigeonnier.fr\/navettes-plages\/#breadcrumb\",\"itemListElement\":[{\"@type\":\"ListItem\",\"position\":1,\"name\":\"Home\",\"item\":\"https:\/\/www.camping-aupigeonnier.fr\/\"},{\"@type\":\"ListItem\",\"position\":2,\"name\":\"Navettes plages Ol\u00e9ron\"}]},{\"@type\":\"WebSite\",\"@id\":\"https:\/\/www.camping-aupigeonnier.fr\/#website\",\"url\":\"https:\/\/www.camping-aupigeonnier.fr\/\",\"name\":\"Camping Au Pigeonnier\",\"description\":\"Camping Au Pigeonnier\",\"publisher\":{\"@id\":\"https:\/\/www.camping-aupigeonnier.fr\/#organization\"},\"potentialAction\":[{\"@type\":\"SearchAction\",\"target\":{\"@type\":\"EntryPoint\",\"urlTemplate\":\"https:\/\/www.camping-aupigeonnier.fr\/?s={search_term_string}\"},\"query-input\":{\"@type\":\"PropertyValueSpecification\",\"valueRequired\":true,\"valueName\":\"search_term_string\"}}],\"inLanguage\":\"en-GB\"},{\"@type\":\"Organization\",\"@id\":\"https:\/\/www.camping-aupigeonnier.fr\/#organization\",\"name\":\"Camping Au Pigeonnier\",\"url\":\"https:\/\/www.camping-aupigeonnier.fr\/\",\"logo\":{\"@type\":\"ImageObject\",\"inLanguage\":\"en-GB\",\"@id\":\"https:\/\/www.camping-aupigeonnier.fr\/#\/schema\/logo\/image\/\",\"url\":\"https:\/\/www.camping-aupigeonnier.fr\/wp-content\/uploads\/cap-cap-logo_icone-512x512-1.png\",\"contentUrl\":\"https:\/\/www.camping-aupigeonnier.fr\/wp-content\/uploads\/cap-cap-logo_icone-512x512-1.png\",\"width\":512,\"height\":512,\"caption\":\"Camping Au Pigeonnier\"},\"image\":{\"@id\":\"https:\/\/www.camping-aupigeonnier.fr\/#\/schema\/logo\/image\/\"}}]}<\/script>\n<!-- \/ Yoast SEO plugin. -->","yoast_head_json":{"title":"Navettes plages Ol\u00e9ron - Camping Au Pigeonnier","description":"Navettes plages Ol\u00e9ron. Oubliez votre voiture pendant les vacances et prenez les navettes pour vous rendre \u00e0 la plage. S\u00e9r\u00e9nit\u00e9 assur\u00e9e !","robots":{"index":"index","follow":"follow","max-snippet":"max-snippet:-1","max-image-preview":"max-image-preview:large","max-video-preview":"max-video-preview:-1"},"canonical":"https:\/\/www.camping-aupigeonnier.fr\/en\/beach-shuttle\/","og_locale":"en_GB","og_type":"article","og_title":"Navettes plages Ol\u00e9ron - Camping Au Pigeonnier","og_description":"Navettes plages Ol\u00e9ron. Oubliez votre voiture pendant les vacances et prenez les navettes pour vous rendre \u00e0 la plage. S\u00e9r\u00e9nit\u00e9 assur\u00e9e !","og_url":"https:\/\/www.camping-aupigeonnier.fr\/en\/beach-shuttle\/","og_site_name":"Camping Au Pigeonnier","article_modified_time":"2025-12-02T14:23:52+00:00","og_image":[{"width":725,"height":1028,"url":"https:\/\/www.camping-aupigeonnier.fr\/wp-content\/uploads\/plan_navettes-2025-2.jpg","type":"image\/jpeg"}],"twitter_card":"summary_large_image","twitter_misc":{"Estimated reading time":"1 minute"},"schema":{"@context":"https:\/\/schema.org","@graph":[{"@type":"WebPage","@id":"https:\/\/www.camping-aupigeonnier.fr\/navettes-plages\/","url":"https:\/\/www.camping-aupigeonnier.fr\/navettes-plages\/","name":"Navettes plages Ol\u00e9ron - Camping Au Pigeonnier","isPartOf":{"@id":"https:\/\/www.camping-aupigeonnier.fr\/#website"},"primaryImageOfPage":{"@id":"https:\/\/www.camping-aupigeonnier.fr\/navettes-plages\/#primaryimage"},"image":{"@id":"https:\/\/www.camping-aupigeonnier.fr\/navettes-plages\/#primaryimage"},"thumbnailUrl":"https:\/\/www.camping-aupigeonnier.fr\/wp-content\/uploads\/plan_navettes-2025-2-722x1024.jpg","datePublished":"2022-07-28T09:10:08+00:00","dateModified":"2025-12-02T14:23:52+00:00","description":"Navettes plages Ol\u00e9ron. Oubliez votre voiture pendant les vacances et prenez les navettes pour vous rendre \u00e0 la plage. S\u00e9r\u00e9nit\u00e9 assur\u00e9e !","breadcrumb":{"@id":"https:\/\/www.camping-aupigeonnier.fr\/navettes-plages\/#breadcrumb"},"inLanguage":"en-GB","potentialAction":[{"@type":"ReadAction","target":["https:\/\/www.camping-aupigeonnier.fr\/navettes-plages\/"]}]},{"@type":"ImageObject","inLanguage":"en-GB","@id":"https:\/\/www.camping-aupigeonnier.fr\/navettes-plages\/#primaryimage","url":"https:\/\/www.camping-aupigeonnier.fr\/wp-content\/uploads\/plan_navettes-2025-2-722x1024.jpg","contentUrl":"https:\/\/www.camping-aupigeonnier.fr\/wp-content\/uploads\/plan_navettes-2025-2-722x1024.jpg"},{"@type":"BreadcrumbList","@id":"https:\/\/www.camping-aupigeonnier.fr\/navettes-plages\/#breadcrumb","itemListElement":[{"@type":"ListItem","position":1,"name":"Home","item":"https:\/\/www.camping-aupigeonnier.fr\/"},{"@type":"ListItem","position":2,"name":"Navettes plages Ol\u00e9ron"}]},{"@type":"WebSite","@id":"https:\/\/www.camping-aupigeonnier.fr\/#website","url":"https:\/\/www.camping-aupigeonnier.fr\/","name":"Camping Au Pigeonnier","description":"Camping Au Pigeonnier","publisher":{"@id":"https:\/\/www.camping-aupigeonnier.fr\/#organization"},"potentialAction":[{"@type":"SearchAction","target":{"@type":"EntryPoint","urlTemplate":"https:\/\/www.camping-aupigeonnier.fr\/?s={search_term_string}"},"query-input":{"@type":"PropertyValueSpecification","valueRequired":true,"valueName":"search_term_string"}}],"inLanguage":"en-GB"},{"@type":"Organization","@id":"https:\/\/www.camping-aupigeonnier.fr\/#organization","name":"Camping Au Pigeonnier","url":"https:\/\/www.camping-aupigeonnier.fr\/","logo":{"@type":"ImageObject","inLanguage":"en-GB","@id":"https:\/\/www.camping-aupigeonnier.fr\/#\/schema\/logo\/image\/","url":"https:\/\/www.camping-aupigeonnier.fr\/wp-content\/uploads\/cap-cap-logo_icone-512x512-1.png","contentUrl":"https:\/\/www.camping-aupigeonnier.fr\/wp-content\/uploads\/cap-cap-logo_icone-512x512-1.png","width":512,"height":512,"caption":"Camping Au Pigeonnier"},"image":{"@id":"https:\/\/www.camping-aupigeonnier.fr\/#\/schema\/logo\/image\/"}}]}},"_links":{"self":[{"href":"https:\/\/www.camping-aupigeonnier.fr\/en\/wp-json\/wp\/v2\/pages\/542","targetHints":{"allow":["GET"]}}],"collection":[{"href":"https:\/\/www.camping-aupigeonnier.fr\/en\/wp-json\/wp\/v2\/pages"}],"about":[{"href":"https:\/\/www.camping-aupigeonnier.fr\/en\/wp-json\/wp\/v2\/types\/page"}],"author":[{"embeddable":true,"href":"https:\/\/www.camping-aupigeonnier.fr\/en\/wp-json\/wp\/v2\/users\/4"}],"replies":[{"embeddable":true,"href":"https:\/\/www.camping-aupigeonnier.fr\/en\/wp-json\/wp\/v2\/comments?post=542"}],"version-history":[{"count":5,"href":"https:\/\/www.camping-aupigeonnier.fr\/en\/wp-json\/wp\/v2\/pages\/542\/revisions"}],"predecessor-version":[{"id":11174,"href":"https:\/\/www.camping-aupigeonnier.fr\/en\/wp-json\/wp\/v2\/pages\/542\/revisions\/11174"}],"wp:attachment":[{"href":"https:\/\/www.camping-aupigeonnier.fr\/en\/wp-json\/wp\/v2\/media?parent=542"}],"curies":[{"name":"wp","href":"https:\/\/api.w.org\/{rel}","templated":true}]}}