{"id":240,"date":"2022-07-27T09:59:22","date_gmt":"2022-07-27T09:59:22","guid":{"rendered":"https:\/\/www.camping-aupigeonnier.fr\/?page_id=240"},"modified":"2025-12-02T15:21:03","modified_gmt":"2025-12-02T14:21:03","slug":"entertainment","status":"publish","type":"page","link":"https:\/\/www.camping-aupigeonnier.fr\/en\/entertainment\/","title":{"rendered":"Campground activities"},"content":{"rendered":"<div data-elementor-type=\"wp-page\" data-elementor-id=\"240\" class=\"elementor elementor-240\" data-elementor-post-type=\"page\">\n\t\t\t\t<div class=\"elementor-element elementor-element-09c5bcd e-con-full e-flex e-con e-parent\" data-id=\"09c5bcd\" data-element_type=\"container\" data-settings=\"{&quot;background_background&quot;:&quot;classic&quot;}\">\n\t\t\t\t<div class=\"elementor-element elementor-element-7ac4bda elementor-widget elementor-widget-heading\" data-id=\"7ac4bda\" data-element_type=\"widget\" data-widget_type=\"heading.default\">\n\t\t\t\t<div class=\"elementor-widget-container\">\n\t\t\t<h1 class=\"elementor-heading-title elementor-size-default\">Entertainment for young and old<\/h1>\t\t<\/div>\n\t\t\t\t<\/div>\n\t\t\t\t<div class=\"elementor-element elementor-element-0e253a5 elementor-widget elementor-widget-spacer\" data-id=\"0e253a5\" data-element_type=\"widget\" data-widget_type=\"spacer.default\">\n\t\t\t\t<div class=\"elementor-widget-container\">\n\t\t\t\t\t<div class=\"elementor-spacer\">\n\t\t\t<div class=\"elementor-spacer-inner\"><\/div>\n\t\t<\/div>\n\t\t\t\t<\/div>\n\t\t\t\t<\/div>\n\t\t\t\t<\/div>\n\t\t<div class=\"elementor-element elementor-element-a4370ff e-flex e-con-boxed e-con e-parent\" data-id=\"a4370ff\" data-element_type=\"container\" data-settings=\"{&quot;shape_divider_bottom&quot;:&quot;waves&quot;}\">\n\t\t\t\t\t<div class=\"e-con-inner\">\n\t\t\t\t<div class=\"elementor-shape elementor-shape-bottom\" data-negative=\"false\">\n\t\t\t<svg xmlns=\"http:\/\/www.w3.org\/2000\/svg\" viewbox=\"0 0 1000 100\" preserveaspectratio=\"none\">\n\t<path class=\"elementor-shape-fill\" d=\"M421.9,6.5c22.6-2.5,51.5,0.4,75.5,5.3c23.6,4.9,70.9,23.5,100.5,35.7c75.8,32.2,133.7,44.5,192.6,49.7\tc23.6,2.1,48.7,3.5,103.4-2.5c54.7-6,106.2-25.6,106.2-25.6V0H0v30.3c0,0,72,32.6,158.4,30.5c39.2-0.7,92.8-6.7,134-22.4\tc21.2-8.1,52.2-18.2,79.7-24.2C399.3,7.9,411.6,7.5,421.9,6.5z\"\/>\n<\/svg>\t\t<\/div>\n\t\t\t\t<div class=\"elementor-element elementor-element-733ebb7 elementor-widget elementor-widget-spacer\" data-id=\"733ebb7\" data-element_type=\"widget\" data-widget_type=\"spacer.default\">\n\t\t\t\t<div class=\"elementor-widget-container\">\n\t\t\t\t\t<div class=\"elementor-spacer\">\n\t\t\t<div class=\"elementor-spacer-inner\"><\/div>\n\t\t<\/div>\n\t\t\t\t<\/div>\n\t\t\t\t<\/div>\n\t\t\t\t\t<\/div>\n\t\t\t\t<\/div>\n\t\t<div class=\"elementor-element elementor-element-ed6579c e-con-full e-flex e-con e-parent\" data-id=\"ed6579c\" data-element_type=\"container\">\n\t\t\t\t<div class=\"elementor-element elementor-element-f321f37 elementor-widget elementor-widget-spacer\" data-id=\"f321f37\" data-element_type=\"widget\" data-widget_type=\"spacer.default\">\n\t\t\t\t<div class=\"elementor-widget-container\">\n\t\t\t\t\t<div class=\"elementor-spacer\">\n\t\t\t<div class=\"elementor-spacer-inner\"><\/div>\n\t\t<\/div>\n\t\t\t\t<\/div>\n\t\t\t\t<\/div>\n\t\t\t\t<\/div>\n\t\t<div class=\"elementor-element elementor-element-3b7d9af e-con-full e-flex e-con e-parent\" data-id=\"3b7d9af\" data-element_type=\"container\">\n\t\t\t\t<div class=\"elementor-element elementor-element-c09258b elementor-cta--skin-cover elementor-widget__width-initial elementor-animated-content elementor-bg-transform elementor-bg-transform-zoom-in elementor-widget elementor-widget-call-to-action\" data-id=\"c09258b\" data-element_type=\"widget\" data-widget_type=\"call-to-action.default\">\n\t\t\t\t<div class=\"elementor-widget-container\">\n\t\t\t\t\t<a class=\"elementor-cta\" href=\"https:\/\/www.camping-aupigeonnier.fr\/en\/swimming-pool\/\">\n\t\t\t\t\t<div class=\"elementor-cta__bg-wrapper\">\n\t\t\t\t<div class=\"elementor-cta__bg elementor-bg\" style=\"background-image: url(https:\/\/www.camping-aupigeonnier.fr\/wp-content\/uploads\/cap-cap-piscine_b1-1080x810web.jpg);\" role=\"img\" aria-label=\"Pigeonnier Campground\"><\/div>\n\t\t\t\t<div class=\"elementor-cta__bg-overlay\"><\/div>\n\t\t\t<\/div>\n\t\t\t\t\t\t\t<div class=\"elementor-cta__content\">\n\t\t\t\t\n\t\t\t\t\t\t\t\t\t<h2 class=\"elementor-cta__title elementor-cta__content-item elementor-content-item elementor-animated-item--grow\">\n\t\t\t\t\t\tWater Park\t\t\t\t\t<\/h2>\n\t\t\t\t\n\t\t\t\t\n\t\t\t\t\t\t\t<\/div>\n\t\t\t\t\t\t<\/a>\n\t\t\t\t<\/div>\n\t\t\t\t<\/div>\n\t\t\t\t<div class=\"elementor-element elementor-element-ee586f2 elementor-cta--skin-cover elementor-widget__width-initial elementor-animated-content elementor-bg-transform elementor-bg-transform-zoom-in elementor-widget elementor-widget-call-to-action\" data-id=\"ee586f2\" data-element_type=\"widget\" data-widget_type=\"call-to-action.default\">\n\t\t\t\t<div class=\"elementor-widget-container\">\n\t\t\t\t\t<a class=\"elementor-cta\" href=\"https:\/\/www.camping-aupigeonnier.fr\/en\/daytime-activities\/\">\n\t\t\t\t\t<div class=\"elementor-cta__bg-wrapper\">\n\t\t\t\t<div class=\"elementor-cta__bg elementor-bg\" style=\"background-image: url(https:\/\/www.camping-aupigeonnier.fr\/wp-content\/uploads\/cap-cap-voleyball-1080x953web153.jpg);\" role=\"img\" aria-label=\"Campsite with activities Ol\u00e9ron\"><\/div>\n\t\t\t\t<div class=\"elementor-cta__bg-overlay\"><\/div>\n\t\t\t<\/div>\n\t\t\t\t\t\t\t<div class=\"elementor-cta__content\">\n\t\t\t\t\n\t\t\t\t\t\t\t\t\t<h2 class=\"elementor-cta__title elementor-cta__content-item elementor-content-item elementor-animated-item--grow\">\n\t\t\t\t\t\tAnimations en journ\u00e9e\t\t\t\t\t<\/h2>\n\t\t\t\t\n\t\t\t\t\n\t\t\t\t\t\t\t<\/div>\n\t\t\t\t\t\t<\/a>\n\t\t\t\t<\/div>\n\t\t\t\t<\/div>\n\t\t\t\t<div class=\"elementor-element elementor-element-90d2d37 elementor-cta--skin-cover elementor-widget__width-initial elementor-animated-content elementor-bg-transform elementor-bg-transform-zoom-in elementor-widget elementor-widget-call-to-action\" data-id=\"90d2d37\" data-element_type=\"widget\" data-widget_type=\"call-to-action.default\">\n\t\t\t\t<div class=\"elementor-widget-container\">\n\t\t\t\t\t<a class=\"elementor-cta\" href=\"https:\/\/www.camping-aupigeonnier.fr\/en\/evenings\/\">\n\t\t\t\t\t<div class=\"elementor-cta__bg-wrapper\">\n\t\t\t\t<div class=\"elementor-cta__bg elementor-bg\" style=\"background-image: url(https:\/\/www.camping-aupigeonnier.fr\/wp-content\/uploads\/sow-lpg-animation_soir-1000x664-web.jpg);\" role=\"img\" aria-label=\"Location salle des f\u00eates \u00eele d&#039;Ol\u00e9ron\"><\/div>\n\t\t\t\t<div class=\"elementor-cta__bg-overlay\"><\/div>\n\t\t\t<\/div>\n\t\t\t\t\t\t\t<div class=\"elementor-cta__content\">\n\t\t\t\t\n\t\t\t\t\t\t\t\t\t<h2 class=\"elementor-cta__title elementor-cta__content-item elementor-content-item elementor-animated-item--grow\">\n\t\t\t\t\t\tAnimations en soir\u00e9e\t\t\t\t\t<\/h2>\n\t\t\t\t\n\t\t\t\t\n\t\t\t\t\t\t\t<\/div>\n\t\t\t\t\t\t<\/a>\n\t\t\t\t<\/div>\n\t\t\t\t<\/div>\n\t\t\t\t<div class=\"elementor-element elementor-element-c967973 elementor-cta--skin-cover elementor-widget__width-initial elementor-animated-content elementor-bg-transform elementor-bg-transform-zoom-in elementor-widget elementor-widget-call-to-action\" data-id=\"c967973\" data-element_type=\"widget\" data-widget_type=\"call-to-action.default\">\n\t\t\t\t<div class=\"elementor-widget-container\">\n\t\t\t\t\t<a class=\"elementor-cta\" href=\"https:\/\/www.camping-aupigeonnier.fr\/en\/videos\/\">\n\t\t\t\t\t<div class=\"elementor-cta__bg-wrapper\">\n\t\t\t\t<div class=\"elementor-cta__bg elementor-bg\" style=\"background-image: url(https:\/\/www.camping-aupigeonnier.fr\/wp-content\/uploads\/vue-aeriene.jpg);\" role=\"img\" aria-label=\"Camping au Pigeonnier\"><\/div>\n\t\t\t\t<div class=\"elementor-cta__bg-overlay\"><\/div>\n\t\t\t<\/div>\n\t\t\t\t\t\t\t<div class=\"elementor-cta__content\">\n\t\t\t\t\n\t\t\t\t\t\t\t\t\t<h2 class=\"elementor-cta__title elementor-cta__content-item elementor-content-item elementor-animated-item--grow\">\n\t\t\t\t\t\tVideos &amp; Virtual Tours\t\t\t\t\t<\/h2>\n\t\t\t\t\n\t\t\t\t\n\t\t\t\t\t\t\t<\/div>\n\t\t\t\t\t\t<\/a>\n\t\t\t\t<\/div>\n\t\t\t\t<\/div>\n\t\t\t\t<\/div>\n\t\t<div class=\"elementor-element elementor-element-0582d26 e-flex e-con-boxed e-con e-parent\" data-id=\"0582d26\" data-element_type=\"container\">\n\t\t\t\t\t<div class=\"e-con-inner\">\n\t\t\t\t<div class=\"elementor-element elementor-element-7674fe7 elementor-widget elementor-widget-spacer\" data-id=\"7674fe7\" data-element_type=\"widget\" data-widget_type=\"spacer.default\">\n\t\t\t\t<div class=\"elementor-widget-container\">\n\t\t\t\t\t<div class=\"elementor-spacer\">\n\t\t\t<div class=\"elementor-spacer-inner\"><\/div>\n\t\t<\/div>\n\t\t\t\t<\/div>\n\t\t\t\t<\/div>\n\t\t\t\t\t<\/div>\n\t\t\t\t<\/div>\n\t\t\t\t<\/div>","protected":false},"excerpt":{"rendered":"<p>Animations pour Petits et Grands Espace aquatique Animations en journ\u00e9e Animations en soir\u00e9e Vid\u00e9os &#038; visites virtuelles<\/p>","protected":false},"author":4,"featured_media":0,"parent":0,"menu_order":0,"comment_status":"closed","ping_status":"closed","template":"","meta":{"footnotes":""},"class_list":["post-240","page","type-page","status-publish","hentry"],"yoast_head":"<!-- This site is optimized with the Yoast SEO plugin v26.4 - https:\/\/yoast.com\/wordpress\/plugins\/seo\/ -->\n<title>Animations Ol\u00e9ron - Camping Au Pigeonnier<\/title>\n<meta name=\"description\" content=\"D\u00e9couvrez les animations disponibles au Camping Au Pigeonnier, au Ch\u00e2teau d&#039;Ol\u00e9ron, des animations pour petits et grands.\" \/>\n<meta name=\"robots\" content=\"index, follow, max-snippet:-1, max-image-preview:large, max-video-preview:-1\" \/>\n<link rel=\"canonical\" href=\"https:\/\/www.camping-aupigeonnier.fr\/en\/entertainment\/\" \/>\n<meta property=\"og:locale\" content=\"en_GB\" \/>\n<meta property=\"og:type\" content=\"article\" \/>\n<meta property=\"og:title\" content=\"Animations Ol\u00e9ron - Camping Au Pigeonnier\" \/>\n<meta property=\"og:description\" content=\"D\u00e9couvrez les animations disponibles au Camping Au Pigeonnier, au Ch\u00e2teau d&#039;Ol\u00e9ron, des animations pour petits et grands.\" \/>\n<meta property=\"og:url\" content=\"https:\/\/www.camping-aupigeonnier.fr\/en\/entertainment\/\" \/>\n<meta property=\"og:site_name\" content=\"Camping Au Pigeonnier\" \/>\n<meta property=\"article:modified_time\" content=\"2025-12-02T14:21:03+00:00\" \/>\n<meta name=\"twitter:card\" content=\"summary_large_image\" \/>\n<meta name=\"twitter:label1\" content=\"Estimated reading time\" \/>\n\t<meta name=\"twitter:data1\" content=\"1 minute\" \/>\n<script type=\"application\/ld+json\" class=\"yoast-schema-graph\">{\"@context\":\"https:\/\/schema.org\",\"@graph\":[{\"@type\":\"WebPage\",\"@id\":\"https:\/\/www.camping-aupigeonnier.fr\/animations\/\",\"url\":\"https:\/\/www.camping-aupigeonnier.fr\/animations\/\",\"name\":\"Animations Ol\u00e9ron - Camping Au Pigeonnier\",\"isPartOf\":{\"@id\":\"https:\/\/www.camping-aupigeonnier.fr\/#website\"},\"datePublished\":\"2022-07-27T09:59:22+00:00\",\"dateModified\":\"2025-12-02T14:21:03+00:00\",\"description\":\"D\u00e9couvrez les animations disponibles au Camping Au Pigeonnier, au Ch\u00e2teau d'Ol\u00e9ron, des animations pour petits et grands.\",\"breadcrumb\":{\"@id\":\"https:\/\/www.camping-aupigeonnier.fr\/animations\/#breadcrumb\"},\"inLanguage\":\"en-GB\",\"potentialAction\":[{\"@type\":\"ReadAction\",\"target\":[\"https:\/\/www.camping-aupigeonnier.fr\/animations\/\"]}]},{\"@type\":\"BreadcrumbList\",\"@id\":\"https:\/\/www.camping-aupigeonnier.fr\/animations\/#breadcrumb\",\"itemListElement\":[{\"@type\":\"ListItem\",\"position\":1,\"name\":\"Home\",\"item\":\"https:\/\/www.camping-aupigeonnier.fr\/\"},{\"@type\":\"ListItem\",\"position\":2,\"name\":\"Animations\"}]},{\"@type\":\"WebSite\",\"@id\":\"https:\/\/www.camping-aupigeonnier.fr\/#website\",\"url\":\"https:\/\/www.camping-aupigeonnier.fr\/\",\"name\":\"Camping Au Pigeonnier\",\"description\":\"Camping Au Pigeonnier\",\"publisher\":{\"@id\":\"https:\/\/www.camping-aupigeonnier.fr\/#organization\"},\"potentialAction\":[{\"@type\":\"SearchAction\",\"target\":{\"@type\":\"EntryPoint\",\"urlTemplate\":\"https:\/\/www.camping-aupigeonnier.fr\/?s={search_term_string}\"},\"query-input\":{\"@type\":\"PropertyValueSpecification\",\"valueRequired\":true,\"valueName\":\"search_term_string\"}}],\"inLanguage\":\"en-GB\"},{\"@type\":\"Organization\",\"@id\":\"https:\/\/www.camping-aupigeonnier.fr\/#organization\",\"name\":\"Camping Au Pigeonnier\",\"url\":\"https:\/\/www.camping-aupigeonnier.fr\/\",\"logo\":{\"@type\":\"ImageObject\",\"inLanguage\":\"en-GB\",\"@id\":\"https:\/\/www.camping-aupigeonnier.fr\/#\/schema\/logo\/image\/\",\"url\":\"https:\/\/www.camping-aupigeonnier.fr\/wp-content\/uploads\/cap-cap-logo_icone-512x512-1.png\",\"contentUrl\":\"https:\/\/www.camping-aupigeonnier.fr\/wp-content\/uploads\/cap-cap-logo_icone-512x512-1.png\",\"width\":512,\"height\":512,\"caption\":\"Camping Au Pigeonnier\"},\"image\":{\"@id\":\"https:\/\/www.camping-aupigeonnier.fr\/#\/schema\/logo\/image\/\"}}]}<\/script>\n<!-- \/ Yoast SEO plugin. -->","yoast_head_json":{"title":"Animations Ol\u00e9ron - Camping Au Pigeonnier","description":"D\u00e9couvrez les animations disponibles au Camping Au Pigeonnier, au Ch\u00e2teau d'Ol\u00e9ron, des animations pour petits et grands.","robots":{"index":"index","follow":"follow","max-snippet":"max-snippet:-1","max-image-preview":"max-image-preview:large","max-video-preview":"max-video-preview:-1"},"canonical":"https:\/\/www.camping-aupigeonnier.fr\/en\/entertainment\/","og_locale":"en_GB","og_type":"article","og_title":"Animations Ol\u00e9ron - Camping Au Pigeonnier","og_description":"D\u00e9couvrez les animations disponibles au Camping Au Pigeonnier, au Ch\u00e2teau d'Ol\u00e9ron, des animations pour petits et grands.","og_url":"https:\/\/www.camping-aupigeonnier.fr\/en\/entertainment\/","og_site_name":"Camping Au Pigeonnier","article_modified_time":"2025-12-02T14:21:03+00:00","twitter_card":"summary_large_image","twitter_misc":{"Estimated reading time":"1 minute"},"schema":{"@context":"https:\/\/schema.org","@graph":[{"@type":"WebPage","@id":"https:\/\/www.camping-aupigeonnier.fr\/animations\/","url":"https:\/\/www.camping-aupigeonnier.fr\/animations\/","name":"Animations Ol\u00e9ron - Camping Au Pigeonnier","isPartOf":{"@id":"https:\/\/www.camping-aupigeonnier.fr\/#website"},"datePublished":"2022-07-27T09:59:22+00:00","dateModified":"2025-12-02T14:21:03+00:00","description":"D\u00e9couvrez les animations disponibles au Camping Au Pigeonnier, au Ch\u00e2teau d'Ol\u00e9ron, des animations pour petits et grands.","breadcrumb":{"@id":"https:\/\/www.camping-aupigeonnier.fr\/animations\/#breadcrumb"},"inLanguage":"en-GB","potentialAction":[{"@type":"ReadAction","target":["https:\/\/www.camping-aupigeonnier.fr\/animations\/"]}]},{"@type":"BreadcrumbList","@id":"https:\/\/www.camping-aupigeonnier.fr\/animations\/#breadcrumb","itemListElement":[{"@type":"ListItem","position":1,"name":"Home","item":"https:\/\/www.camping-aupigeonnier.fr\/"},{"@type":"ListItem","position":2,"name":"Animations"}]},{"@type":"WebSite","@id":"https:\/\/www.camping-aupigeonnier.fr\/#website","url":"https:\/\/www.camping-aupigeonnier.fr\/","name":"Camping Au Pigeonnier","description":"Camping Au Pigeonnier","publisher":{"@id":"https:\/\/www.camping-aupigeonnier.fr\/#organization"},"potentialAction":[{"@type":"SearchAction","target":{"@type":"EntryPoint","urlTemplate":"https:\/\/www.camping-aupigeonnier.fr\/?s={search_term_string}"},"query-input":{"@type":"PropertyValueSpecification","valueRequired":true,"valueName":"search_term_string"}}],"inLanguage":"en-GB"},{"@type":"Organization","@id":"https:\/\/www.camping-aupigeonnier.fr\/#organization","name":"Camping Au Pigeonnier","url":"https:\/\/www.camping-aupigeonnier.fr\/","logo":{"@type":"ImageObject","inLanguage":"en-GB","@id":"https:\/\/www.camping-aupigeonnier.fr\/#\/schema\/logo\/image\/","url":"https:\/\/www.camping-aupigeonnier.fr\/wp-content\/uploads\/cap-cap-logo_icone-512x512-1.png","contentUrl":"https:\/\/www.camping-aupigeonnier.fr\/wp-content\/uploads\/cap-cap-logo_icone-512x512-1.png","width":512,"height":512,"caption":"Camping Au Pigeonnier"},"image":{"@id":"https:\/\/www.camping-aupigeonnier.fr\/#\/schema\/logo\/image\/"}}]}},"_links":{"self":[{"href":"https:\/\/www.camping-aupigeonnier.fr\/en\/wp-json\/wp\/v2\/pages\/240","targetHints":{"allow":["GET"]}}],"collection":[{"href":"https:\/\/www.camping-aupigeonnier.fr\/en\/wp-json\/wp\/v2\/pages"}],"about":[{"href":"https:\/\/www.camping-aupigeonnier.fr\/en\/wp-json\/wp\/v2\/types\/page"}],"author":[{"embeddable":true,"href":"https:\/\/www.camping-aupigeonnier.fr\/en\/wp-json\/wp\/v2\/users\/4"}],"replies":[{"embeddable":true,"href":"https:\/\/www.camping-aupigeonnier.fr\/en\/wp-json\/wp\/v2\/comments?post=240"}],"version-history":[{"count":5,"href":"https:\/\/www.camping-aupigeonnier.fr\/en\/wp-json\/wp\/v2\/pages\/240\/revisions"}],"predecessor-version":[{"id":11165,"href":"https:\/\/www.camping-aupigeonnier.fr\/en\/wp-json\/wp\/v2\/pages\/240\/revisions\/11165"}],"wp:attachment":[{"href":"https:\/\/www.camping-aupigeonnier.fr\/en\/wp-json\/wp\/v2\/media?parent=240"}],"curies":[{"name":"wp","href":"https:\/\/api.w.org\/{rel}","templated":true}]}}