{"id":1514,"date":"2022-11-12T08:38:48","date_gmt":"2022-11-12T08:38:48","guid":{"rendered":"https:\/\/www.camping-aupigeonnier.fr\/?page_id=1514"},"modified":"2023-02-26T15:02:16","modified_gmt":"2023-02-26T15:02:16","slug":"mentions-legales","status":"publish","type":"page","link":"https:\/\/www.camping-aupigeonnier.fr\/en\/mentions-legales\/","title":{"rendered":"Legal Notice"},"content":{"rendered":"<div data-elementor-type=\"wp-page\" data-elementor-id=\"1514\" class=\"elementor elementor-1514\" data-elementor-post-type=\"page\">\n\t\t\t\t<div class=\"elementor-element elementor-element-20dcc055 e-flex e-con-boxed e-con e-parent\" data-id=\"20dcc055\" data-element_type=\"container\" data-settings=\"{&quot;background_background&quot;:&quot;classic&quot;}\">\n\t\t\t\t\t<div class=\"e-con-inner\">\n\t\t\t\t<div class=\"elementor-element elementor-element-e831373 elementor-widget elementor-widget-spacer\" data-id=\"e831373\" data-element_type=\"widget\" data-widget_type=\"spacer.default\">\n\t\t\t\t<div class=\"elementor-widget-container\">\n\t\t\t\t\t<div class=\"elementor-spacer\">\n\t\t\t<div class=\"elementor-spacer-inner\"><\/div>\n\t\t<\/div>\n\t\t\t\t<\/div>\n\t\t\t\t<\/div>\n\t\t\t\t<div class=\"elementor-element elementor-element-3bd33336 elementor-widget elementor-widget-heading\" data-id=\"3bd33336\" data-element_type=\"widget\" data-widget_type=\"heading.default\">\n\t\t\t\t<div class=\"elementor-widget-container\">\n\t\t\t<h1 class=\"elementor-heading-title elementor-size-default\">Legal Notice<\/h1>\t\t<\/div>\n\t\t\t\t<\/div>\n\t\t\t\t<div class=\"elementor-element elementor-element-458363ff elementor-widget elementor-widget-spacer\" data-id=\"458363ff\" data-element_type=\"widget\" data-widget_type=\"spacer.default\">\n\t\t\t\t<div class=\"elementor-widget-container\">\n\t\t\t\t\t<div class=\"elementor-spacer\">\n\t\t\t<div class=\"elementor-spacer-inner\"><\/div>\n\t\t<\/div>\n\t\t\t\t<\/div>\n\t\t\t\t<\/div>\n\t\t\t\t<div class=\"elementor-element elementor-element-928c3df elementor-widget elementor-widget-heading\" data-id=\"928c3df\" data-element_type=\"widget\" data-widget_type=\"heading.default\">\n\t\t\t\t<div class=\"elementor-widget-container\">\n\t\t\t<h2 class=\"elementor-heading-title elementor-size-default\">Publisher<\/h2>\t\t<\/div>\n\t\t\t\t<\/div>\n\t\t\t\t<div class=\"elementor-element elementor-element-9f43921 elementor-widget elementor-widget-text-editor\" data-id=\"9f43921\" data-element_type=\"widget\" data-widget_type=\"text-editor.default\">\n\t\t\t\t<div class=\"elementor-widget-container\">\n\t\t\t\t\t\t\t<p>Fabrice Mign\u00e9<\/p><p>Au Pigeonnier, Sole trader<\/p><p class=\"translation-block\">73 Avenue d\u2019Antioche<br>17480 Le Ch\u00e2teau d\u2019Ol\u00e9ron<br><a href=\"tel:+33546476220\" target=\"_blank\" rel=\"noopener\">05 46 47 62 20<\/a><\/p><p><a href=\"mailto:contact@camping-aupigeonnier.fr\" target=\"_blank\" rel=\"noopener\">contact@camping-aupigeonnier.fr<\/a><br \/><a href=\"https:\/\/www.camping-aupigeonnier.fr\/en\/\" target=\"_blank\" rel=\"noopener\">www.camping-aupigeonnier.fr<\/a><\/p><p>RCS La Rochelle : 422 659 383<br \/>SIRET : 42265938300018<\/p>\t\t\t\t\t\t<\/div>\n\t\t\t\t<\/div>\n\t\t\t\t<div class=\"elementor-element elementor-element-a623cf3 elementor-widget elementor-widget-heading\" data-id=\"a623cf3\" data-element_type=\"widget\" data-widget_type=\"heading.default\">\n\t\t\t\t<div class=\"elementor-widget-container\">\n\t\t\t<h2 class=\"elementor-heading-title elementor-size-default\">Legal Notice<\/h2>\t\t<\/div>\n\t\t\t\t<\/div>\n\t\t\t\t<div class=\"elementor-element elementor-element-5399a004 elementor-widget elementor-widget-image\" data-id=\"5399a004\" data-element_type=\"widget\" data-widget_type=\"image.default\">\n\t\t\t\t<div class=\"elementor-widget-container\">\n\t\t\t\t\t\t\t\t\t\t\t\t\t<img loading=\"lazy\" decoding=\"async\" width=\"300\" height=\"63\" src=\"https:\/\/www.camping-aupigeonnier.fr\/wp-content\/uploads\/sow-logo-fond_transparent-612x129-1.png\" class=\"attachment-medium size-medium wp-image-3466\" alt=\"New Website\" \/>\t\t\t\t\t\t\t\t\t\t\t\t\t<\/div>\n\t\t\t\t<\/div>\n\t\t\t\t<div class=\"elementor-element elementor-element-60ff88c8 elementor-widget elementor-widget-text-editor\" data-id=\"60ff88c8\" data-element_type=\"widget\" data-widget_type=\"text-editor.default\">\n\t\t\t\t<div class=\"elementor-widget-container\">\n\t\t\t\t\t\t\t<p>Sowebio Agence web Aquitaine<\/p><p class=\"translation-block\">15 rue du Temple<br>17310 St Pierre d\u2019Ol\u00e9ron<br><a href=\"tel:+33546855840\" target=\"_blank\" rel=\"noopener\">05 46 85 58 40<\/a><\/p><p><a href=\"mailto:contact@soweb.io\" target=\"_blank\" rel=\"noopener\">contact@soweb.io<\/a><br \/><a href=\"https:\/\/www.sowebio.com\/\" target=\"_blank\" rel=\"noopener\">www.sowebio.com<\/a><\/p><p>RCS La Rochelle : 844 060 046<br \/>SIRET : 844016004600019<\/p>\t\t\t\t\t\t<\/div>\n\t\t\t\t<\/div>\n\t\t\t\t<div class=\"elementor-element elementor-element-55ef93ac elementor-widget elementor-widget-text-editor\" data-id=\"55ef93ac\" data-element_type=\"widget\" data-widget_type=\"text-editor.default\">\n\t\t\t\t<div class=\"elementor-widget-container\">\n\t\t\t\t\t\t\t<p>We manage the outsourcing of web hosting and associated services (email servers, cloud drives, statistical analysis, backups, supervision, etc.) with our own physical servers based cluster, ground up on our multi-domain expertise.<\/p><p>Sowebio's infrastructure is interconnected through a 2 Gbps private network dedicated to the company.<\/p><p>Conform\u00e9ment au RGPD, l\u2019infrastructure est exclusivement localis\u00e9e en France (Gravelines, Paris, Roubaix, Strasbourg) et en Europe (Francfort), dans les datacentres d\u2019OVHcloud, premier h\u00e9bergeur europ\u00e9en.<\/p><p>The infrastructure benefits from OVH's global black fiber optic network and more than 30 points of presence on the 4 main continents, as well as the most powerful distributed denial of service attack protection technology on the market.<\/p>\t\t\t\t\t\t<\/div>\n\t\t\t\t<\/div>\n\t\t\t\t<div class=\"elementor-element elementor-element-4d818d7 elementor-widget elementor-widget-heading\" data-id=\"4d818d7\" data-element_type=\"widget\" data-widget_type=\"heading.default\">\n\t\t\t\t<div class=\"elementor-widget-container\">\n\t\t\t<h2 class=\"elementor-heading-title elementor-size-default\">Intellectual property rights<\/h2>\t\t<\/div>\n\t\t\t\t<\/div>\n\t\t\t\t<div class=\"elementor-element elementor-element-faeb7af elementor-widget elementor-widget-text-editor\" data-id=\"faeb7af\" data-element_type=\"widget\" data-widget_type=\"text-editor.default\">\n\t\t\t\t<div class=\"elementor-widget-container\">\n\t\t\t\t\t\t\t<p>This Site and its components may contain confidential information or information protected by intellectual property or other applicable laws.<\/p><p>The intellectual property rights on the original content of this site are the exclusive property of the publisher. The user of the site is strictly prohibited from copying, modifying, creating a derivative work, assembling, decompiling, assigning, sublicensing or transferring, in any manner whatsoever, any element of this site.<\/p>\t\t\t\t\t\t<\/div>\n\t\t\t\t<\/div>\n\t\t\t\t<div class=\"elementor-element elementor-element-52206e7 elementor-widget elementor-widget-heading\" data-id=\"52206e7\" data-element_type=\"widget\" data-widget_type=\"heading.default\">\n\t\t\t\t<div class=\"elementor-widget-container\">\n\t\t\t<h2 class=\"elementor-heading-title elementor-size-default\">Cr\u00e9dits &amp; Copyrights<\/h2>\t\t<\/div>\n\t\t\t\t<\/div>\n\t\t\t\t<div class=\"elementor-element elementor-element-cc13737 elementor-widget elementor-widget-text-editor\" data-id=\"cc13737\" data-element_type=\"widget\" data-widget_type=\"text-editor.default\">\n\t\t\t\t<div class=\"elementor-widget-container\">\n\t\t\t\t\t\t\t<p>Camping Au Pigeonnier, Sowebio, Bruno Catillo,\u00a0 Emmanuel Dubourg, Aquaticamp.<\/p>\t\t\t\t\t\t<\/div>\n\t\t\t\t<\/div>\n\t\t\t\t<div class=\"elementor-element elementor-element-2a1ea407 elementor-widget elementor-widget-spacer\" data-id=\"2a1ea407\" data-element_type=\"widget\" data-widget_type=\"spacer.default\">\n\t\t\t\t<div class=\"elementor-widget-container\">\n\t\t\t\t\t<div class=\"elementor-spacer\">\n\t\t\t<div class=\"elementor-spacer-inner\"><\/div>\n\t\t<\/div>\n\t\t\t\t<\/div>\n\t\t\t\t<\/div>\n\t\t\t\t\t<\/div>\n\t\t\t\t<\/div>\n\t\t\t\t<\/div>","protected":false},"excerpt":{"rendered":"<p>\u00c9diteur de la publication Fabrice Mign\u00e9 Au Pigeonnier, Entrepreneur Individuel 73 Avenue d&rsquo;Antioche17480 Le Ch\u00e2teau d&rsquo;Ol\u00e9ronT\u00e9l : 05 46 47 62 20 contact@camping-aupigeonnier.frwww.camping-aupigeonnier.fr RCS La Rochelle : 422 659 383SIRET : 42265938300018 H\u00e9bergeur Sowebio SARL &#8211; Agence web Aquitaine 15 rue du Temple17310 St Pierre d\u2019Ol\u00e9ronT\u00e9l : 05 46 85 58 40 contact@soweb.iowww.soweb.io RCS La [&hellip;]<\/p>","protected":false},"author":4,"featured_media":0,"parent":0,"menu_order":0,"comment_status":"closed","ping_status":"closed","template":"","meta":{"footnotes":""},"class_list":["post-1514","page","type-page","status-publish","hentry"],"yoast_head":"<!-- This site is optimized with the Yoast SEO plugin v26.4 - https:\/\/yoast.com\/wordpress\/plugins\/seo\/ -->\n<title>Mentions l\u00e9gales - Camping Au Pigeonnier<\/title>\n<meta name=\"robots\" content=\"index, follow, max-snippet:-1, max-image-preview:large, max-video-preview:-1\" \/>\n<link rel=\"canonical\" href=\"https:\/\/www.camping-aupigeonnier.fr\/en\/mentions-legales\/\" \/>\n<meta property=\"og:locale\" content=\"en_GB\" \/>\n<meta property=\"og:type\" content=\"article\" \/>\n<meta property=\"og:title\" content=\"Mentions l\u00e9gales - Camping Au Pigeonnier\" \/>\n<meta property=\"og:description\" content=\"\u00c9diteur de la publication Fabrice Mign\u00e9 Au Pigeonnier, Entrepreneur Individuel 73 Avenue d&rsquo;Antioche17480 Le Ch\u00e2teau d&rsquo;Ol\u00e9ronT\u00e9l : 05 46 47 62 20 contact@camping-aupigeonnier.frwww.camping-aupigeonnier.fr RCS La Rochelle : 422 659 383SIRET : 42265938300018 H\u00e9bergeur Sowebio SARL &#8211; Agence web Aquitaine 15 rue du Temple17310 St Pierre d\u2019Ol\u00e9ronT\u00e9l : 05 46 85 58 40 contact@soweb.iowww.soweb.io RCS La [&hellip;]\" \/>\n<meta property=\"og:url\" content=\"https:\/\/www.camping-aupigeonnier.fr\/en\/mentions-legales\/\" \/>\n<meta property=\"og:site_name\" content=\"Camping Au Pigeonnier\" \/>\n<meta property=\"article:modified_time\" content=\"2023-02-26T15:02:16+00:00\" \/>\n<meta property=\"og:image\" content=\"https:\/\/www.camping-aupigeonnier.fr\/wp-content\/uploads\/sow-logo-fond_transparent-612x129-1.png\" \/>\n<meta name=\"twitter:card\" content=\"summary_large_image\" \/>\n<meta name=\"twitter:label1\" content=\"Estimated reading time\" \/>\n\t<meta name=\"twitter:data1\" content=\"2 minutes\" \/>\n<script type=\"application\/ld+json\" class=\"yoast-schema-graph\">{\"@context\":\"https:\/\/schema.org\",\"@graph\":[{\"@type\":\"WebPage\",\"@id\":\"https:\/\/www.camping-aupigeonnier.fr\/mentions-legales\/\",\"url\":\"https:\/\/www.camping-aupigeonnier.fr\/mentions-legales\/\",\"name\":\"Mentions l\u00e9gales - Camping Au Pigeonnier\",\"isPartOf\":{\"@id\":\"https:\/\/www.camping-aupigeonnier.fr\/#website\"},\"primaryImageOfPage\":{\"@id\":\"https:\/\/www.camping-aupigeonnier.fr\/mentions-legales\/#primaryimage\"},\"image\":{\"@id\":\"https:\/\/www.camping-aupigeonnier.fr\/mentions-legales\/#primaryimage\"},\"thumbnailUrl\":\"https:\/\/www.camping-aupigeonnier.fr\/wp-content\/uploads\/sow-logo-fond_transparent-612x129-1.png\",\"datePublished\":\"2022-11-12T08:38:48+00:00\",\"dateModified\":\"2023-02-26T15:02:16+00:00\",\"breadcrumb\":{\"@id\":\"https:\/\/www.camping-aupigeonnier.fr\/mentions-legales\/#breadcrumb\"},\"inLanguage\":\"en-GB\",\"potentialAction\":[{\"@type\":\"ReadAction\",\"target\":[\"https:\/\/www.camping-aupigeonnier.fr\/mentions-legales\/\"]}]},{\"@type\":\"ImageObject\",\"inLanguage\":\"en-GB\",\"@id\":\"https:\/\/www.camping-aupigeonnier.fr\/mentions-legales\/#primaryimage\",\"url\":\"https:\/\/www.camping-aupigeonnier.fr\/wp-content\/uploads\/sow-logo-fond_transparent-612x129-1.png\",\"contentUrl\":\"https:\/\/www.camping-aupigeonnier.fr\/wp-content\/uploads\/sow-logo-fond_transparent-612x129-1.png\"},{\"@type\":\"BreadcrumbList\",\"@id\":\"https:\/\/www.camping-aupigeonnier.fr\/mentions-legales\/#breadcrumb\",\"itemListElement\":[{\"@type\":\"ListItem\",\"position\":1,\"name\":\"Home\",\"item\":\"https:\/\/www.camping-aupigeonnier.fr\/\"},{\"@type\":\"ListItem\",\"position\":2,\"name\":\"Mentions l\u00e9gales\"}]},{\"@type\":\"WebSite\",\"@id\":\"https:\/\/www.camping-aupigeonnier.fr\/#website\",\"url\":\"https:\/\/www.camping-aupigeonnier.fr\/\",\"name\":\"Camping Au Pigeonnier\",\"description\":\"Camping Au Pigeonnier\",\"publisher\":{\"@id\":\"https:\/\/www.camping-aupigeonnier.fr\/#organization\"},\"potentialAction\":[{\"@type\":\"SearchAction\",\"target\":{\"@type\":\"EntryPoint\",\"urlTemplate\":\"https:\/\/www.camping-aupigeonnier.fr\/?s={search_term_string}\"},\"query-input\":{\"@type\":\"PropertyValueSpecification\",\"valueRequired\":true,\"valueName\":\"search_term_string\"}}],\"inLanguage\":\"en-GB\"},{\"@type\":\"Organization\",\"@id\":\"https:\/\/www.camping-aupigeonnier.fr\/#organization\",\"name\":\"Camping Au Pigeonnier\",\"url\":\"https:\/\/www.camping-aupigeonnier.fr\/\",\"logo\":{\"@type\":\"ImageObject\",\"inLanguage\":\"en-GB\",\"@id\":\"https:\/\/www.camping-aupigeonnier.fr\/#\/schema\/logo\/image\/\",\"url\":\"https:\/\/www.camping-aupigeonnier.fr\/wp-content\/uploads\/cap-cap-logo_icone-512x512-1.png\",\"contentUrl\":\"https:\/\/www.camping-aupigeonnier.fr\/wp-content\/uploads\/cap-cap-logo_icone-512x512-1.png\",\"width\":512,\"height\":512,\"caption\":\"Camping Au Pigeonnier\"},\"image\":{\"@id\":\"https:\/\/www.camping-aupigeonnier.fr\/#\/schema\/logo\/image\/\"}}]}<\/script>\n<!-- \/ Yoast SEO plugin. -->","yoast_head_json":{"title":"Mentions l\u00e9gales - Camping Au Pigeonnier","robots":{"index":"index","follow":"follow","max-snippet":"max-snippet:-1","max-image-preview":"max-image-preview:large","max-video-preview":"max-video-preview:-1"},"canonical":"https:\/\/www.camping-aupigeonnier.fr\/en\/mentions-legales\/","og_locale":"en_GB","og_type":"article","og_title":"Mentions l\u00e9gales - Camping Au Pigeonnier","og_description":"\u00c9diteur de la publication Fabrice Mign\u00e9 Au Pigeonnier, Entrepreneur Individuel 73 Avenue d&rsquo;Antioche17480 Le Ch\u00e2teau d&rsquo;Ol\u00e9ronT\u00e9l : 05 46 47 62 20 contact@camping-aupigeonnier.frwww.camping-aupigeonnier.fr RCS La Rochelle : 422 659 383SIRET : 42265938300018 H\u00e9bergeur Sowebio SARL &#8211; Agence web Aquitaine 15 rue du Temple17310 St Pierre d\u2019Ol\u00e9ronT\u00e9l : 05 46 85 58 40 contact@soweb.iowww.soweb.io RCS La [&hellip;]","og_url":"https:\/\/www.camping-aupigeonnier.fr\/en\/mentions-legales\/","og_site_name":"Camping Au Pigeonnier","article_modified_time":"2023-02-26T15:02:16+00:00","og_image":[{"url":"https:\/\/www.camping-aupigeonnier.fr\/wp-content\/uploads\/sow-logo-fond_transparent-612x129-1.png","type":"","width":"","height":""}],"twitter_card":"summary_large_image","twitter_misc":{"Estimated reading time":"2 minutes"},"schema":{"@context":"https:\/\/schema.org","@graph":[{"@type":"WebPage","@id":"https:\/\/www.camping-aupigeonnier.fr\/mentions-legales\/","url":"https:\/\/www.camping-aupigeonnier.fr\/mentions-legales\/","name":"Mentions l\u00e9gales - Camping Au Pigeonnier","isPartOf":{"@id":"https:\/\/www.camping-aupigeonnier.fr\/#website"},"primaryImageOfPage":{"@id":"https:\/\/www.camping-aupigeonnier.fr\/mentions-legales\/#primaryimage"},"image":{"@id":"https:\/\/www.camping-aupigeonnier.fr\/mentions-legales\/#primaryimage"},"thumbnailUrl":"https:\/\/www.camping-aupigeonnier.fr\/wp-content\/uploads\/sow-logo-fond_transparent-612x129-1.png","datePublished":"2022-11-12T08:38:48+00:00","dateModified":"2023-02-26T15:02:16+00:00","breadcrumb":{"@id":"https:\/\/www.camping-aupigeonnier.fr\/mentions-legales\/#breadcrumb"},"inLanguage":"en-GB","potentialAction":[{"@type":"ReadAction","target":["https:\/\/www.camping-aupigeonnier.fr\/mentions-legales\/"]}]},{"@type":"ImageObject","inLanguage":"en-GB","@id":"https:\/\/www.camping-aupigeonnier.fr\/mentions-legales\/#primaryimage","url":"https:\/\/www.camping-aupigeonnier.fr\/wp-content\/uploads\/sow-logo-fond_transparent-612x129-1.png","contentUrl":"https:\/\/www.camping-aupigeonnier.fr\/wp-content\/uploads\/sow-logo-fond_transparent-612x129-1.png"},{"@type":"BreadcrumbList","@id":"https:\/\/www.camping-aupigeonnier.fr\/mentions-legales\/#breadcrumb","itemListElement":[{"@type":"ListItem","position":1,"name":"Home","item":"https:\/\/www.camping-aupigeonnier.fr\/"},{"@type":"ListItem","position":2,"name":"Mentions l\u00e9gales"}]},{"@type":"WebSite","@id":"https:\/\/www.camping-aupigeonnier.fr\/#website","url":"https:\/\/www.camping-aupigeonnier.fr\/","name":"Camping Au Pigeonnier","description":"Camping Au Pigeonnier","publisher":{"@id":"https:\/\/www.camping-aupigeonnier.fr\/#organization"},"potentialAction":[{"@type":"SearchAction","target":{"@type":"EntryPoint","urlTemplate":"https:\/\/www.camping-aupigeonnier.fr\/?s={search_term_string}"},"query-input":{"@type":"PropertyValueSpecification","valueRequired":true,"valueName":"search_term_string"}}],"inLanguage":"en-GB"},{"@type":"Organization","@id":"https:\/\/www.camping-aupigeonnier.fr\/#organization","name":"Camping Au Pigeonnier","url":"https:\/\/www.camping-aupigeonnier.fr\/","logo":{"@type":"ImageObject","inLanguage":"en-GB","@id":"https:\/\/www.camping-aupigeonnier.fr\/#\/schema\/logo\/image\/","url":"https:\/\/www.camping-aupigeonnier.fr\/wp-content\/uploads\/cap-cap-logo_icone-512x512-1.png","contentUrl":"https:\/\/www.camping-aupigeonnier.fr\/wp-content\/uploads\/cap-cap-logo_icone-512x512-1.png","width":512,"height":512,"caption":"Camping Au Pigeonnier"},"image":{"@id":"https:\/\/www.camping-aupigeonnier.fr\/#\/schema\/logo\/image\/"}}]}},"_links":{"self":[{"href":"https:\/\/www.camping-aupigeonnier.fr\/en\/wp-json\/wp\/v2\/pages\/1514","targetHints":{"allow":["GET"]}}],"collection":[{"href":"https:\/\/www.camping-aupigeonnier.fr\/en\/wp-json\/wp\/v2\/pages"}],"about":[{"href":"https:\/\/www.camping-aupigeonnier.fr\/en\/wp-json\/wp\/v2\/types\/page"}],"author":[{"embeddable":true,"href":"https:\/\/www.camping-aupigeonnier.fr\/en\/wp-json\/wp\/v2\/users\/4"}],"replies":[{"embeddable":true,"href":"https:\/\/www.camping-aupigeonnier.fr\/en\/wp-json\/wp\/v2\/comments?post=1514"}],"version-history":[{"count":6,"href":"https:\/\/www.camping-aupigeonnier.fr\/en\/wp-json\/wp\/v2\/pages\/1514\/revisions"}],"predecessor-version":[{"id":6026,"href":"https:\/\/www.camping-aupigeonnier.fr\/en\/wp-json\/wp\/v2\/pages\/1514\/revisions\/6026"}],"wp:attachment":[{"href":"https:\/\/www.camping-aupigeonnier.fr\/en\/wp-json\/wp\/v2\/media?parent=1514"}],"curies":[{"name":"wp","href":"https:\/\/api.w.org\/{rel}","templated":true}]}}