{"id":1512,"date":"2022-11-12T08:38:31","date_gmt":"2022-11-12T08:38:31","guid":{"rendered":"https:\/\/www.camping-aupigeonnier.fr\/?page_id=1512"},"modified":"2023-02-16T15:39:10","modified_gmt":"2023-02-16T15:39:10","slug":"politique-de-confidentialite","status":"publish","type":"page","link":"https:\/\/www.camping-aupigeonnier.fr\/en\/politique-de-confidentialite\/","title":{"rendered":"Privacy Policy"},"content":{"rendered":"<div data-elementor-type=\"wp-page\" data-elementor-id=\"1512\" class=\"elementor elementor-1512\" data-elementor-post-type=\"page\">\n\t\t\t\t\t\t<section class=\"elementor-section elementor-top-section elementor-element elementor-element-7edc95a6 elementor-section-boxed elementor-section-height-default elementor-section-height-default\" data-id=\"7edc95a6\" data-element_type=\"section\" data-settings=\"{&quot;background_background&quot;:&quot;classic&quot;}\">\n\t\t\t\t\t\t\t<div class=\"elementor-background-overlay\"><\/div>\n\t\t\t\t\t\t\t<div class=\"elementor-container elementor-column-gap-default\">\n\t\t\t\t\t<div class=\"elementor-column elementor-col-100 elementor-top-column elementor-element elementor-element-1ac38009\" data-id=\"1ac38009\" data-element_type=\"column\">\n\t\t\t<div class=\"elementor-widget-wrap elementor-element-populated\">\n\t\t\t\t\t\t<div class=\"elementor-element elementor-element-44a2d655 elementor-widget elementor-widget-spacer\" data-id=\"44a2d655\" data-element_type=\"widget\" data-widget_type=\"spacer.default\">\n\t\t\t\t<div class=\"elementor-widget-container\">\n\t\t\t\t\t<div class=\"elementor-spacer\">\n\t\t\t<div class=\"elementor-spacer-inner\"><\/div>\n\t\t<\/div>\n\t\t\t\t<\/div>\n\t\t\t\t<\/div>\n\t\t\t\t<div class=\"elementor-element elementor-element-67a77904 elementor-widget elementor-widget-heading\" data-id=\"67a77904\" data-element_type=\"widget\" data-widget_type=\"heading.default\">\n\t\t\t\t<div class=\"elementor-widget-container\">\n\t\t\t<h1 class=\"elementor-heading-title elementor-size-default\">Privacy policy<\/h1>\t\t<\/div>\n\t\t\t\t<\/div>\n\t\t\t\t<div class=\"elementor-element elementor-element-3521de1f elementor-widget elementor-widget-spacer\" data-id=\"3521de1f\" data-element_type=\"widget\" data-widget_type=\"spacer.default\">\n\t\t\t\t<div class=\"elementor-widget-container\">\n\t\t\t\t\t<div class=\"elementor-spacer\">\n\t\t\t<div class=\"elementor-spacer-inner\"><\/div>\n\t\t<\/div>\n\t\t\t\t<\/div>\n\t\t\t\t<\/div>\n\t\t\t\t<div class=\"elementor-element elementor-element-2a607981 elementor-widget elementor-widget-heading\" data-id=\"2a607981\" data-element_type=\"widget\" data-widget_type=\"heading.default\">\n\t\t\t\t<div class=\"elementor-widget-container\">\n\t\t\t<h2 class=\"elementor-heading-title elementor-size-default\">What we collect<\/h2>\t\t<\/div>\n\t\t\t\t<\/div>\n\t\t\t\t<div class=\"elementor-element elementor-element-1a351ac4 elementor-widget elementor-widget-text-editor\" data-id=\"1a351ac4\" data-element_type=\"widget\" data-widget_type=\"text-editor.default\">\n\t\t\t\t<div class=\"elementor-widget-container\">\n\t\t\t\t\t\t\t<p>Votre adresse IP est anonymis\u00e9e et la partie conserv\u00e9e n&rsquo;est utilis\u00e9e que pour identifier le pays. Nous recueillons le type de votre navigateur internet et de votre syst\u00e8me d&rsquo;exploitation. Les donn\u00e9es sont automatiquement effac\u00e9es dans un d\u00e9lai conforme \u00e0 la r\u00e9glementation.<\/p><p>Si ce site web contient un formulaire de contact, votre permission est requise pour l&rsquo;utiliser. Nous recueillons alors les informations que vous nous fournissez, tels que votre nom, votre adresse e-mail et toute autre information pertinente et demand\u00e9e dans le formulaire. Les donn\u00e9es sont automatiquement effac\u00e9es dans un d\u00e9lai conforme \u00e0 la r\u00e9glementation.<\/p>\t\t\t\t\t\t<\/div>\n\t\t\t\t<\/div>\n\t\t\t\t<div class=\"elementor-element elementor-element-4b164055 elementor-widget elementor-widget-heading\" data-id=\"4b164055\" data-element_type=\"widget\" data-widget_type=\"heading.default\">\n\t\t\t\t<div class=\"elementor-widget-container\">\n\t\t\t<h2 class=\"elementor-heading-title elementor-size-default\">Why we collect<\/h2>\t\t<\/div>\n\t\t\t\t<\/div>\n\t\t\t\t<div class=\"elementor-element elementor-element-655d61ea elementor-widget elementor-widget-text-editor\" data-id=\"655d61ea\" data-element_type=\"widget\" data-widget_type=\"text-editor.default\">\n\t\t\t\t<div class=\"elementor-widget-container\">\n\t\t\t\t\t\t\t<p>Selon les cas, l&rsquo;h\u00e9bergeur traite vos donn\u00e9es collect\u00e9es via le site pour les principales finalit\u00e9s suivantes :<\/p><ul><li>Management, processing and follow-up of your requests and your exchanges with the company<\/li><li>Site's quality and functionality<\/li><li>Studies, analyses, reports and statistics<\/li><\/ul>\t\t\t\t\t\t<\/div>\n\t\t\t\t<\/div>\n\t\t\t\t<div class=\"elementor-element elementor-element-5748a6c2 elementor-widget elementor-widget-heading\" data-id=\"5748a6c2\" data-element_type=\"widget\" data-widget_type=\"heading.default\">\n\t\t\t\t<div class=\"elementor-widget-container\">\n\t\t\t<h2 class=\"elementor-heading-title elementor-size-default\">Data management<\/h2>\t\t<\/div>\n\t\t\t\t<\/div>\n\t\t\t\t<div class=\"elementor-element elementor-element-6e7563b3 elementor-widget elementor-widget-text-editor\" data-id=\"6e7563b3\" data-element_type=\"widget\" data-widget_type=\"text-editor.default\">\n\t\t\t\t<div class=\"elementor-widget-container\">\n\t\t\t\t\t\t\t<p>How is consent obtained ?<\/p>\n<ul>\n<li>L&rsquo;acceptation n&rsquo;est jamais acquise par d\u00e9faut. Nous vous demanderons toujours votre consentement explicite, en pr\u00e9cisant le contexte du recueil.<\/li>\n<\/ul>\n<p>How can I withdraw my consent or control my data ?<\/p>\n<p>Contactez l&rsquo;h\u00e9bergeur&nbsp; :<\/p>\n<ul>\n<li>If you no longer consent to our use of your personal data in the agreed-upon manner<\/li>\n<li>If you wish to consult, modify or delete your personal data<\/li>\n<\/ul>\t\t\t\t\t\t<\/div>\n\t\t\t\t<\/div>\n\t\t\t\t<div class=\"elementor-element elementor-element-11778113 elementor-widget elementor-widget-heading\" data-id=\"11778113\" data-element_type=\"widget\" data-widget_type=\"heading.default\">\n\t\t\t\t<div class=\"elementor-widget-container\">\n\t\t\t<h2 class=\"elementor-heading-title elementor-size-default\">Data use<\/h2>\t\t<\/div>\n\t\t\t\t<\/div>\n\t\t\t\t<div class=\"elementor-element elementor-element-11c10ca9 elementor-widget elementor-widget-text-editor\" data-id=\"11c10ca9\" data-element_type=\"widget\" data-widget_type=\"text-editor.default\">\n\t\t\t\t<div class=\"elementor-widget-container\">\n\t\t\t\t\t\t\t<p>Your personal data are intended for the company's authorized departments and personnel.<\/p><p>They can be communicated, for some of the above-mentioned purposes, and only if the communication proves to be necessary, to the personnel who can intervene within the framework of the above-mentioned treatments of personal data.<\/p>\t\t\t\t\t\t<\/div>\n\t\t\t\t<\/div>\n\t\t\t\t<div class=\"elementor-element elementor-element-1e7389a elementor-widget elementor-widget-heading\" data-id=\"1e7389a\" data-element_type=\"widget\" data-widget_type=\"heading.default\">\n\t\t\t\t<div class=\"elementor-widget-container\">\n\t\t\t<h2 class=\"elementor-heading-title elementor-size-default\">Data disclosure<\/h2>\t\t<\/div>\n\t\t\t\t<\/div>\n\t\t\t\t<div class=\"elementor-element elementor-element-7dfbb748 elementor-widget elementor-widget-text-editor\" data-id=\"7dfbb748\" data-element_type=\"widget\" data-widget_type=\"text-editor.default\">\n\t\t\t\t<div class=\"elementor-widget-container\">\n\t\t\t\t\t\t\t<p>We may disclose your personal information if we are required to do so by law.<\/p><p>Aucun serveur n&rsquo;est h\u00e9berg\u00e9 aux \u00c9tats-Unis : les donn\u00e9es manipul\u00e9es par l&rsquo;h\u00e9bergeur ne sont pas soumises au Patriot Act.<\/p>\t\t\t\t\t\t<\/div>\n\t\t\t\t<\/div>\n\t\t\t\t<div class=\"elementor-element elementor-element-5eaf79cd elementor-widget elementor-widget-heading\" data-id=\"5eaf79cd\" data-element_type=\"widget\" data-widget_type=\"heading.default\">\n\t\t\t\t<div class=\"elementor-widget-container\">\n\t\t\t<h2 class=\"elementor-heading-title elementor-size-default\">Data security - for all sites<\/h2>\t\t<\/div>\n\t\t\t\t<\/div>\n\t\t\t\t<div class=\"elementor-element elementor-element-55405c21 elementor-widget elementor-widget-text-editor\" data-id=\"55405c21\" data-element_type=\"widget\" data-widget_type=\"text-editor.default\">\n\t\t\t\t<div class=\"elementor-widget-container\">\n\t\t\t\t\t\t\t<p>All our sites use high level encryption.<\/p><p>Vos donn\u00e9es sont recueillies dans l&rsquo;infrastructure de l&rsquo;h\u00e9bergeur et sont prot\u00e9g\u00e9es par un ensemble de dispositions en accord avec les r\u00e8gles d&rsquo;usage.<\/p><p>Nous mettons en \u0153uvre des normes et des pratiques reconnues par l&rsquo;industrie, pour garantir une exigence de s\u00e9curit\u00e9 ad\u00e9quate.<\/p>\t\t\t\t\t\t<\/div>\n\t\t\t\t<\/div>\n\t\t\t\t<div class=\"elementor-element elementor-element-1c6bd48d elementor-widget elementor-widget-heading\" data-id=\"1c6bd48d\" data-element_type=\"widget\" data-widget_type=\"heading.default\">\n\t\t\t\t<div class=\"elementor-widget-container\">\n\t\t\t<h2 class=\"elementor-heading-title elementor-size-default\">Links and external sites<\/h2>\t\t<\/div>\n\t\t\t\t<\/div>\n\t\t\t\t<div class=\"elementor-element elementor-element-626dbb1a elementor-widget elementor-widget-text-editor\" data-id=\"626dbb1a\" data-element_type=\"widget\" data-widget_type=\"text-editor.default\">\n\t\t\t\t<div class=\"elementor-widget-container\">\n\t\t\t\t\t\t\t<p>You may leave this website by clicking on external links. These links usually open a new tab. We are not responsible for the contents of these external links.<\/p>\t\t\t\t\t\t<\/div>\n\t\t\t\t<\/div>\n\t\t\t\t<div class=\"elementor-element elementor-element-74cce40b elementor-widget elementor-widget-heading\" data-id=\"74cce40b\" data-element_type=\"widget\" data-widget_type=\"heading.default\">\n\t\t\t\t<div class=\"elementor-widget-container\">\n\t\t\t<h2 class=\"elementor-heading-title elementor-size-default\">Age of consent<\/h2>\t\t<\/div>\n\t\t\t\t<\/div>\n\t\t\t\t<div class=\"elementor-element elementor-element-35c4826f elementor-widget elementor-widget-text-editor\" data-id=\"35c4826f\" data-element_type=\"widget\" data-widget_type=\"text-editor.default\">\n\t\t\t\t<div class=\"elementor-widget-container\">\n\t\t\t\t\t\t\t<p>By using this site, you declare that you are at least the age of majority in your state and that you have given us your consent to allow any minor in your care to use this website.<\/p>\t\t\t\t\t\t<\/div>\n\t\t\t\t<\/div>\n\t\t\t\t<div class=\"elementor-element elementor-element-165f8db9 elementor-widget elementor-widget-heading\" data-id=\"165f8db9\" data-element_type=\"widget\" data-widget_type=\"heading.default\">\n\t\t\t\t<div class=\"elementor-widget-container\">\n\t\t\t<h2 class=\"elementor-heading-title elementor-size-default\">Privacy policy changes<\/h2>\t\t<\/div>\n\t\t\t\t<\/div>\n\t\t\t\t<div class=\"elementor-element elementor-element-5337454b elementor-widget elementor-widget-text-editor\" data-id=\"5337454b\" data-element_type=\"widget\" data-widget_type=\"text-editor.default\">\n\t\t\t\t<div class=\"elementor-widget-container\">\n\t\t\t\t\t\t\t<p>Veuillez consulter cette politique de confidentialit\u00e9 fr\u00e9quemment car elle susceptible d&rsquo;\u00eatre mise \u00e0 jour \u00e0 tout moment. Les changements prendront effet imm\u00e9diatement apr\u00e8s leur publication sur ce site web. Par ailleurs, tous les formulaires de collecte de donn\u00e9es \u00e0 caract\u00e8re personnel figurant sur notre site proposent un lien vers la pr\u00e9sente politique.<\/p>\t\t\t\t\t\t<\/div>\n\t\t\t\t<\/div>\n\t\t\t\t<div class=\"elementor-element elementor-element-57761ad1 elementor-widget elementor-widget-heading\" data-id=\"57761ad1\" data-element_type=\"widget\" data-widget_type=\"heading.default\">\n\t\t\t\t<div class=\"elementor-widget-container\">\n\t\t\t<h2 class=\"elementor-heading-title elementor-size-default\">Cookies<\/h2>\t\t<\/div>\n\t\t\t\t<\/div>\n\t\t\t\t<div class=\"elementor-element elementor-element-31415e71 elementor-widget elementor-widget-text-editor\" data-id=\"31415e71\" data-element_type=\"widget\" data-widget_type=\"text-editor.default\">\n\t\t\t\t<div class=\"elementor-widget-container\">\n\t\t\t\t\t\t\t<p>The website use GDPR compliant cookies to :<\/p><ul><li>Functional purposes<\/li><li>Anonymous navigation statistics in order to improve the user's experience<\/li><li>Allow access to a member's account and content that is not accessible without logging in<\/li><\/ul><div>\u00a0<\/div><p>The user acknowledges that he\/she is aware of this practice and grants the host to use it.<\/p><p>Les cookies sont seulement enregistr\u00e9s temporairement sur l&rsquo;ordinateur de l&rsquo;utilisateur. L\u2019utilisateur peut refuser l\u2019enregistrement des cookies et configurer son navigateur pour \u00eatre pr\u00e9venu pr\u00e9alablement \u00e0 l\u2019acceptation des cookies. Pour ce faire, l\u2019utilisateur proc\u00e9dera au param\u00e9trage de son navigateur en ce sens.<\/p>\t\t\t\t\t\t<\/div>\n\t\t\t\t<\/div>\n\t\t\t\t\t<\/div>\n\t\t<\/div>\n\t\t\t\t\t<\/div>\n\t\t<\/section>\n\t\t\t\t<\/div>","protected":false},"excerpt":{"rendered":"<p>Politique de confidentialit\u00e9 Donn\u00e9es recueillies Votre adresse IP est anonymis\u00e9e et la partie conserv\u00e9e n&rsquo;est utilis\u00e9e que pour identifier le pays. Nous recueillons le type de votre navigateur internet et de votre syst\u00e8me d&rsquo;exploitation. Les donn\u00e9es sont automatiquement effac\u00e9es dans un d\u00e9lai conforme \u00e0 la r\u00e9glementation. Si ce site web contient un formulaire de contact, [&hellip;]<\/p>","protected":false},"author":4,"featured_media":0,"parent":0,"menu_order":0,"comment_status":"closed","ping_status":"closed","template":"","meta":{"footnotes":""},"class_list":["post-1512","page","type-page","status-publish","hentry"],"yoast_head":"<!-- This site is optimized with the Yoast SEO plugin v26.4 - https:\/\/yoast.com\/wordpress\/plugins\/seo\/ -->\n<title>Politique de Confidentialit\u00e9 - Camping Au Pigeonnier<\/title>\n<meta name=\"robots\" content=\"index, follow, max-snippet:-1, max-image-preview:large, max-video-preview:-1\" \/>\n<link rel=\"canonical\" href=\"https:\/\/www.camping-aupigeonnier.fr\/en\/politique-de-confidentialite\/\" \/>\n<meta property=\"og:locale\" content=\"en_GB\" \/>\n<meta property=\"og:type\" content=\"article\" \/>\n<meta property=\"og:title\" content=\"Politique de Confidentialit\u00e9 - Camping Au Pigeonnier\" \/>\n<meta property=\"og:description\" content=\"Politique de confidentialit\u00e9 Donn\u00e9es recueillies Votre adresse IP est anonymis\u00e9e et la partie conserv\u00e9e n&rsquo;est utilis\u00e9e que pour identifier le pays. Nous recueillons le type de votre navigateur internet et de votre syst\u00e8me d&rsquo;exploitation. Les donn\u00e9es sont automatiquement effac\u00e9es dans un d\u00e9lai conforme \u00e0 la r\u00e9glementation. Si ce site web contient un formulaire de contact, [&hellip;]\" \/>\n<meta property=\"og:url\" content=\"https:\/\/www.camping-aupigeonnier.fr\/en\/politique-de-confidentialite\/\" \/>\n<meta property=\"og:site_name\" content=\"Camping Au Pigeonnier\" \/>\n<meta property=\"article:modified_time\" content=\"2023-02-16T15:39:10+00:00\" \/>\n<meta name=\"twitter:card\" content=\"summary_large_image\" \/>\n<meta name=\"twitter:label1\" content=\"Estimated reading time\" \/>\n\t<meta name=\"twitter:data1\" content=\"4 minutes\" \/>\n<script type=\"application\/ld+json\" class=\"yoast-schema-graph\">{\"@context\":\"https:\/\/schema.org\",\"@graph\":[{\"@type\":\"WebPage\",\"@id\":\"https:\/\/www.camping-aupigeonnier.fr\/politique-de-confidentialite\/\",\"url\":\"https:\/\/www.camping-aupigeonnier.fr\/politique-de-confidentialite\/\",\"name\":\"Politique de Confidentialit\u00e9 - Camping Au Pigeonnier\",\"isPartOf\":{\"@id\":\"https:\/\/www.camping-aupigeonnier.fr\/#website\"},\"datePublished\":\"2022-11-12T08:38:31+00:00\",\"dateModified\":\"2023-02-16T15:39:10+00:00\",\"breadcrumb\":{\"@id\":\"https:\/\/www.camping-aupigeonnier.fr\/politique-de-confidentialite\/#breadcrumb\"},\"inLanguage\":\"en-GB\",\"potentialAction\":[{\"@type\":\"ReadAction\",\"target\":[\"https:\/\/www.camping-aupigeonnier.fr\/politique-de-confidentialite\/\"]}]},{\"@type\":\"BreadcrumbList\",\"@id\":\"https:\/\/www.camping-aupigeonnier.fr\/politique-de-confidentialite\/#breadcrumb\",\"itemListElement\":[{\"@type\":\"ListItem\",\"position\":1,\"name\":\"Home\",\"item\":\"https:\/\/www.camping-aupigeonnier.fr\/\"},{\"@type\":\"ListItem\",\"position\":2,\"name\":\"Politique de Confidentialit\u00e9\"}]},{\"@type\":\"WebSite\",\"@id\":\"https:\/\/www.camping-aupigeonnier.fr\/#website\",\"url\":\"https:\/\/www.camping-aupigeonnier.fr\/\",\"name\":\"Camping Au Pigeonnier\",\"description\":\"Camping Au Pigeonnier\",\"publisher\":{\"@id\":\"https:\/\/www.camping-aupigeonnier.fr\/#organization\"},\"potentialAction\":[{\"@type\":\"SearchAction\",\"target\":{\"@type\":\"EntryPoint\",\"urlTemplate\":\"https:\/\/www.camping-aupigeonnier.fr\/?s={search_term_string}\"},\"query-input\":{\"@type\":\"PropertyValueSpecification\",\"valueRequired\":true,\"valueName\":\"search_term_string\"}}],\"inLanguage\":\"en-GB\"},{\"@type\":\"Organization\",\"@id\":\"https:\/\/www.camping-aupigeonnier.fr\/#organization\",\"name\":\"Camping Au Pigeonnier\",\"url\":\"https:\/\/www.camping-aupigeonnier.fr\/\",\"logo\":{\"@type\":\"ImageObject\",\"inLanguage\":\"en-GB\",\"@id\":\"https:\/\/www.camping-aupigeonnier.fr\/#\/schema\/logo\/image\/\",\"url\":\"https:\/\/www.camping-aupigeonnier.fr\/wp-content\/uploads\/cap-cap-logo_icone-512x512-1.png\",\"contentUrl\":\"https:\/\/www.camping-aupigeonnier.fr\/wp-content\/uploads\/cap-cap-logo_icone-512x512-1.png\",\"width\":512,\"height\":512,\"caption\":\"Camping Au Pigeonnier\"},\"image\":{\"@id\":\"https:\/\/www.camping-aupigeonnier.fr\/#\/schema\/logo\/image\/\"}}]}<\/script>\n<!-- \/ Yoast SEO plugin. -->","yoast_head_json":{"title":"Politique de Confidentialit\u00e9 - Camping Au Pigeonnier","robots":{"index":"index","follow":"follow","max-snippet":"max-snippet:-1","max-image-preview":"max-image-preview:large","max-video-preview":"max-video-preview:-1"},"canonical":"https:\/\/www.camping-aupigeonnier.fr\/en\/politique-de-confidentialite\/","og_locale":"en_GB","og_type":"article","og_title":"Politique de Confidentialit\u00e9 - Camping Au Pigeonnier","og_description":"Politique de confidentialit\u00e9 Donn\u00e9es recueillies Votre adresse IP est anonymis\u00e9e et la partie conserv\u00e9e n&rsquo;est utilis\u00e9e que pour identifier le pays. Nous recueillons le type de votre navigateur internet et de votre syst\u00e8me d&rsquo;exploitation. Les donn\u00e9es sont automatiquement effac\u00e9es dans un d\u00e9lai conforme \u00e0 la r\u00e9glementation. Si ce site web contient un formulaire de contact, [&hellip;]","og_url":"https:\/\/www.camping-aupigeonnier.fr\/en\/politique-de-confidentialite\/","og_site_name":"Camping Au Pigeonnier","article_modified_time":"2023-02-16T15:39:10+00:00","twitter_card":"summary_large_image","twitter_misc":{"Estimated reading time":"4 minutes"},"schema":{"@context":"https:\/\/schema.org","@graph":[{"@type":"WebPage","@id":"https:\/\/www.camping-aupigeonnier.fr\/politique-de-confidentialite\/","url":"https:\/\/www.camping-aupigeonnier.fr\/politique-de-confidentialite\/","name":"Politique de Confidentialit\u00e9 - Camping Au Pigeonnier","isPartOf":{"@id":"https:\/\/www.camping-aupigeonnier.fr\/#website"},"datePublished":"2022-11-12T08:38:31+00:00","dateModified":"2023-02-16T15:39:10+00:00","breadcrumb":{"@id":"https:\/\/www.camping-aupigeonnier.fr\/politique-de-confidentialite\/#breadcrumb"},"inLanguage":"en-GB","potentialAction":[{"@type":"ReadAction","target":["https:\/\/www.camping-aupigeonnier.fr\/politique-de-confidentialite\/"]}]},{"@type":"BreadcrumbList","@id":"https:\/\/www.camping-aupigeonnier.fr\/politique-de-confidentialite\/#breadcrumb","itemListElement":[{"@type":"ListItem","position":1,"name":"Home","item":"https:\/\/www.camping-aupigeonnier.fr\/"},{"@type":"ListItem","position":2,"name":"Politique de Confidentialit\u00e9"}]},{"@type":"WebSite","@id":"https:\/\/www.camping-aupigeonnier.fr\/#website","url":"https:\/\/www.camping-aupigeonnier.fr\/","name":"Camping Au Pigeonnier","description":"Camping Au Pigeonnier","publisher":{"@id":"https:\/\/www.camping-aupigeonnier.fr\/#organization"},"potentialAction":[{"@type":"SearchAction","target":{"@type":"EntryPoint","urlTemplate":"https:\/\/www.camping-aupigeonnier.fr\/?s={search_term_string}"},"query-input":{"@type":"PropertyValueSpecification","valueRequired":true,"valueName":"search_term_string"}}],"inLanguage":"en-GB"},{"@type":"Organization","@id":"https:\/\/www.camping-aupigeonnier.fr\/#organization","name":"Camping Au Pigeonnier","url":"https:\/\/www.camping-aupigeonnier.fr\/","logo":{"@type":"ImageObject","inLanguage":"en-GB","@id":"https:\/\/www.camping-aupigeonnier.fr\/#\/schema\/logo\/image\/","url":"https:\/\/www.camping-aupigeonnier.fr\/wp-content\/uploads\/cap-cap-logo_icone-512x512-1.png","contentUrl":"https:\/\/www.camping-aupigeonnier.fr\/wp-content\/uploads\/cap-cap-logo_icone-512x512-1.png","width":512,"height":512,"caption":"Camping Au Pigeonnier"},"image":{"@id":"https:\/\/www.camping-aupigeonnier.fr\/#\/schema\/logo\/image\/"}}]}},"_links":{"self":[{"href":"https:\/\/www.camping-aupigeonnier.fr\/en\/wp-json\/wp\/v2\/pages\/1512","targetHints":{"allow":["GET"]}}],"collection":[{"href":"https:\/\/www.camping-aupigeonnier.fr\/en\/wp-json\/wp\/v2\/pages"}],"about":[{"href":"https:\/\/www.camping-aupigeonnier.fr\/en\/wp-json\/wp\/v2\/types\/page"}],"author":[{"embeddable":true,"href":"https:\/\/www.camping-aupigeonnier.fr\/en\/wp-json\/wp\/v2\/users\/4"}],"replies":[{"embeddable":true,"href":"https:\/\/www.camping-aupigeonnier.fr\/en\/wp-json\/wp\/v2\/comments?post=1512"}],"version-history":[{"count":6,"href":"https:\/\/www.camping-aupigeonnier.fr\/en\/wp-json\/wp\/v2\/pages\/1512\/revisions"}],"predecessor-version":[{"id":5644,"href":"https:\/\/www.camping-aupigeonnier.fr\/en\/wp-json\/wp\/v2\/pages\/1512\/revisions\/5644"}],"wp:attachment":[{"href":"https:\/\/www.camping-aupigeonnier.fr\/en\/wp-json\/wp\/v2\/media?parent=1512"}],"curies":[{"name":"wp","href":"https:\/\/api.w.org\/{rel}","templated":true}]}}