{"id":11359,"date":"2026-01-09T08:29:50","date_gmt":"2026-01-09T07:29:50","guid":{"rendered":"https:\/\/www.camping-aupigeonnier.fr\/?page_id=11359"},"modified":"2026-01-09T08:45:37","modified_gmt":"2026-01-09T07:45:37","slug":"recrutement-camping-oleron","status":"publish","type":"page","link":"https:\/\/www.camping-aupigeonnier.fr\/en\/recrutement-camping-oleron\/","title":{"rendered":"Recrutement"},"content":{"rendered":"<div data-elementor-type=\"wp-page\" data-elementor-id=\"11359\" class=\"elementor elementor-11359\" data-elementor-post-type=\"page\">\n\t\t\t\t<div class=\"elementor-element elementor-element-d83bfa6 e-flex e-con-boxed e-con e-parent\" data-id=\"d83bfa6\" data-element_type=\"container\">\n\t\t\t\t\t<div class=\"e-con-inner\">\n\t\t\t\t<div class=\"elementor-element elementor-element-a1a5ef4 elementor-grid-3 elementor-grid-tablet-2 elementor-grid-mobile-1 elementor-posts--thumbnail-top elementor-posts--show-avatar elementor-card-shadow-yes elementor-posts__hover-gradient elementor-widget elementor-widget-posts\" data-id=\"a1a5ef4\" data-element_type=\"widget\" data-settings=\"{&quot;pagination_type&quot;:&quot;load_more_infinite_scroll&quot;,&quot;cards_columns&quot;:&quot;3&quot;,&quot;cards_columns_tablet&quot;:&quot;2&quot;,&quot;cards_columns_mobile&quot;:&quot;1&quot;,&quot;cards_row_gap&quot;:{&quot;unit&quot;:&quot;px&quot;,&quot;size&quot;:35,&quot;sizes&quot;:[]},&quot;cards_row_gap_tablet&quot;:{&quot;unit&quot;:&quot;px&quot;,&quot;size&quot;:&quot;&quot;,&quot;sizes&quot;:[]},&quot;cards_row_gap_mobile&quot;:{&quot;unit&quot;:&quot;px&quot;,&quot;size&quot;:&quot;&quot;,&quot;sizes&quot;:[]},&quot;load_more_spinner&quot;:{&quot;value&quot;:&quot;fas fa-spinner&quot;,&quot;library&quot;:&quot;fa-solid&quot;}}\" data-widget_type=\"posts.cards\">\n\t\t\t\t<div class=\"elementor-widget-container\">\n\t\t\t\t\t<div class=\"elementor-posts-container elementor-posts elementor-posts--skin-cards elementor-grid\">\n\t\t\t\t<article class=\"elementor-post elementor-grid-item post-8943 post type-post status-publish format-standard has-post-thumbnail hentry category-recrutement\">\n\t\t\t<div class=\"elementor-post__card\">\n\t\t\t\t<a class=\"elementor-post__thumbnail__link\" href=\"https:\/\/www.camping-aupigeonnier.fr\/en\/offre-demploi-techniciennes-de-surface\/\" tabindex=\"-1\" ><div class=\"elementor-post__thumbnail\"><img loading=\"lazy\" decoding=\"async\" width=\"800\" height=\"533\" src=\"https:\/\/www.camping-aupigeonnier.fr\/wp-content\/uploads\/techniciensurface.webp\" class=\"attachment-large size-large wp-image-11369\" alt=\"Emploi technicienne de surface\" srcset=\"https:\/\/www.camping-aupigeonnier.fr\/wp-content\/uploads\/techniciensurface.webp 900w, https:\/\/www.camping-aupigeonnier.fr\/wp-content\/uploads\/techniciensurface-300x200.webp 300w, https:\/\/www.camping-aupigeonnier.fr\/wp-content\/uploads\/techniciensurface-768x512.webp 768w, https:\/\/www.camping-aupigeonnier.fr\/wp-content\/uploads\/techniciensurface-18x12.webp 18w\" sizes=\"auto, (max-width: 800px) 100vw, 800px\" \/><\/div><\/a>\n\t\t\t\t<div class=\"elementor-post__badge\">Recrutement<\/div>\n\t\t\t\t<div class=\"elementor-post__avatar\">\n\t\t\t\t\t<\/div>\n\t\t\t\t<div class=\"elementor-post__text\">\n\t\t\t\t<h2 class=\"elementor-post__title\">\n\t\t\t<a href=\"https:\/\/www.camping-aupigeonnier.fr\/en\/offre-demploi-techniciennes-de-surface\/\" >\n\t\t\t\tOffre d&#8217;emploi Technicienne de surface\t\t\t<\/a>\n\t\t<\/h2>\n\t\t\t\t<div class=\"elementor-post__excerpt\">\n\t\t\t<p>Technicien (h\/f) de surface camping Ol\u00e9ron Offre d&#8217;emploi Technicienne de Surface Nous recherchons un(e) Technicien(ne) de Surface dynamique et polyvalent<\/p>\n\t\t<\/div>\n\t\t\n\t\t<a class=\"elementor-post__read-more\" href=\"https:\/\/www.camping-aupigeonnier.fr\/en\/offre-demploi-techniciennes-de-surface\/\" aria-label=\"Read more about Offre d&#8217;emploi Technicienne de surface\" tabindex=\"-1\" >\n\t\t\tRead more about\t\t<\/a>\n\n\t\t\t\t<\/div>\n\t\t\t\t<div class=\"elementor-post__meta-data\">\n\t\t\t\t\t<span class=\"elementor-post-date\">\n\t\t\tJanuary 8, 2026\t\t<\/span>\n\t\t\t\t<span class=\"elementor-post-avatar\">\n\t\t\tNo Comments\t\t<\/span>\n\t\t\t\t<\/div>\n\t\t\t\t\t<\/div>\n\t\t<\/article>\n\t\t\t\t<article class=\"elementor-post elementor-grid-item post-8903 post type-post status-publish format-standard has-post-thumbnail hentry category-recrutement\">\n\t\t\t<div class=\"elementor-post__card\">\n\t\t\t\t<a class=\"elementor-post__thumbnail__link\" href=\"https:\/\/www.camping-aupigeonnier.fr\/en\/offre-demploi-animateur\/\" tabindex=\"-1\" ><div class=\"elementor-post__thumbnail\"><img loading=\"lazy\" decoding=\"async\" width=\"800\" height=\"640\" src=\"https:\/\/www.camping-aupigeonnier.fr\/wp-content\/uploads\/animateur.webp\" class=\"attachment-large size-large wp-image-11368\" alt=\"Animateur camping ol\u00e9ron\" srcset=\"https:\/\/www.camping-aupigeonnier.fr\/wp-content\/uploads\/animateur.webp 900w, https:\/\/www.camping-aupigeonnier.fr\/wp-content\/uploads\/animateur-300x240.webp 300w, https:\/\/www.camping-aupigeonnier.fr\/wp-content\/uploads\/animateur-768x614.webp 768w, https:\/\/www.camping-aupigeonnier.fr\/wp-content\/uploads\/animateur-15x12.webp 15w\" sizes=\"auto, (max-width: 800px) 100vw, 800px\" \/><\/div><\/a>\n\t\t\t\t<div class=\"elementor-post__badge\">Recrutement<\/div>\n\t\t\t\t<div class=\"elementor-post__avatar\">\n\t\t\t\t\t<\/div>\n\t\t\t\t<div class=\"elementor-post__text\">\n\t\t\t\t<h2 class=\"elementor-post__title\">\n\t\t\t<a href=\"https:\/\/www.camping-aupigeonnier.fr\/en\/offre-demploi-animateur\/\" >\n\t\t\t\tJob opening: Activity leader position\t\t\t<\/a>\n\t\t<\/h2>\n\t\t\t\t<div class=\"elementor-post__excerpt\">\n\t\t\t<p>Job opening: Activity Leader for a Campground on Ol\u00e9ron We are looking for an activity leader for our campground located on the beautiful island of Ol\u00e9ron. Indeed, this<\/p>\n\t\t<\/div>\n\t\t\n\t\t<a class=\"elementor-post__read-more\" href=\"https:\/\/www.camping-aupigeonnier.fr\/en\/offre-demploi-animateur\/\" aria-label=\"Read more about Offre d&#8217;emploi Animateur\" tabindex=\"-1\" >\n\t\t\tRead more about\t\t<\/a>\n\n\t\t\t\t<\/div>\n\t\t\t\t<div class=\"elementor-post__meta-data\">\n\t\t\t\t\t<span class=\"elementor-post-date\">\n\t\t\tJanuary 8, 2026\t\t<\/span>\n\t\t\t\t<span class=\"elementor-post-avatar\">\n\t\t\tNo Comments\t\t<\/span>\n\t\t\t\t<\/div>\n\t\t\t\t\t<\/div>\n\t\t<\/article>\n\t\t\t\t<article class=\"elementor-post elementor-grid-item post-8932 post type-post status-publish format-standard has-post-thumbnail hentry category-recrutement\">\n\t\t\t<div class=\"elementor-post__card\">\n\t\t\t\t<a class=\"elementor-post__thumbnail__link\" href=\"https:\/\/www.camping-aupigeonnier.fr\/en\/receptionniste-camping-oleron\/\" tabindex=\"-1\" ><div class=\"elementor-post__thumbnail\"><img loading=\"lazy\" decoding=\"async\" width=\"800\" height=\"518\" src=\"https:\/\/www.camping-aupigeonnier.fr\/wp-content\/uploads\/reception.webp\" class=\"attachment-large size-large wp-image-11370\" alt=\"R\u00e9ceptionniste camping ol\u00e9ron\" srcset=\"https:\/\/www.camping-aupigeonnier.fr\/wp-content\/uploads\/reception.webp 900w, https:\/\/www.camping-aupigeonnier.fr\/wp-content\/uploads\/reception-300x194.webp 300w, https:\/\/www.camping-aupigeonnier.fr\/wp-content\/uploads\/reception-768x497.webp 768w, https:\/\/www.camping-aupigeonnier.fr\/wp-content\/uploads\/reception-18x12.webp 18w\" sizes=\"auto, (max-width: 800px) 100vw, 800px\" \/><\/div><\/a>\n\t\t\t\t<div class=\"elementor-post__badge\">Recrutement<\/div>\n\t\t\t\t<div class=\"elementor-post__avatar\">\n\t\t\t\t\t<\/div>\n\t\t\t\t<div class=\"elementor-post__text\">\n\t\t\t\t<h2 class=\"elementor-post__title\">\n\t\t\t<a href=\"https:\/\/www.camping-aupigeonnier.fr\/en\/receptionniste-camping-oleron\/\" >\n\t\t\t\tJob opening: Receptionist position\t\t\t<\/a>\n\t\t<\/h2>\n\t\t\t\t<div class=\"elementor-post__excerpt\">\n\t\t\t<p>Job opening: Campground Receptionist on Ol\u00e9ron We are looking for a Campground Receptionist for our property located<\/p>\n\t\t<\/div>\n\t\t\n\t\t<a class=\"elementor-post__read-more\" href=\"https:\/\/www.camping-aupigeonnier.fr\/en\/receptionniste-camping-oleron\/\" aria-label=\"Read more about Offre d&#8217;emploi R\u00e9ceptionniste\" tabindex=\"-1\" >\n\t\t\tRead more about\t\t<\/a>\n\n\t\t\t\t<\/div>\n\t\t\t\t<div class=\"elementor-post__meta-data\">\n\t\t\t\t\t<span class=\"elementor-post-date\">\n\t\t\tJanuary 8, 2026\t\t<\/span>\n\t\t\t\t<span class=\"elementor-post-avatar\">\n\t\t\tNo Comments\t\t<\/span>\n\t\t\t\t<\/div>\n\t\t\t\t\t<\/div>\n\t\t<\/article>\n\t\t\t\t<article class=\"elementor-post elementor-grid-item post-11403 post type-post status-publish format-standard has-post-thumbnail hentry category-recrutement\">\n\t\t\t<div class=\"elementor-post__card\">\n\t\t\t\t<a class=\"elementor-post__thumbnail__link\" href=\"https:\/\/www.camping-aupigeonnier.fr\/en\/offre-de-stage-community-manager-oleron\/\" tabindex=\"-1\" ><div class=\"elementor-post__thumbnail\"><img loading=\"lazy\" decoding=\"async\" width=\"800\" height=\"448\" src=\"https:\/\/www.camping-aupigeonnier.fr\/wp-content\/uploads\/sow-cm-900x655-1.webp\" class=\"attachment-large size-large wp-image-11454\" alt=\"Stage Community manager Ol\u00e9ron\" srcset=\"https:\/\/www.camping-aupigeonnier.fr\/wp-content\/uploads\/sow-cm-900x655-1.webp 900w, https:\/\/www.camping-aupigeonnier.fr\/wp-content\/uploads\/sow-cm-900x655-1-300x168.webp 300w, https:\/\/www.camping-aupigeonnier.fr\/wp-content\/uploads\/sow-cm-900x655-1-768x430.webp 768w, https:\/\/www.camping-aupigeonnier.fr\/wp-content\/uploads\/sow-cm-900x655-1-18x10.webp 18w\" sizes=\"auto, (max-width: 800px) 100vw, 800px\" \/><\/div><\/a>\n\t\t\t\t<div class=\"elementor-post__badge\">Recrutement<\/div>\n\t\t\t\t<div class=\"elementor-post__avatar\">\n\t\t\t\t\t<\/div>\n\t\t\t\t<div class=\"elementor-post__text\">\n\t\t\t\t<h2 class=\"elementor-post__title\">\n\t\t\t<a href=\"https:\/\/www.camping-aupigeonnier.fr\/en\/offre-de-stage-community-manager-oleron\/\" >\n\t\t\t\tOffre de stage \u2013 Community Manager Vid\u00e9o (Instagram &amp; Facebook) (Bachelor \/ Master) \u2013\u00cele d\u2019Ol\u00e9ron\t\t\t<\/a>\n\t\t<\/h2>\n\t\t\t\t<div class=\"elementor-post__excerpt\">\n\t\t\t<p>Stage Community Manager Vid\u00e9o \u2013 Instagram &#038; Facebook (Bachelor \/ Master) P\u00e9riode : de mai \u00e0 septembre 2026 (adaptable selon<\/p>\n\t\t<\/div>\n\t\t\n\t\t<a class=\"elementor-post__read-more\" href=\"https:\/\/www.camping-aupigeonnier.fr\/en\/offre-de-stage-community-manager-oleron\/\" aria-label=\"Read more about Offre de stage \u2013 Community Manager Vid\u00e9o (Instagram &amp; Facebook) (Bachelor \/ Master) \u2013\u00cele d\u2019Ol\u00e9ron\" tabindex=\"-1\" >\n\t\t\tRead more about\t\t<\/a>\n\n\t\t\t\t<\/div>\n\t\t\t\t<div class=\"elementor-post__meta-data\">\n\t\t\t\t\t<span class=\"elementor-post-date\">\n\t\t\tJanuary 8, 2026\t\t<\/span>\n\t\t\t\t<span class=\"elementor-post-avatar\">\n\t\t\tNo Comments\t\t<\/span>\n\t\t\t\t<\/div>\n\t\t\t\t\t<\/div>\n\t\t<\/article>\n\t\t\t\t<article class=\"elementor-post elementor-grid-item post-11392 post type-post status-publish format-standard has-post-thumbnail hentry category-recrutement\">\n\t\t\t<div class=\"elementor-post__card\">\n\t\t\t\t<a class=\"elementor-post__thumbnail__link\" href=\"https:\/\/www.camping-aupigeonnier.fr\/en\/offre-de-stage-community-manager-drone\/\" tabindex=\"-1\" ><div class=\"elementor-post__thumbnail\"><img loading=\"lazy\" decoding=\"async\" width=\"800\" height=\"533\" src=\"https:\/\/www.camping-aupigeonnier.fr\/wp-content\/uploads\/Offrestage-communitymanagerdrone.webp\" class=\"attachment-large size-large wp-image-11412\" alt=\"Stage community manager Drone\" srcset=\"https:\/\/www.camping-aupigeonnier.fr\/wp-content\/uploads\/Offrestage-communitymanagerdrone.webp 900w, https:\/\/www.camping-aupigeonnier.fr\/wp-content\/uploads\/Offrestage-communitymanagerdrone-300x200.webp 300w, https:\/\/www.camping-aupigeonnier.fr\/wp-content\/uploads\/Offrestage-communitymanagerdrone-768x512.webp 768w, https:\/\/www.camping-aupigeonnier.fr\/wp-content\/uploads\/Offrestage-communitymanagerdrone-18x12.webp 18w\" sizes=\"auto, (max-width: 800px) 100vw, 800px\" \/><\/div><\/a>\n\t\t\t\t<div class=\"elementor-post__badge\">Recrutement<\/div>\n\t\t\t\t<div class=\"elementor-post__avatar\">\n\t\t\t\t\t<\/div>\n\t\t\t\t<div class=\"elementor-post__text\">\n\t\t\t\t<h2 class=\"elementor-post__title\">\n\t\t\t<a href=\"https:\/\/www.camping-aupigeonnier.fr\/en\/offre-de-stage-community-manager-drone\/\" >\n\t\t\t\tOffre de stage \u2013 Community Manager Vid\u00e9o drone (Instagram &amp;Facebook) \u2013 \u00cele d\u2019Ol\u00e9ron\t\t\t<\/a>\n\t\t<\/h2>\n\t\t\t\t<div class=\"elementor-post__excerpt\">\n\t\t\t<p>Offre de stage \u2013 Community Manager Vid\u00e9o (Instagram &#038; Facebook) et pilotage de Drone P\u00e9riode : de mai \u00e0 septembre<\/p>\n\t\t<\/div>\n\t\t\n\t\t<a class=\"elementor-post__read-more\" href=\"https:\/\/www.camping-aupigeonnier.fr\/en\/offre-de-stage-community-manager-drone\/\" aria-label=\"Read more about Offre de stage \u2013 Community Manager Vid\u00e9o drone (Instagram &amp;Facebook) \u2013 \u00cele d\u2019Ol\u00e9ron\" tabindex=\"-1\" >\n\t\t\tRead more about\t\t<\/a>\n\n\t\t\t\t<\/div>\n\t\t\t\t<div class=\"elementor-post__meta-data\">\n\t\t\t\t\t<span class=\"elementor-post-date\">\n\t\t\tJanuary 8, 2026\t\t<\/span>\n\t\t\t\t<span class=\"elementor-post-avatar\">\n\t\t\tNo Comments\t\t<\/span>\n\t\t\t\t<\/div>\n\t\t\t\t\t<\/div>\n\t\t<\/article>\n\t\t\t\t<article class=\"elementor-post elementor-grid-item post-11380 post type-post status-publish format-standard has-post-thumbnail hentry category-recrutement\">\n\t\t\t<div class=\"elementor-post__card\">\n\t\t\t\t<a class=\"elementor-post__thumbnail__link\" href=\"https:\/\/www.camping-aupigeonnier.fr\/en\/offre-de-stage-receptionniste-oleron\/\" tabindex=\"-1\" ><div class=\"elementor-post__thumbnail\"><img loading=\"lazy\" decoding=\"async\" width=\"667\" height=\"900\" src=\"https:\/\/www.camping-aupigeonnier.fr\/wp-content\/uploads\/Offrestage-reception1.webp\" class=\"attachment-large size-large wp-image-11413\" alt=\"offre de Stage r\u00e9ceptionniste Ol\u00e9ron\" srcset=\"https:\/\/www.camping-aupigeonnier.fr\/wp-content\/uploads\/Offrestage-reception1.webp 667w, https:\/\/www.camping-aupigeonnier.fr\/wp-content\/uploads\/Offrestage-reception1-222x300.webp 222w, https:\/\/www.camping-aupigeonnier.fr\/wp-content\/uploads\/Offrestage-reception1-9x12.webp 9w\" sizes=\"auto, (max-width: 667px) 100vw, 667px\" \/><\/div><\/a>\n\t\t\t\t<div class=\"elementor-post__badge\">Recrutement<\/div>\n\t\t\t\t<div class=\"elementor-post__avatar\">\n\t\t\t\t\t<\/div>\n\t\t\t\t<div class=\"elementor-post__text\">\n\t\t\t\t<h2 class=\"elementor-post__title\">\n\t\t\t<a href=\"https:\/\/www.camping-aupigeonnier.fr\/en\/offre-de-stage-receptionniste-oleron\/\" >\n\t\t\t\tOffre de stage \u2013 R\u00e9ceptionniste de Camping (Bachelor \/ Master) \u2013 \u00cele d\u2019Ol\u00e9ron\t\t\t<\/a>\n\t\t<\/h2>\n\t\t\t\t<div class=\"elementor-post__excerpt\">\n\t\t\t<p>Offre de stage \u2013 R\u00e9ceptionniste de Camping (Bachelor \/ Master) P\u00e9riode : de mai \u00e0 septembre 2026 (adaptable selon calendrier<\/p>\n\t\t<\/div>\n\t\t\n\t\t<a class=\"elementor-post__read-more\" href=\"https:\/\/www.camping-aupigeonnier.fr\/en\/offre-de-stage-receptionniste-oleron\/\" aria-label=\"Read more about Offre de stage \u2013 R\u00e9ceptionniste de Camping (Bachelor \/ Master) \u2013 \u00cele d\u2019Ol\u00e9ron\" tabindex=\"-1\" >\n\t\t\tRead more about\t\t<\/a>\n\n\t\t\t\t<\/div>\n\t\t\t\t<div class=\"elementor-post__meta-data\">\n\t\t\t\t\t<span class=\"elementor-post-date\">\n\t\t\tJanuary 8, 2026\t\t<\/span>\n\t\t\t\t<span class=\"elementor-post-avatar\">\n\t\t\tNo Comments\t\t<\/span>\n\t\t\t\t<\/div>\n\t\t\t\t\t<\/div>\n\t\t<\/article>\n\t\t\t\t<\/div>\n\t\t\t\t\t<span class=\"e-load-more-spinner\">\n\t\t\t\t<i aria-hidden=\"true\" class=\"fas fa-spinner\"><\/i>\t\t\t<\/span>\n\t\t\n\t\t\t\t<\/div>\n\t\t\t\t<\/div>\n\t\t\t\t\t<\/div>\n\t\t\t\t<\/div>\n\t\t\t\t<\/div>","protected":false},"excerpt":{"rendered":"","protected":false},"author":9,"featured_media":0,"parent":0,"menu_order":0,"comment_status":"closed","ping_status":"closed","template":"","meta":{"footnotes":""},"class_list":["post-11359","page","type-page","status-publish","hentry"],"yoast_head":"<!-- This site is optimized with the Yoast SEO plugin v26.4 - https:\/\/yoast.com\/wordpress\/plugins\/seo\/ -->\n<title>Recrutement camping Ol\u00e9ron - Camping Au Pigeonnier<\/title>\n<meta name=\"description\" content=\"Retrouvez toutes nos annonces sur notre site internet. Femmes de m\u00e9nage, R\u00e9ceptionniste et Animateur pour la prochaine saison\" \/>\n<meta name=\"robots\" content=\"index, follow, max-snippet:-1, max-image-preview:large, max-video-preview:-1\" \/>\n<link rel=\"canonical\" href=\"https:\/\/www.camping-aupigeonnier.fr\/en\/recrutement-camping-oleron\/\" \/>\n<meta property=\"og:locale\" content=\"en_GB\" \/>\n<meta property=\"og:type\" content=\"article\" \/>\n<meta property=\"og:title\" content=\"Recrutement camping Ol\u00e9ron - Camping Au Pigeonnier\" \/>\n<meta property=\"og:description\" content=\"Retrouvez toutes nos annonces sur notre site internet. Femmes de m\u00e9nage, R\u00e9ceptionniste et Animateur pour la prochaine saison\" \/>\n<meta property=\"og:url\" content=\"https:\/\/www.camping-aupigeonnier.fr\/en\/recrutement-camping-oleron\/\" \/>\n<meta property=\"og:site_name\" content=\"Camping Au Pigeonnier\" \/>\n<meta property=\"article:modified_time\" content=\"2026-01-09T07:45:37+00:00\" \/>\n<meta name=\"twitter:card\" content=\"summary_large_image\" \/>\n<meta name=\"twitter:label1\" content=\"Estimated reading time\" \/>\n\t<meta name=\"twitter:data1\" content=\"3 minutes\" \/>\n<script type=\"application\/ld+json\" class=\"yoast-schema-graph\">{\"@context\":\"https:\/\/schema.org\",\"@graph\":[{\"@type\":\"WebPage\",\"@id\":\"https:\/\/www.camping-aupigeonnier.fr\/recrutement-camping-oleron\/\",\"url\":\"https:\/\/www.camping-aupigeonnier.fr\/recrutement-camping-oleron\/\",\"name\":\"Recrutement camping Ol\u00e9ron - Camping Au Pigeonnier\",\"isPartOf\":{\"@id\":\"https:\/\/www.camping-aupigeonnier.fr\/#website\"},\"datePublished\":\"2026-01-09T07:29:50+00:00\",\"dateModified\":\"2026-01-09T07:45:37+00:00\",\"description\":\"Retrouvez toutes nos annonces sur notre site internet. Femmes de m\u00e9nage, R\u00e9ceptionniste et Animateur pour la prochaine saison\",\"breadcrumb\":{\"@id\":\"https:\/\/www.camping-aupigeonnier.fr\/recrutement-camping-oleron\/#breadcrumb\"},\"inLanguage\":\"en-GB\",\"potentialAction\":[{\"@type\":\"ReadAction\",\"target\":[\"https:\/\/www.camping-aupigeonnier.fr\/recrutement-camping-oleron\/\"]}]},{\"@type\":\"BreadcrumbList\",\"@id\":\"https:\/\/www.camping-aupigeonnier.fr\/recrutement-camping-oleron\/#breadcrumb\",\"itemListElement\":[{\"@type\":\"ListItem\",\"position\":1,\"name\":\"Home\",\"item\":\"https:\/\/www.camping-aupigeonnier.fr\/\"},{\"@type\":\"ListItem\",\"position\":2,\"name\":\"Recrutement\"}]},{\"@type\":\"WebSite\",\"@id\":\"https:\/\/www.camping-aupigeonnier.fr\/#website\",\"url\":\"https:\/\/www.camping-aupigeonnier.fr\/\",\"name\":\"Camping Au Pigeonnier\",\"description\":\"Camping Au Pigeonnier\",\"publisher\":{\"@id\":\"https:\/\/www.camping-aupigeonnier.fr\/#organization\"},\"potentialAction\":[{\"@type\":\"SearchAction\",\"target\":{\"@type\":\"EntryPoint\",\"urlTemplate\":\"https:\/\/www.camping-aupigeonnier.fr\/?s={search_term_string}\"},\"query-input\":{\"@type\":\"PropertyValueSpecification\",\"valueRequired\":true,\"valueName\":\"search_term_string\"}}],\"inLanguage\":\"en-GB\"},{\"@type\":\"Organization\",\"@id\":\"https:\/\/www.camping-aupigeonnier.fr\/#organization\",\"name\":\"Camping Au Pigeonnier\",\"url\":\"https:\/\/www.camping-aupigeonnier.fr\/\",\"logo\":{\"@type\":\"ImageObject\",\"inLanguage\":\"en-GB\",\"@id\":\"https:\/\/www.camping-aupigeonnier.fr\/#\/schema\/logo\/image\/\",\"url\":\"https:\/\/www.camping-aupigeonnier.fr\/wp-content\/uploads\/cap-cap-logo_icone-512x512-1.png\",\"contentUrl\":\"https:\/\/www.camping-aupigeonnier.fr\/wp-content\/uploads\/cap-cap-logo_icone-512x512-1.png\",\"width\":512,\"height\":512,\"caption\":\"Camping Au Pigeonnier\"},\"image\":{\"@id\":\"https:\/\/www.camping-aupigeonnier.fr\/#\/schema\/logo\/image\/\"}}]}<\/script>\n<!-- \/ Yoast SEO plugin. -->","yoast_head_json":{"title":"Recrutement camping Ol\u00e9ron - Camping Au Pigeonnier","description":"Retrouvez toutes nos annonces sur notre site internet. Femmes de m\u00e9nage, R\u00e9ceptionniste et Animateur pour la prochaine saison","robots":{"index":"index","follow":"follow","max-snippet":"max-snippet:-1","max-image-preview":"max-image-preview:large","max-video-preview":"max-video-preview:-1"},"canonical":"https:\/\/www.camping-aupigeonnier.fr\/en\/recrutement-camping-oleron\/","og_locale":"en_GB","og_type":"article","og_title":"Recrutement camping Ol\u00e9ron - Camping Au Pigeonnier","og_description":"Retrouvez toutes nos annonces sur notre site internet. Femmes de m\u00e9nage, R\u00e9ceptionniste et Animateur pour la prochaine saison","og_url":"https:\/\/www.camping-aupigeonnier.fr\/en\/recrutement-camping-oleron\/","og_site_name":"Camping Au Pigeonnier","article_modified_time":"2026-01-09T07:45:37+00:00","twitter_card":"summary_large_image","twitter_misc":{"Estimated reading time":"3 minutes"},"schema":{"@context":"https:\/\/schema.org","@graph":[{"@type":"WebPage","@id":"https:\/\/www.camping-aupigeonnier.fr\/recrutement-camping-oleron\/","url":"https:\/\/www.camping-aupigeonnier.fr\/recrutement-camping-oleron\/","name":"Recrutement camping Ol\u00e9ron - Camping Au Pigeonnier","isPartOf":{"@id":"https:\/\/www.camping-aupigeonnier.fr\/#website"},"datePublished":"2026-01-09T07:29:50+00:00","dateModified":"2026-01-09T07:45:37+00:00","description":"Retrouvez toutes nos annonces sur notre site internet. Femmes de m\u00e9nage, R\u00e9ceptionniste et Animateur pour la prochaine saison","breadcrumb":{"@id":"https:\/\/www.camping-aupigeonnier.fr\/recrutement-camping-oleron\/#breadcrumb"},"inLanguage":"en-GB","potentialAction":[{"@type":"ReadAction","target":["https:\/\/www.camping-aupigeonnier.fr\/recrutement-camping-oleron\/"]}]},{"@type":"BreadcrumbList","@id":"https:\/\/www.camping-aupigeonnier.fr\/recrutement-camping-oleron\/#breadcrumb","itemListElement":[{"@type":"ListItem","position":1,"name":"Home","item":"https:\/\/www.camping-aupigeonnier.fr\/"},{"@type":"ListItem","position":2,"name":"Recrutement"}]},{"@type":"WebSite","@id":"https:\/\/www.camping-aupigeonnier.fr\/#website","url":"https:\/\/www.camping-aupigeonnier.fr\/","name":"Camping Au Pigeonnier","description":"Camping Au Pigeonnier","publisher":{"@id":"https:\/\/www.camping-aupigeonnier.fr\/#organization"},"potentialAction":[{"@type":"SearchAction","target":{"@type":"EntryPoint","urlTemplate":"https:\/\/www.camping-aupigeonnier.fr\/?s={search_term_string}"},"query-input":{"@type":"PropertyValueSpecification","valueRequired":true,"valueName":"search_term_string"}}],"inLanguage":"en-GB"},{"@type":"Organization","@id":"https:\/\/www.camping-aupigeonnier.fr\/#organization","name":"Camping Au Pigeonnier","url":"https:\/\/www.camping-aupigeonnier.fr\/","logo":{"@type":"ImageObject","inLanguage":"en-GB","@id":"https:\/\/www.camping-aupigeonnier.fr\/#\/schema\/logo\/image\/","url":"https:\/\/www.camping-aupigeonnier.fr\/wp-content\/uploads\/cap-cap-logo_icone-512x512-1.png","contentUrl":"https:\/\/www.camping-aupigeonnier.fr\/wp-content\/uploads\/cap-cap-logo_icone-512x512-1.png","width":512,"height":512,"caption":"Camping Au Pigeonnier"},"image":{"@id":"https:\/\/www.camping-aupigeonnier.fr\/#\/schema\/logo\/image\/"}}]}},"_links":{"self":[{"href":"https:\/\/www.camping-aupigeonnier.fr\/en\/wp-json\/wp\/v2\/pages\/11359","targetHints":{"allow":["GET"]}}],"collection":[{"href":"https:\/\/www.camping-aupigeonnier.fr\/en\/wp-json\/wp\/v2\/pages"}],"about":[{"href":"https:\/\/www.camping-aupigeonnier.fr\/en\/wp-json\/wp\/v2\/types\/page"}],"author":[{"embeddable":true,"href":"https:\/\/www.camping-aupigeonnier.fr\/en\/wp-json\/wp\/v2\/users\/9"}],"replies":[{"embeddable":true,"href":"https:\/\/www.camping-aupigeonnier.fr\/en\/wp-json\/wp\/v2\/comments?post=11359"}],"version-history":[{"count":4,"href":"https:\/\/www.camping-aupigeonnier.fr\/en\/wp-json\/wp\/v2\/pages\/11359\/revisions"}],"predecessor-version":[{"id":11366,"href":"https:\/\/www.camping-aupigeonnier.fr\/en\/wp-json\/wp\/v2\/pages\/11359\/revisions\/11366"}],"wp:attachment":[{"href":"https:\/\/www.camping-aupigeonnier.fr\/en\/wp-json\/wp\/v2\/media?parent=11359"}],"curies":[{"name":"wp","href":"https:\/\/api.w.org\/{rel}","templated":true}]}}